{"id":17862,"date":"2026-02-27T00:36:58","date_gmt":"2026-02-27T00:36:58","guid":{"rendered":"https:\/\/nordicmart.andreevmaster.com\/product\/big-bobby-car-neo-anthrazit-2\/"},"modified":"2026-02-27T08:26:10","modified_gmt":"2026-02-27T08:26:10","slug":"big-bobby-car-neo-anthrazit-2","status":"publish","type":"product","link":"https:\/\/nordicmart.andreevmaster.com\/sv\/produkt\/big-bobby-car-neo-anthrazit-2\/","title":{"rendered":"BIG Bobby Car Neo Anthrazit"},"content":{"rendered":"<p>En sensationell produkt fr\u00e5n det v\u00e4lk\u00e4nda tyska varum\u00e4rket BIG \u2013 den ergonomiska, robusta och imponerande leksaken Big Bobby Car Neo. Leksaken \u00e4r utformad f\u00f6r sm\u00e5barn som just har b\u00f6rjat l\u00e4ra sig att g\u00e5. Den \u00e4r konstruerad s\u00e5 att de kan prova och utveckla nya f\u00e4rdigheter \u2013 att kliva p\u00e5, kliva av, skjuta ifr\u00e5n och styra.<br \/>\nEgenskaper:<br \/>\n* &#8211; styrbara, tysta hjul,<br \/>\n* &#8211; v\u00e4lformad, s\u00e4ker ratt med tuta,<br \/>\n* &#8211; l\u00e5g tyngdpunkt,<br \/>\n* &#8211; dragkrok fram och sl\u00e4pvagnskrok bak, mer benutrymme,<br \/>\n* &#8211; dessutom \u00e4r framhjulen sv\u00e4ngbara f\u00f6r bekv\u00e4mare styrning och sv\u00e4ngning,* &#8211; s\u00e4tet har en grov yta som f\u00f6rhindrar att man halkar och \u00f6kar s\u00e4kerheten,<br \/>\n* &#8211; de yngsta barnen kan s\u00e4tta f\u00f6tterna p\u00e5 hjulhusen och \u00e5ka med hj\u00e4lp av sina f\u00f6r\u00e4ldrar, och sedan b\u00f6rja skjuta ifr\u00e5n och r\u00f6ra sig p\u00e5 egen hand,<br \/>\n* &#8211; setet inneh\u00e5ller tv\u00e5 par f\u00e4lgar och en tuta i tv\u00e5 f\u00e4rger: bl\u00e5 och rosa.<\/p>\n<p>BIG tillh\u00f6r den stora Simba Dickie-koncernen \u2013 Sortimentet omfattar ett brett utbud av innovativa leksaker som stimulerar barns motoriska utveckling. BIG-produkterna erbjuder m\u00e5nga lekm\u00f6jligheter. Sortimentet omfattar bilar, \u00e5kleksaker, gungh\u00e4star, traktorer, b\u00e5tar, rutschkanor, flytande leksaker och sandl\u00e5dor. BIG-leksakerna \u00e4r av mycket h\u00f6g kvalitet. De tillverkas i Tyskland av h\u00f6gkvalitativa UV-best\u00e4ndiga material. S\u00e4kerheten hos v\u00e5ra leksaker garanteras och bekr\u00e4ftas av LGA\/T\u00dcV-tester.<\/p>\n","protected":false},"excerpt":{"rendered":"<p>En sensationell produkt fr\u00e5n det v\u00e4lk\u00e4nda tyska varum\u00e4rket BIG \u2013 den ergonomiska, robusta och imponerande leksaken Big Bobby Car Neo. Leksaken \u00e4r utformad f\u00f6r sm\u00e5barn som just har b\u00f6rjat l\u00e4ra sig att g\u00e5. Den \u00e4r konstruerad s\u00e5 att de kan prova och utveckla nya f\u00e4rdigheter \u2013 att kliva p\u00e5, kliva av, skjuta ifr\u00e5n och styra. [&hellip;]<\/p>\n","protected":false},"featured_media":0,"comment_status":"open","ping_status":"closed","template":"","meta":[],"product_brand":[],"product_cat":[33],"product_tag":[],"class_list":{"0":"post-17862","1":"product","2":"type-product","3":"status-publish","5":"product_cat-okategoriserad","7":"first","8":"instock","9":"shipping-taxable","10":"purchasable","11":"product-type-simple"},"_links":{"self":[{"href":"https:\/\/nordicmart.andreevmaster.com\/sv\/wp-json\/wp\/v2\/product\/17862","targetHints":{"allow":["GET"]}}],"collection":[{"href":"https:\/\/nordicmart.andreevmaster.com\/sv\/wp-json\/wp\/v2\/product"}],"about":[{"href":"https:\/\/nordicmart.andreevmaster.com\/sv\/wp-json\/wp\/v2\/types\/product"}],"replies":[{"embeddable":true,"href":"https:\/\/nordicmart.andreevmaster.com\/sv\/wp-json\/wp\/v2\/comments?post=17862"}],"wp:attachment":[{"href":"https:\/\/nordicmart.andreevmaster.com\/sv\/wp-json\/wp\/v2\/media?parent=17862"}],"wp:term":[{"taxonomy":"product_brand","embeddable":true,"href":"https:\/\/nordicmart.andreevmaster.com\/sv\/wp-json\/wp\/v2\/product_brand?post=17862"},{"taxonomy":"product_cat","embeddable":true,"href":"https:\/\/nordicmart.andreevmaster.com\/sv\/wp-json\/wp\/v2\/product_cat?post=17862"},{"taxonomy":"product_tag","embeddable":true,"href":"https:\/\/nordicmart.andreevmaster.com\/sv\/wp-json\/wp\/v2\/product_tag?post=17862"}],"curies":[{"name":"wp","href":"https:\/\/api.w.org\/{rel}","templated":true}]}}