{"id":17860,"date":"2026-02-27T00:36:58","date_gmt":"2026-02-27T00:36:58","guid":{"rendered":"https:\/\/nordicmart.andreevmaster.com\/product\/big-bobby-car-neo-red-2\/"},"modified":"2026-02-27T08:26:09","modified_gmt":"2026-02-27T08:26:09","slug":"big-bobby-car-neo-red-2","status":"publish","type":"product","link":"https:\/\/nordicmart.andreevmaster.com\/sv\/produkt\/big-bobby-car-neo-red-2\/","title":{"rendered":"BIG Bobby Car Neo Red"},"content":{"rendered":"<p>BIG:s flaggskeppsprodukt \u2013 den ergonomiska, robusta och imponerande Big Bobby Car-leksaken. Leksaken \u00e4r utformad f\u00f6r sm\u00e5barn som redan har tagit sina f\u00f6rsta steg. Den \u00e4r konstruerad s\u00e5 att de kan prova och utveckla nya f\u00e4rdigheter \u2013 att kliva p\u00e5, kliva av, skjuta ifr\u00e5n och styra.Tillverkaren erbjuder styrbara, tysta hjul, ett v\u00e4lformat, s\u00e4kert ratt med tuta, l\u00e5g tyngdpunkt, dragkrok fram och sl\u00e4pvagnskrok bak, mer benutrymme och kn\u00e4st\u00f6d f\u00f6r \u00e4ldre barn j\u00e4mf\u00f6rt med Classic-versionen. Dessutom \u00e4r framhjulen sv\u00e4ngbara f\u00f6r bekv\u00e4mare styrning och sv\u00e4ngning.<\/p>\n<p>Egenskaper:<\/p>\n<p>* den h\u00e5llbara konstruktionen av \u00e5kleksaken garanterar l\u00e5ng livsl\u00e4ngd,<br \/>\n* \u00e5kleksaken har speciella tysta gummihjul och ett v\u00e4lformat ratt med tuta,<br \/>\n* den \u00e4r stabil.<br \/>\n* sv\u00e4ngbara hjul garanterar utm\u00e4rkt grepp och man\u00f6vrerbarhet,<br \/>\n* maximal belastning upp till 50 kg.<\/p>\n<p>Tysk kvalitet och tillf\u00f6rlitlighet \u2013 dessa tv\u00e5 begrepp beskriver leksakstillverkaren BIG p\u00e5 ett tr\u00e4ffande s\u00e4tt. F\u00f6retaget, som ligger precis \u00f6ver den v\u00e4stra gr\u00e4nsen till v\u00e5rt land, \u00e4r specialiserat p\u00e5 ett brett utbud av leksaker. Deras \u00e5kleksaker \u00e4r s\u00e4rskilt anm\u00e4rkningsv\u00e4rda, men de erbjuder ocks\u00e5 sandl\u00e5dor och cyklar. I sortimentet ing\u00e5r \u00e4ven byggklossar, olika gungor, pulkor och andra leksaker.<\/p>\n","protected":false},"excerpt":{"rendered":"<p>BIG:s flaggskeppsprodukt \u2013 den ergonomiska, robusta och imponerande Big Bobby Car-leksaken. Leksaken \u00e4r utformad f\u00f6r sm\u00e5barn som redan har tagit sina f\u00f6rsta steg. Den \u00e4r konstruerad s\u00e5 att de kan prova och utveckla nya f\u00e4rdigheter \u2013 att kliva p\u00e5, kliva av, skjuta ifr\u00e5n och styra.Tillverkaren erbjuder styrbara, tysta hjul, ett v\u00e4lformat, s\u00e4kert ratt med tuta, [&hellip;]<\/p>\n","protected":false},"featured_media":0,"comment_status":"open","ping_status":"closed","template":"","meta":[],"product_brand":[],"product_cat":[33],"product_tag":[],"class_list":{"0":"post-17860","1":"product","2":"type-product","3":"status-publish","5":"product_cat-okategoriserad","7":"first","8":"instock","9":"shipping-taxable","10":"purchasable","11":"product-type-simple"},"_links":{"self":[{"href":"https:\/\/nordicmart.andreevmaster.com\/sv\/wp-json\/wp\/v2\/product\/17860","targetHints":{"allow":["GET"]}}],"collection":[{"href":"https:\/\/nordicmart.andreevmaster.com\/sv\/wp-json\/wp\/v2\/product"}],"about":[{"href":"https:\/\/nordicmart.andreevmaster.com\/sv\/wp-json\/wp\/v2\/types\/product"}],"replies":[{"embeddable":true,"href":"https:\/\/nordicmart.andreevmaster.com\/sv\/wp-json\/wp\/v2\/comments?post=17860"}],"wp:attachment":[{"href":"https:\/\/nordicmart.andreevmaster.com\/sv\/wp-json\/wp\/v2\/media?parent=17860"}],"wp:term":[{"taxonomy":"product_brand","embeddable":true,"href":"https:\/\/nordicmart.andreevmaster.com\/sv\/wp-json\/wp\/v2\/product_brand?post=17860"},{"taxonomy":"product_cat","embeddable":true,"href":"https:\/\/nordicmart.andreevmaster.com\/sv\/wp-json\/wp\/v2\/product_cat?post=17860"},{"taxonomy":"product_tag","embeddable":true,"href":"https:\/\/nordicmart.andreevmaster.com\/sv\/wp-json\/wp\/v2\/product_tag?post=17860"}],"curies":[{"name":"wp","href":"https:\/\/api.w.org\/{rel}","templated":true}]}}