{"id":17859,"date":"2026-02-27T00:36:57","date_gmt":"2026-02-27T00:36:57","guid":{"rendered":"https:\/\/nordicmart.andreevmaster.com\/product\/big-bobby-car-classic-akleksak-med-tuta-och-ljus\/"},"modified":"2026-02-27T08:26:09","modified_gmt":"2026-02-27T08:26:09","slug":"big-bobby-car-classic-akleksak-med-tuta-och-ljus","status":"publish","type":"product","link":"https:\/\/nordicmart.andreevmaster.com\/sv\/produkt\/big-bobby-car-classic-akleksak-med-tuta-och-ljus\/","title":{"rendered":"BIG Bobby Car Classic \u00e5kleksak med tuta och ljus"},"content":{"rendered":"<p>BIG Bobby Car LUMI \u00e5kleksak med tuta och LED-belysning En klassiker i ny tappning! M\u00f6t Bobby Car LUMI \u2013 den ikoniska \u00e5kleksaken fr\u00e5n det v\u00e4lk\u00e4nda varum\u00e4rket BIG, nu i en modern version med imponerande LED-belysning. Detta ergonomiska och h\u00e5llbara fordon i klarr\u00f6tt \u00e4r i\u00f6gonfallande och v\u00e4cker barns fantasi. \u00c5kleksaken \u00e4r utformad f\u00f6r bekv\u00e4m lek och \u00e4r utrustad med en ratt med tuta och en konturerad sits. Det \u00e4r inte bara ett fordon \u2013 det \u00e4r det f\u00f6rsta transportmedlet f\u00f6r din lilla uppt\u00e4cktsresande!<\/p>\n<p>Funktioner:<\/p>\n<p>* \u00e5kleksaken \u00e4r utrustad med ett ratt med tuta,<br \/>\n* LED-belysning med olika l\u00e4gen: &#8211; kontinuerligt ljus &#8211; blinkande ljus &#8211; automatisk avst\u00e4ngning efter 10 minuter.* L\u00e5g tyngdpunkt garanterar stabilitet och s\u00e4kerhet n\u00e4r barnet l\u00e4r sig att k\u00f6ra,<br \/>\n* leksaksbilen \u00e4r utrustad med tysta hjul som fungerar perfekt p\u00e5 olika underlag,<br \/>\n* sv\u00e4ngbara framhjul f\u00f6r enkel man\u00f6vrering och bekv\u00e4m k\u00f6rning,<br \/>\n* draghandtag fram och sl\u00e4pvagnskrok bak.<br \/>\n* Det konturerade s\u00e4tet \u00e4r 20 cm h\u00f6gt.* Maximal lastkapacitet \u00e4r 50 kg,<br \/>\n* Leksaken \u00e4r avsedd f\u00f6r barn fr\u00e5n 12 m\u00e5naders \u00e5lder.* Tillverkad i Tyskland \u2013 en garanti f\u00f6r kvalitet och h\u00e5llbarhet,<br \/>\n* Produkten kr\u00e4ver delvis montering,<br \/>\n* 3&#215;1,5V AAA-batterier ing\u00e5r<\/p>\n<p>Leksaken \u00e4r \u00e4ven kompatibel med:<\/p>\n<p>Handtag f\u00f6r leksak<\/p>\n<p>St\u00e5ng f\u00f6r leksak<\/p>\n<p>Ljudratt<\/p>\n<p>Registreringsskylt + k\u00f6rkortk\u00f6rkort<\/p>\n<p>Draglina<\/p>\n<p>Svarta skoskydd<\/p>\n<p>Rosa skoskydd<\/p>\n<p>Bl\u00e5 skoskydd<\/p>\n<p>R\u00f6da skoskydd<\/p>\n<p>Tut f\u00f6r \u00e5kleksak<\/p>\n<p>Polisljus f\u00f6r styret<\/p>\n<p>Ljudratt<\/p>\n<p>BIG tillh\u00f6r den stora Simba Dickie-koncernen. Sortimentet omfattar en m\u00e4ngd innovativa leksaker som stimulerar barns motoriska utveckling. BIG-produkterna erbjuder m\u00e5nga lekm\u00f6jligheter. De omfattar bilar, \u00e5kleksaker, gungh\u00e4star, traktorer, b\u00e5tar, rutschkanor, flytande leksaker och sandl\u00e5dor. BIG-leksakerna \u00e4r av mycket h\u00f6g kvalitet. De tillverkas i Tyskland av h\u00f6gkvalitativa UV-best\u00e4ndiga material. S\u00e4kerheten hos v\u00e5ra leksaker garanteras och bekr\u00e4ftas av LGA\/T\u00dcV-tester.<\/p>\n","protected":false},"excerpt":{"rendered":"<p>BIG Bobby Car LUMI \u00e5kleksak med tuta och LED-belysning En klassiker i ny tappning! M\u00f6t Bobby Car LUMI \u2013 den ikoniska \u00e5kleksaken fr\u00e5n det v\u00e4lk\u00e4nda varum\u00e4rket BIG, nu i en modern version med imponerande LED-belysning. Detta ergonomiska och h\u00e5llbara fordon i klarr\u00f6tt \u00e4r i\u00f6gonfallande och v\u00e4cker barns fantasi. \u00c5kleksaken \u00e4r utformad f\u00f6r bekv\u00e4m lek och [&hellip;]<\/p>\n","protected":false},"featured_media":0,"comment_status":"open","ping_status":"closed","template":"","meta":[],"product_brand":[],"product_cat":[33],"product_tag":[],"class_list":{"0":"post-17859","1":"product","2":"type-product","3":"status-publish","5":"product_cat-okategoriserad","7":"first","8":"instock","9":"shipping-taxable","10":"purchasable","11":"product-type-simple"},"_links":{"self":[{"href":"https:\/\/nordicmart.andreevmaster.com\/sv\/wp-json\/wp\/v2\/product\/17859","targetHints":{"allow":["GET"]}}],"collection":[{"href":"https:\/\/nordicmart.andreevmaster.com\/sv\/wp-json\/wp\/v2\/product"}],"about":[{"href":"https:\/\/nordicmart.andreevmaster.com\/sv\/wp-json\/wp\/v2\/types\/product"}],"replies":[{"embeddable":true,"href":"https:\/\/nordicmart.andreevmaster.com\/sv\/wp-json\/wp\/v2\/comments?post=17859"}],"wp:attachment":[{"href":"https:\/\/nordicmart.andreevmaster.com\/sv\/wp-json\/wp\/v2\/media?parent=17859"}],"wp:term":[{"taxonomy":"product_brand","embeddable":true,"href":"https:\/\/nordicmart.andreevmaster.com\/sv\/wp-json\/wp\/v2\/product_brand?post=17859"},{"taxonomy":"product_cat","embeddable":true,"href":"https:\/\/nordicmart.andreevmaster.com\/sv\/wp-json\/wp\/v2\/product_cat?post=17859"},{"taxonomy":"product_tag","embeddable":true,"href":"https:\/\/nordicmart.andreevmaster.com\/sv\/wp-json\/wp\/v2\/product_tag?post=17859"}],"curies":[{"name":"wp","href":"https:\/\/api.w.org\/{rel}","templated":true}]}}