{"id":17858,"date":"2026-02-27T00:36:57","date_gmt":"2026-02-27T00:36:57","guid":{"rendered":"https:\/\/nordicmart.andreevmaster.com\/product\/big-blue-bobby-car-classic-ride-on-toy-2\/"},"modified":"2026-02-27T08:26:09","modified_gmt":"2026-02-27T08:26:09","slug":"big-blue-bobby-car-classic-ride-on-toy-2","status":"publish","type":"product","link":"https:\/\/nordicmart.andreevmaster.com\/sv\/produkt\/big-blue-bobby-car-classic-ride-on-toy-2\/","title":{"rendered":"BIG Blue Bobby Car Classic Ride-On Toy"},"content":{"rendered":"<p>BIG Bobby Car Classic Blue Ride-On Perfekt f\u00f6r de yngsta f\u00f6rarna! BIG Bobby Car Classic i ljusbl\u00e5tt \u00e4r en stabil och smidig \u00e5kleksak som st\u00f6der ditt barns motoriska utveckling. Satsen inneh\u00e5ller en praktisk g\u00e5stol som ocks\u00e5 fungerar som ryggst\u00f6d, vilket garanterar komfort och s\u00e4kerhet f\u00f6r sm\u00e5barn under deras f\u00f6rsta f\u00f6rs\u00f6k att g\u00e5 och \u00e5ka. Med sina pastellgr\u00f6na detaljer och robusta konstruktion kommer denna modell att gl\u00e4dja b\u00e5de flickor och pojkar. <\/p>\n<p>### Egenskaper: <\/p>\n<p>* &#8211; \u00c5lder: 12 m\u00e5nader<br \/>\n* &#8211; S\u00e4ker \u00e5kning \u2013 ergonomisk design, brett s\u00e4te och mekanisk tuta.* &#8211; Praktisk g\u00e5stol \u2013 ger ryggst\u00f6d och st\u00f6d f\u00f6r ditt barn. * &#8211; H\u00e5llbarhet och stabilitet \u2013 robust, UV-best\u00e4ndig plast, testad av T\u00dcV. * &#8211; Maximal belastning: 50 kg \u2013 l\u00e5ng livsl\u00e4ngd.* &#8211; Utbyggbar \u2013 kopplingar fram och bak f\u00f6r att f\u00e4sta en sl\u00e4pvagn eller ett skjutleksak.<br \/>\n* &#8211; Enkel montering \u2013 l\u00e5smekanism och ryggst\u00f6d kan monteras med n\u00e5gra enkla steg.<\/p>\n<p>Leksaken utvecklar:<\/p>\n<p>* &#8211; Grov- och finmotorik: att \u00e5ka p\u00e5 leksaken st\u00f6der utvecklingen av ben- och armmuskler, engagerar barnet i fysisk aktivitet och f\u00f6rb\u00e4ttrar motorisk koordination.* &#8211; Motorisk koordination: genom att skjuta och styra leksaken utvecklar barnet balans, koordination och motorik. * &#8211; Sj\u00e4lvf\u00f6rtroende och sj\u00e4lvst\u00e4ndighet: det uppmuntrar barnet att leka sj\u00e4lvst\u00e4ndigt, vilket utvecklar en k\u00e4nsla av sj\u00e4lvst\u00e4ndighet och trygghet i r\u00f6relserna. * &#8211; Social utveckling: att leka med leksaken och interagera med kamrater hj\u00e4lper till att utveckla sociala f\u00e4rdigheter och fantasi.* &#8211; Manuella f\u00e4rdigheter: genom att man\u00f6vrera de mekaniska delarna p\u00e5 leksaken, s\u00e5som tutan, \u00f6var barnet p\u00e5 manuella f\u00e4rdigheter och precision. BIG Bobby Car Classic \u00e4r en utm\u00e4rkt leksak som inte bara ger k\u00f6rgl\u00e4dje, utan ocks\u00e5 st\u00f6der barnets fysiska, emotionella och sociala utveckling. Tack vare sin funktionalitet och solida konstruktion kommer den att f\u00f6lja ditt barn under l\u00e5ng tid och st\u00f6dja det i n\u00e4sta utvecklingsfas.<\/p>\n","protected":false},"excerpt":{"rendered":"<p>BIG Bobby Car Classic Blue Ride-On Perfekt f\u00f6r de yngsta f\u00f6rarna! BIG Bobby Car Classic i ljusbl\u00e5tt \u00e4r en stabil och smidig \u00e5kleksak som st\u00f6der ditt barns motoriska utveckling. Satsen inneh\u00e5ller en praktisk g\u00e5stol som ocks\u00e5 fungerar som ryggst\u00f6d, vilket garanterar komfort och s\u00e4kerhet f\u00f6r sm\u00e5barn under deras f\u00f6rsta f\u00f6rs\u00f6k att g\u00e5 och \u00e5ka. Med [&hellip;]<\/p>\n","protected":false},"featured_media":0,"comment_status":"open","ping_status":"closed","template":"","meta":[],"product_brand":[],"product_cat":[33],"product_tag":[],"class_list":{"0":"post-17858","1":"product","2":"type-product","3":"status-publish","5":"product_cat-okategoriserad","7":"first","8":"instock","9":"shipping-taxable","10":"purchasable","11":"product-type-simple"},"_links":{"self":[{"href":"https:\/\/nordicmart.andreevmaster.com\/sv\/wp-json\/wp\/v2\/product\/17858","targetHints":{"allow":["GET"]}}],"collection":[{"href":"https:\/\/nordicmart.andreevmaster.com\/sv\/wp-json\/wp\/v2\/product"}],"about":[{"href":"https:\/\/nordicmart.andreevmaster.com\/sv\/wp-json\/wp\/v2\/types\/product"}],"replies":[{"embeddable":true,"href":"https:\/\/nordicmart.andreevmaster.com\/sv\/wp-json\/wp\/v2\/comments?post=17858"}],"wp:attachment":[{"href":"https:\/\/nordicmart.andreevmaster.com\/sv\/wp-json\/wp\/v2\/media?parent=17858"}],"wp:term":[{"taxonomy":"product_brand","embeddable":true,"href":"https:\/\/nordicmart.andreevmaster.com\/sv\/wp-json\/wp\/v2\/product_brand?post=17858"},{"taxonomy":"product_cat","embeddable":true,"href":"https:\/\/nordicmart.andreevmaster.com\/sv\/wp-json\/wp\/v2\/product_cat?post=17858"},{"taxonomy":"product_tag","embeddable":true,"href":"https:\/\/nordicmart.andreevmaster.com\/sv\/wp-json\/wp\/v2\/product_tag?post=17858"}],"curies":[{"name":"wp","href":"https:\/\/api.w.org\/{rel}","templated":true}]}}