{"id":17857,"date":"2026-02-27T00:36:57","date_gmt":"2026-02-27T00:36:57","guid":{"rendered":"https:\/\/nordicmart.andreevmaster.com\/product\/big-bobby-car-classic-dinosaur-ride-on-2\/"},"modified":"2026-02-27T08:26:09","modified_gmt":"2026-02-27T08:26:09","slug":"big-bobby-car-classic-dinosaur-ride-on-2","status":"publish","type":"product","link":"https:\/\/nordicmart.andreevmaster.com\/sv\/produkt\/big-bobby-car-classic-dinosaur-ride-on-2\/","title":{"rendered":"Big Bobby Car Classic Dinosaur Ride-On"},"content":{"rendered":"<p>Bobby Car Classic Big Ride-On Dinosaur \u00e4r ett unikt fordon f\u00f6r barn som kombinerar h\u00e5llbarhet, funktionalitet och en fascinerande design. Med sin gr\u00f6na och svarta f\u00e4rgskala och charmiga klisterm\u00e4rken med f\u00f6rhistoriska dinosaurier som T-Rex, triceratops och brachiosaurus kommer denna \u00e5kleksak att bli det favoritfordonet f\u00f6r sm\u00e5 \u00e4ventyrare. BIG Bobby Car Classic Dino \u00e4r designad f\u00f6r barn fr\u00e5n 12 m\u00e5nader och kombinerar stort n\u00f6je med omsorg om de sm\u00e5s s\u00e4kerhet och utveckling. <\/p>\n<p>Egenskaper: <\/p>\n<p>* &#8211; \u00c5lder: 12 m\u00e5nader<br \/>\n* &#8211; S\u00e4ker k\u00f6rning: Ergonomisk design och ett s\u00e4kert ratt med mekanisk tuta garanterar komfort och s\u00e4kerhet under k\u00f6rning.* &#8211; Multifunktionalitet: Produkten \u00e4r l\u00e4mplig f\u00f6r b\u00e5de inomhus- och utomhusbruk. Den \u00e4r perfekt f\u00f6r tr\u00e4dg\u00e5rden eller hemma. * &#8211; Exceptionell h\u00e5llbarhet: Tillverkad av \u00e5tervinningsbar plast, UV-best\u00e4ndig, l\u00e4tt att reng\u00f6ra. * &#8211; Stabilitet och komfort: Det ergonomiska s\u00e4tet med kn\u00e4utsk\u00e4rning garanterar komfort och stabilitet, och de originella BIG Bobbycar-hjulen \u00e4r exceptionellt h\u00e5llbara.* &#8211; Utbyggbar: Tack vare kopplingar fram och bak kan leksaken ut\u00f6kas med en sl\u00e4pvagn eller en dragst\u00e5ng, vilket \u00f6kar fordonets funktionalitet och g\u00f6r det \u00e4nnu roligare. Leksaken utvecklar: * &#8211; Fin- och grovmotorik: Att k\u00f6ra BIG Bobby Car Classic Dino st\u00f6der utvecklingen av ben- och armmusklerna och engagerar barnet i fysisk aktivitet.* &#8211; Motorisk koordination: Att skjuta, sv\u00e4nga och styra fordonet fr\u00e4mjar utvecklingen av balans och koordination. * &#8211; Sj\u00e4lvf\u00f6rtroende och sj\u00e4lvst\u00e4ndighet: Genom att l\u00e4ra sig att k\u00f6ra sj\u00e4lvst\u00e4ndigt utvecklar barnen en k\u00e4nsla av sj\u00e4lvst\u00e4ndighet. * &#8211; Social och emotionell utveckling: Att leka med leksaken uppmuntrar interaktion med kamrater, vilket utvecklar sociala f\u00e4rdigheter och fantasi.<\/p>\n<p>BIG Bobby Car Classic Dino \u00e4r det perfekta valet f\u00f6r aktiva sm\u00e5barn som \u00e4lskar \u00e4ventyr och beh\u00f6ver ett robust, s\u00e4kert fordon. Tack vare sin exceptionella kvalitet \u201dMade in Germany\u201d, h\u00e5llbara konstruktion och funktionella detaljer kommer \u00e5kleksaken att tj\u00e4na ditt barn under l\u00e5ng tid och fr\u00e4mja dess fysiska och emotionella utveckling.<\/p>\n","protected":false},"excerpt":{"rendered":"<p>Bobby Car Classic Big Ride-On Dinosaur \u00e4r ett unikt fordon f\u00f6r barn som kombinerar h\u00e5llbarhet, funktionalitet och en fascinerande design. Med sin gr\u00f6na och svarta f\u00e4rgskala och charmiga klisterm\u00e4rken med f\u00f6rhistoriska dinosaurier som T-Rex, triceratops och brachiosaurus kommer denna \u00e5kleksak att bli det favoritfordonet f\u00f6r sm\u00e5 \u00e4ventyrare. BIG Bobby Car Classic Dino \u00e4r designad f\u00f6r [&hellip;]<\/p>\n","protected":false},"featured_media":0,"comment_status":"open","ping_status":"closed","template":"","meta":[],"product_brand":[],"product_cat":[33],"product_tag":[],"class_list":{"0":"post-17857","1":"product","2":"type-product","3":"status-publish","5":"product_cat-okategoriserad","7":"first","8":"instock","9":"shipping-taxable","10":"purchasable","11":"product-type-simple"},"_links":{"self":[{"href":"https:\/\/nordicmart.andreevmaster.com\/sv\/wp-json\/wp\/v2\/product\/17857","targetHints":{"allow":["GET"]}}],"collection":[{"href":"https:\/\/nordicmart.andreevmaster.com\/sv\/wp-json\/wp\/v2\/product"}],"about":[{"href":"https:\/\/nordicmart.andreevmaster.com\/sv\/wp-json\/wp\/v2\/types\/product"}],"replies":[{"embeddable":true,"href":"https:\/\/nordicmart.andreevmaster.com\/sv\/wp-json\/wp\/v2\/comments?post=17857"}],"wp:attachment":[{"href":"https:\/\/nordicmart.andreevmaster.com\/sv\/wp-json\/wp\/v2\/media?parent=17857"}],"wp:term":[{"taxonomy":"product_brand","embeddable":true,"href":"https:\/\/nordicmart.andreevmaster.com\/sv\/wp-json\/wp\/v2\/product_brand?post=17857"},{"taxonomy":"product_cat","embeddable":true,"href":"https:\/\/nordicmart.andreevmaster.com\/sv\/wp-json\/wp\/v2\/product_cat?post=17857"},{"taxonomy":"product_tag","embeddable":true,"href":"https:\/\/nordicmart.andreevmaster.com\/sv\/wp-json\/wp\/v2\/product_tag?post=17857"}],"curies":[{"name":"wp","href":"https:\/\/api.w.org\/{rel}","templated":true}]}}