{"id":17856,"date":"2026-02-27T00:36:57","date_gmt":"2026-02-27T00:36:57","guid":{"rendered":"https:\/\/nordicmart.andreevmaster.com\/product\/big-bobby-car-classic-green-sea-2\/"},"modified":"2026-02-27T08:26:08","modified_gmt":"2026-02-27T08:26:08","slug":"big-bobby-car-classic-green-sea-2","status":"publish","type":"product","link":"https:\/\/nordicmart.andreevmaster.com\/sv\/produkt\/big-bobby-car-classic-green-sea-2\/","title":{"rendered":"BIG Bobby Car Classic Green Sea"},"content":{"rendered":"<p>En klassiker omdefinierad! En topprodukt fr\u00e5n det v\u00e4lk\u00e4nda varum\u00e4rket BIG. Den ergonomiska, robusta och imponerande Bobby Car Green Sea har en inbyggd tuta. Bilen har en unik, vacker gr\u00f6n f\u00e4rg som dina barn kommer att \u00e4lska. Den \u00e4r utrustad med en ratt med tuta, vilket ger ditt barn en mer sp\u00e4nnande lekupplevelse. Leksaken har ett konturerat s\u00e4te som g\u00f6r det m\u00f6jligt att leka i tv\u00e5 positioner \u2013 sittande eller kn\u00e4st\u00e5ende.<\/p>\n<p>Egenskaper:<\/p>\n<p>* &#8211; \u00e5kleksak avsedd f\u00f6r barn fr\u00e5n 12 m\u00e5naders \u00e5lder<br \/>\n* &#8211; \u00e5kleksaken Bobby Car Classic Green Sea i rosa \u00e4r utrustad med ett ratt med tuta,<br \/>\n* &#8211; l\u00e5g tyngdpunkt m\u00f6jligg\u00f6r s\u00e4ker och trygg inl\u00e4rning av de f\u00f6rsta &#8221;stegen&#8221; p\u00e5 \u00e5kleksaken,* &#8211; \u00e5kleksaken \u00e4r utrustad med plasthjul som \u00e4r perfekta f\u00f6r olika underlag,<br \/>\n* &#8211; framhjulen \u00e4r sv\u00e4ngbara f\u00f6r bekv\u00e4mare styrning och sv\u00e4ngning,<br \/>\n* &#8211; dessutom har setet en dragkrok fram och en sl\u00e4pvagnskrok bak,<br \/>\n* &#8211; maximal belastning \u00e4r 50 kg,<br \/>\n* &#8211; Tillverkad i Tyskland,<br \/>\n* &#8211; \u00e5kleksak f\u00f6r delvis montering,<br \/>\n* &#8211; s\u00e4tet \u00e4r 20 cm h\u00f6gt.<\/p>\n","protected":false},"excerpt":{"rendered":"<p>En klassiker omdefinierad! En topprodukt fr\u00e5n det v\u00e4lk\u00e4nda varum\u00e4rket BIG. Den ergonomiska, robusta och imponerande Bobby Car Green Sea har en inbyggd tuta. Bilen har en unik, vacker gr\u00f6n f\u00e4rg som dina barn kommer att \u00e4lska. Den \u00e4r utrustad med en ratt med tuta, vilket ger ditt barn en mer sp\u00e4nnande lekupplevelse. Leksaken har ett [&hellip;]<\/p>\n","protected":false},"featured_media":0,"comment_status":"open","ping_status":"closed","template":"","meta":[],"product_brand":[],"product_cat":[33],"product_tag":[],"class_list":{"0":"post-17856","1":"product","2":"type-product","3":"status-publish","5":"product_cat-okategoriserad","7":"first","8":"instock","9":"shipping-taxable","10":"purchasable","11":"product-type-simple"},"_links":{"self":[{"href":"https:\/\/nordicmart.andreevmaster.com\/sv\/wp-json\/wp\/v2\/product\/17856","targetHints":{"allow":["GET"]}}],"collection":[{"href":"https:\/\/nordicmart.andreevmaster.com\/sv\/wp-json\/wp\/v2\/product"}],"about":[{"href":"https:\/\/nordicmart.andreevmaster.com\/sv\/wp-json\/wp\/v2\/types\/product"}],"replies":[{"embeddable":true,"href":"https:\/\/nordicmart.andreevmaster.com\/sv\/wp-json\/wp\/v2\/comments?post=17856"}],"wp:attachment":[{"href":"https:\/\/nordicmart.andreevmaster.com\/sv\/wp-json\/wp\/v2\/media?parent=17856"}],"wp:term":[{"taxonomy":"product_brand","embeddable":true,"href":"https:\/\/nordicmart.andreevmaster.com\/sv\/wp-json\/wp\/v2\/product_brand?post=17856"},{"taxonomy":"product_cat","embeddable":true,"href":"https:\/\/nordicmart.andreevmaster.com\/sv\/wp-json\/wp\/v2\/product_cat?post=17856"},{"taxonomy":"product_tag","embeddable":true,"href":"https:\/\/nordicmart.andreevmaster.com\/sv\/wp-json\/wp\/v2\/product_tag?post=17856"}],"curies":[{"name":"wp","href":"https:\/\/api.w.org\/{rel}","templated":true}]}}