{"id":17855,"date":"2026-02-27T00:36:56","date_gmt":"2026-02-27T00:36:56","guid":{"rendered":"https:\/\/nordicmart.andreevmaster.com\/product\/big-bobby-car-classic-akleksak-med-tuta-unicorn\/"},"modified":"2026-02-27T08:26:08","modified_gmt":"2026-02-27T08:26:08","slug":"big-bobby-car-classic-akleksak-med-tuta-unicorn","status":"publish","type":"product","link":"https:\/\/nordicmart.andreevmaster.com\/sv\/produkt\/big-bobby-car-classic-akleksak-med-tuta-unicorn\/","title":{"rendered":"BIG Bobby Car Classic \u00e5kleksak med tuta Unicorn"},"content":{"rendered":"<p>En klassiker omdefinierad! En topprodukt fr\u00e5n det v\u00e4lk\u00e4nda varum\u00e4rket BIG. Ergonomisk, robust och imponerande Bobby Car \u00e5kleksak med ljud. Bilen kommer i en unik turkos f\u00e4rg med modern stil. Den \u00e4r utrustad med en ratt med tuta, vilket ger barnet en mer sp\u00e4nnande lekupplevelse. \u00c5kleksaken har ett konturerat s\u00e4te, vilket g\u00f6r det m\u00f6jligt att leka i tv\u00e5 positioner \u2013 sittande eller kn\u00e4st\u00e5ende.<\/p>\n<p>Funktioner:<\/p>\n<p>* &#8211; leksaken \u00e4r utrustad med ett ratt med tuta,<br \/>\n* &#8211; den l\u00e5ga tyngdpunkten g\u00f6r det m\u00f6jligt att l\u00e4ra sig de f\u00f6rsta &#8221;stegen&#8221; p\u00e5 leksaken p\u00e5 ett s\u00e4kert och tryggt s\u00e4tt,<br \/>\n* &#8211; leksaken \u00e4r utrustad med plasthjul som \u00e4r perfekta f\u00f6r olika underlag,* &#8211; framhjulen \u00e4r sv\u00e4ngbara f\u00f6r bekv\u00e4mare styrning och sv\u00e4ngning,<br \/>\n* &#8211; dessutom har setet en dragkrok fram och en sl\u00e4pvagnskrok bak,<br \/>\n* &#8211; maximal belastning \u00e4r 50 kg,<br \/>\n* &#8211; leksaken \u00e4r avsedd f\u00f6r barn fr\u00e5n 12 m\u00e5nader,<br \/>\n* &#8211; Tillverkad i Tyskland.* &#8211; \u00e5kleksaken kr\u00e4ver delvis montering,<br \/>\n* &#8211; s\u00e4tet \u00e4r 20 cm h\u00f6gt.<\/p>\n<p>BIG tillh\u00f6r den stora Simba Dickie-koncernen \u2013 Sortimentet omfattar ett brett utbud av innovativa leksaker som stimulerar barns motoriska utveckling. BIG-produkterna erbjuder m\u00e5nga lekm\u00f6jligheter. Sortimentet omfattar bilar, \u00e5kleksaker, gungh\u00e4star, traktorer, b\u00e5tar, rutschkanor, flytande leksaker och sandl\u00e5dor. BIG-leksaker \u00e4r av mycket h\u00f6g kvalitet. De tillverkas i Tyskland av h\u00f6gkvalitativa UV-best\u00e4ndiga material. S\u00e4kerheten hos v\u00e5ra leksaker garanteras och bekr\u00e4ftas av LGA\/T\u00dcV-tester.<\/p>\n","protected":false},"excerpt":{"rendered":"<p>En klassiker omdefinierad! En topprodukt fr\u00e5n det v\u00e4lk\u00e4nda varum\u00e4rket BIG. Ergonomisk, robust och imponerande Bobby Car \u00e5kleksak med ljud. Bilen kommer i en unik turkos f\u00e4rg med modern stil. Den \u00e4r utrustad med en ratt med tuta, vilket ger barnet en mer sp\u00e4nnande lekupplevelse. \u00c5kleksaken har ett konturerat s\u00e4te, vilket g\u00f6r det m\u00f6jligt att leka [&hellip;]<\/p>\n","protected":false},"featured_media":0,"comment_status":"open","ping_status":"closed","template":"","meta":[],"product_brand":[],"product_cat":[33],"product_tag":[],"class_list":{"0":"post-17855","1":"product","2":"type-product","3":"status-publish","5":"product_cat-okategoriserad","7":"first","8":"instock","9":"shipping-taxable","10":"purchasable","11":"product-type-simple"},"_links":{"self":[{"href":"https:\/\/nordicmart.andreevmaster.com\/sv\/wp-json\/wp\/v2\/product\/17855","targetHints":{"allow":["GET"]}}],"collection":[{"href":"https:\/\/nordicmart.andreevmaster.com\/sv\/wp-json\/wp\/v2\/product"}],"about":[{"href":"https:\/\/nordicmart.andreevmaster.com\/sv\/wp-json\/wp\/v2\/types\/product"}],"replies":[{"embeddable":true,"href":"https:\/\/nordicmart.andreevmaster.com\/sv\/wp-json\/wp\/v2\/comments?post=17855"}],"wp:attachment":[{"href":"https:\/\/nordicmart.andreevmaster.com\/sv\/wp-json\/wp\/v2\/media?parent=17855"}],"wp:term":[{"taxonomy":"product_brand","embeddable":true,"href":"https:\/\/nordicmart.andreevmaster.com\/sv\/wp-json\/wp\/v2\/product_brand?post=17855"},{"taxonomy":"product_cat","embeddable":true,"href":"https:\/\/nordicmart.andreevmaster.com\/sv\/wp-json\/wp\/v2\/product_cat?post=17855"},{"taxonomy":"product_tag","embeddable":true,"href":"https:\/\/nordicmart.andreevmaster.com\/sv\/wp-json\/wp\/v2\/product_tag?post=17855"}],"curies":[{"name":"wp","href":"https:\/\/api.w.org\/{rel}","templated":true}]}}