{"id":17852,"date":"2026-02-27T00:36:56","date_gmt":"2026-02-27T00:36:56","guid":{"rendered":"https:\/\/nordicmart.andreevmaster.com\/product\/woopie-magnetiska-byggklossar-glodande-3d-djurvarld-124-st\/"},"modified":"2026-02-27T08:26:08","modified_gmt":"2026-02-27T08:26:08","slug":"woopie-magnetiska-byggklossar-glodande-3d-djurvarld-124-st","status":"publish","type":"product","link":"https:\/\/nordicmart.andreevmaster.com\/sv\/produkt\/woopie-magnetiska-byggklossar-glodande-3d-djurvarld-124-st\/","title":{"rendered":"WOOPIE Magnetiska byggklossar Gl\u00f6dande 3D-djurv\u00e4rld 124 st."},"content":{"rendered":"<p>Uppt\u00e4ck djurens magiska v\u00e4rld med det 3D-lysande magnetiska byggklosset fr\u00e5n Woopie! Detta unika byggset \u00e4r ett riktigt paradis f\u00f6r sm\u00e5 byggare. Tack vare magnetiska element som lyser i m\u00f6rkret kan barn skapa fantastiska byggnader och kungarik f\u00f6r sina favoritdjur. Det \u00e4r en utm\u00e4rkt leksak som kombinerar l\u00e4rande med lek, utvecklar ditt barns fantasi och tekniska f\u00e4rdigheter. Bygg en sagov\u00e4rld full av djur\u00e4ventyr tillsammans!<\/p>\n<p>Egenskaper:<\/p>\n<p>* &#8211; F\u00f6r barn fr\u00e5n 3 \u00e5r<br \/>\n* &#8211; Blocken \u00e4r magnetiska och lyser, vilket ger en unik effekt till leken<br \/>\n* &#8211; Setet inneh\u00e5ller en m\u00e4ngd olika former, djurfigurer och temabaserade tillbeh\u00f6r<br \/>\n* &#8211; Leksaken st\u00f6der utveckling inom omr\u00e5dena vetenskap, teknik, ingenj\u00f6rskonst och matematik (STEM)<br \/>\n* &#8211; De sj\u00e4lvlysande elementen drivs av 3 x AG10-batterier (ing\u00e5r)<\/p>\n<p>Satsen inneh\u00e5ller:<\/p>\n<p>* &#8211; 124 element, inklusive:<br \/>\n* &#8211; Magnetiska klossar i olika former<br \/>\n* &#8211; Djurfigurer<br \/>\n* &#8211; Karakt\u00e4rsfigurer<br \/>\n* &#8211; Tematillbeh\u00f6r (tr\u00e4d, stenar)<br \/>\n* &#8211; Instruktioner med exempelmodeller<\/p>\n<p>Leksaken utvecklar:<\/p>\n<p>* &#8211; Kreativitet och fantasi<br \/>\n* &#8211; Manuell skicklighet<br \/>\n* &#8211; Logiskt t\u00e4nkande<br \/>\n* &#8211; Hand-\u00f6ga-koordination<br \/>\n* &#8211; Rumslig f\u00f6rst\u00e5else<\/p>\n","protected":false},"excerpt":{"rendered":"<p>Uppt\u00e4ck djurens magiska v\u00e4rld med det 3D-lysande magnetiska byggklosset fr\u00e5n Woopie! Detta unika byggset \u00e4r ett riktigt paradis f\u00f6r sm\u00e5 byggare. Tack vare magnetiska element som lyser i m\u00f6rkret kan barn skapa fantastiska byggnader och kungarik f\u00f6r sina favoritdjur. Det \u00e4r en utm\u00e4rkt leksak som kombinerar l\u00e4rande med lek, utvecklar ditt barns fantasi och tekniska [&hellip;]<\/p>\n","protected":false},"featured_media":0,"comment_status":"open","ping_status":"closed","template":"","meta":[],"product_brand":[],"product_cat":[33],"product_tag":[],"class_list":{"0":"post-17852","1":"product","2":"type-product","3":"status-publish","5":"product_cat-okategoriserad","7":"first","8":"instock","9":"shipping-taxable","10":"purchasable","11":"product-type-simple"},"_links":{"self":[{"href":"https:\/\/nordicmart.andreevmaster.com\/sv\/wp-json\/wp\/v2\/product\/17852","targetHints":{"allow":["GET"]}}],"collection":[{"href":"https:\/\/nordicmart.andreevmaster.com\/sv\/wp-json\/wp\/v2\/product"}],"about":[{"href":"https:\/\/nordicmart.andreevmaster.com\/sv\/wp-json\/wp\/v2\/types\/product"}],"replies":[{"embeddable":true,"href":"https:\/\/nordicmart.andreevmaster.com\/sv\/wp-json\/wp\/v2\/comments?post=17852"}],"wp:attachment":[{"href":"https:\/\/nordicmart.andreevmaster.com\/sv\/wp-json\/wp\/v2\/media?parent=17852"}],"wp:term":[{"taxonomy":"product_brand","embeddable":true,"href":"https:\/\/nordicmart.andreevmaster.com\/sv\/wp-json\/wp\/v2\/product_brand?post=17852"},{"taxonomy":"product_cat","embeddable":true,"href":"https:\/\/nordicmart.andreevmaster.com\/sv\/wp-json\/wp\/v2\/product_cat?post=17852"},{"taxonomy":"product_tag","embeddable":true,"href":"https:\/\/nordicmart.andreevmaster.com\/sv\/wp-json\/wp\/v2\/product_tag?post=17852"}],"curies":[{"name":"wp","href":"https:\/\/api.w.org\/{rel}","templated":true}]}}