{"id":17850,"date":"2026-02-27T00:36:55","date_gmt":"2026-02-27T00:36:55","guid":{"rendered":"https:\/\/nordicmart.andreevmaster.com\/product\/big-maxi-crane-ride-on-toy-2\/"},"modified":"2026-02-27T08:26:07","modified_gmt":"2026-02-27T08:26:07","slug":"big-maxi-crane-ride-on-toy-2","status":"publish","type":"product","link":"https:\/\/nordicmart.andreevmaster.com\/sv\/produkt\/big-maxi-crane-ride-on-toy-2\/","title":{"rendered":"BIG Maxi Crane Ride-On Toy"},"content":{"rendered":"<p>Crane Ride-On \u00e4r en utm\u00e4rkt leksak fr\u00e5n BIG f\u00f6r lek b\u00e5de inomhus och utomhus. Den b\u00e4sta kvaliteten p\u00e5 marknaden! Tysk h\u00e5llbarhet och precision. Den perfekta presentid\u00e9n f\u00f6r alla sm\u00e5barn. Fordonet kommer att gl\u00e4dja b\u00e5de pojkar och flickor. Produkten \u00e4r utformad med de yngstas s\u00e4kerhet i \u00e5tanke. Leksaken har ett stort, bekv\u00e4mt s\u00e4te. Kranen roterar 360 grader runt en vertikal axel. Kranen kan s\u00e4kert lyfta f\u00f6rem\u00e5l som v\u00e4ger upp till 450 g. Den stimulerar ditt barns fantasi och f\u00f6rb\u00e4ttrar deras motoriska koordination. Det roliga tar aldrig slut!<\/p>\n<p>Egenskaper:<\/p>\n<p>* &#8211; f\u00f6r barn fr\u00e5n 3 \u00e5r,<br \/>\n* &#8211; stort bekv\u00e4mt s\u00e4te,<br \/>\n* &#8211; fullt fungerande 360-graders rotation runt den vertikala axeln,* &#8211; mjuka gummihjul, repar inte ytor, ger inte ifr\u00e5n sig ljud,<br \/>\n* &#8211; lastkapacitet upp till 50 kg,<br \/>\n* &#8211; dragkraft upp till 450 g,<br \/>\n* &#8211; hela fordonet kan enkelt tv\u00e4ttas under rinnande vatten.<\/p>\n","protected":false},"excerpt":{"rendered":"<p>Crane Ride-On \u00e4r en utm\u00e4rkt leksak fr\u00e5n BIG f\u00f6r lek b\u00e5de inomhus och utomhus. Den b\u00e4sta kvaliteten p\u00e5 marknaden! Tysk h\u00e5llbarhet och precision. Den perfekta presentid\u00e9n f\u00f6r alla sm\u00e5barn. Fordonet kommer att gl\u00e4dja b\u00e5de pojkar och flickor. Produkten \u00e4r utformad med de yngstas s\u00e4kerhet i \u00e5tanke. Leksaken har ett stort, bekv\u00e4mt s\u00e4te. Kranen roterar 360 [&hellip;]<\/p>\n","protected":false},"featured_media":0,"comment_status":"open","ping_status":"closed","template":"","meta":[],"product_brand":[],"product_cat":[33],"product_tag":[],"class_list":{"0":"post-17850","1":"product","2":"type-product","3":"status-publish","5":"product_cat-okategoriserad","7":"first","8":"instock","9":"shipping-taxable","10":"purchasable","11":"product-type-simple"},"_links":{"self":[{"href":"https:\/\/nordicmart.andreevmaster.com\/sv\/wp-json\/wp\/v2\/product\/17850","targetHints":{"allow":["GET"]}}],"collection":[{"href":"https:\/\/nordicmart.andreevmaster.com\/sv\/wp-json\/wp\/v2\/product"}],"about":[{"href":"https:\/\/nordicmart.andreevmaster.com\/sv\/wp-json\/wp\/v2\/types\/product"}],"replies":[{"embeddable":true,"href":"https:\/\/nordicmart.andreevmaster.com\/sv\/wp-json\/wp\/v2\/comments?post=17850"}],"wp:attachment":[{"href":"https:\/\/nordicmart.andreevmaster.com\/sv\/wp-json\/wp\/v2\/media?parent=17850"}],"wp:term":[{"taxonomy":"product_brand","embeddable":true,"href":"https:\/\/nordicmart.andreevmaster.com\/sv\/wp-json\/wp\/v2\/product_brand?post=17850"},{"taxonomy":"product_cat","embeddable":true,"href":"https:\/\/nordicmart.andreevmaster.com\/sv\/wp-json\/wp\/v2\/product_cat?post=17850"},{"taxonomy":"product_tag","embeddable":true,"href":"https:\/\/nordicmart.andreevmaster.com\/sv\/wp-json\/wp\/v2\/product_tag?post=17850"}],"curies":[{"name":"wp","href":"https:\/\/api.w.org\/{rel}","templated":true}]}}