{"id":17849,"date":"2026-02-27T00:36:55","date_gmt":"2026-02-27T00:36:55","guid":{"rendered":"https:\/\/nordicmart.andreevmaster.com\/product\/big-maxi-power-worker-akbar-gravmaskin\/"},"modified":"2026-02-27T08:26:07","modified_gmt":"2026-02-27T08:26:07","slug":"big-maxi-power-worker-akbar-gravmaskin","status":"publish","type":"product","link":"https:\/\/nordicmart.andreevmaster.com\/sv\/produkt\/big-maxi-power-worker-akbar-gravmaskin\/","title":{"rendered":"BIG Maxi Power Worker \u00e5kbar gr\u00e4vmaskin"},"content":{"rendered":"<p>Maxi-gr\u00e4vmaskinen \u00e4r en utm\u00e4rkt BIG-dumper f\u00f6r lek b\u00e5de inomhus och utomhus. Den b\u00e4sta kvaliteten p\u00e5 marknaden! Tysk h\u00e5llbarhet och precision. Den perfekta presentid\u00e9n f\u00f6r alla barn. Fordonet kommer att gl\u00e4dja b\u00e5de pojkar och flickor. Produkten \u00e4r utformad med de yngstas s\u00e4kerhet i \u00e5tanke. Den stimulerar ditt barns fantasi och f\u00f6rb\u00e4ttrar deras motoriska koordination. Det roliga tar aldrig slut!<\/p>\n<p>Egenskaper:<\/p>\n<p>* f\u00f6r barn fr\u00e5n 3 \u00e5r,<br \/>\n* stort bekv\u00e4mt s\u00e4te,<br \/>\n* fullt fungerande gr\u00e4vmaskinsarm, 360 graders rotation runt den vertikala axeln,<br \/>\n* mjuka gummihjul, repar inte ytor, ger inte ifr\u00e5n sig ljud,<br \/>\n* lastkapacitet upp till 50 kg,<br \/>\n* hela fordonet kan enkelt tv\u00e4ttas under rinnande vatten.<\/p>\n<p>Tysk kvalitet och tillf\u00f6rlitlighet \u2013 dessa tv\u00e5 begrepp beskriver leksakstillverkaren BIG p\u00e5 ett tr\u00e4ffande s\u00e4tt. F\u00f6retaget, som ligger precis \u00f6ver den v\u00e4stra gr\u00e4nsen till v\u00e5rt land, \u00e4r specialiserat p\u00e5 en m\u00e4ngd olika leksaker. Deras \u00e5kleksaker \u00e4r s\u00e4rskilt anm\u00e4rkningsv\u00e4rda, men de erbjuder \u00e4ven sandl\u00e5dor och cyklar. I sortimentet ing\u00e5r \u00e4ven byggklossar, olika gungor, pulkor och andra leksaker.<\/p>\n","protected":false},"excerpt":{"rendered":"<p>Maxi-gr\u00e4vmaskinen \u00e4r en utm\u00e4rkt BIG-dumper f\u00f6r lek b\u00e5de inomhus och utomhus. Den b\u00e4sta kvaliteten p\u00e5 marknaden! Tysk h\u00e5llbarhet och precision. Den perfekta presentid\u00e9n f\u00f6r alla barn. Fordonet kommer att gl\u00e4dja b\u00e5de pojkar och flickor. Produkten \u00e4r utformad med de yngstas s\u00e4kerhet i \u00e5tanke. Den stimulerar ditt barns fantasi och f\u00f6rb\u00e4ttrar deras motoriska koordination. Det roliga [&hellip;]<\/p>\n","protected":false},"featured_media":0,"comment_status":"open","ping_status":"closed","template":"","meta":[],"product_brand":[],"product_cat":[33],"product_tag":[],"class_list":{"0":"post-17849","1":"product","2":"type-product","3":"status-publish","5":"product_cat-okategoriserad","7":"first","8":"instock","9":"shipping-taxable","10":"purchasable","11":"product-type-simple"},"_links":{"self":[{"href":"https:\/\/nordicmart.andreevmaster.com\/sv\/wp-json\/wp\/v2\/product\/17849","targetHints":{"allow":["GET"]}}],"collection":[{"href":"https:\/\/nordicmart.andreevmaster.com\/sv\/wp-json\/wp\/v2\/product"}],"about":[{"href":"https:\/\/nordicmart.andreevmaster.com\/sv\/wp-json\/wp\/v2\/types\/product"}],"replies":[{"embeddable":true,"href":"https:\/\/nordicmart.andreevmaster.com\/sv\/wp-json\/wp\/v2\/comments?post=17849"}],"wp:attachment":[{"href":"https:\/\/nordicmart.andreevmaster.com\/sv\/wp-json\/wp\/v2\/media?parent=17849"}],"wp:term":[{"taxonomy":"product_brand","embeddable":true,"href":"https:\/\/nordicmart.andreevmaster.com\/sv\/wp-json\/wp\/v2\/product_brand?post=17849"},{"taxonomy":"product_cat","embeddable":true,"href":"https:\/\/nordicmart.andreevmaster.com\/sv\/wp-json\/wp\/v2\/product_cat?post=17849"},{"taxonomy":"product_tag","embeddable":true,"href":"https:\/\/nordicmart.andreevmaster.com\/sv\/wp-json\/wp\/v2\/product_tag?post=17849"}],"curies":[{"name":"wp","href":"https:\/\/api.w.org\/{rel}","templated":true}]}}