{"id":17848,"date":"2026-02-27T00:36:54","date_gmt":"2026-02-27T00:36:54","guid":{"rendered":"https:\/\/nordicmart.andreevmaster.com\/product\/big-maxi-truck-off-road-vehicle-2\/"},"modified":"2026-02-27T08:26:07","modified_gmt":"2026-02-27T08:26:07","slug":"big-maxi-truck-off-road-vehicle-2","status":"publish","type":"product","link":"https:\/\/nordicmart.andreevmaster.com\/sv\/produkt\/big-maxi-truck-off-road-vehicle-2\/","title":{"rendered":"BIG Maxi Truck Off-Road Vehicle"},"content":{"rendered":"<p>En utm\u00e4rkt BIG offroad-lastbil f\u00f6r lek hemma och utomhus. Marknadens b\u00e4sta kvalitet! Tysk h\u00e5llbarhet och precision. En enorm bil p\u00e5 en halv meter \u2013 denna \u00e5kleksak kommer att gl\u00e4dja alla barn! En leksak designad med de yngsta i \u00e5tanke.<br \/>\nEgenskaper:<br \/>\n* Power Worker-dumpern \u00e4r utformad f\u00f6r lek b\u00e5de inomhus och utomhus.<br \/>\n* Det ergonomiska taket p\u00e5 hytten utan vassa kanter \u00e4r perfekt f\u00f6r sm\u00e5 h\u00e4nder.<br \/>\n* De stora hjulen \u00e4r tillverkade av mjukt material, \u00e4r h\u00e5llbara men l\u00e4mnar inga m\u00e4rken p\u00e5 golvet.<br \/>\n* H\u00f6gkvalitativt hantverk garanterar enkel reng\u00f6ring under rinnande vatten.<br \/>\n* Utrustad med tippsp\u00e4rr.* Maximal belastning: 50 kg. Tysk kvalitet och tillf\u00f6rlitlighet \u2013 dessa tv\u00e5 begrepp beskriver leksakstillverkaren BIG p\u00e5 ett tr\u00e4ffande s\u00e4tt. F\u00f6retaget, som ligger precis \u00f6ver den v\u00e4stra gr\u00e4nsen till v\u00e5rt land, \u00e4r specialiserat p\u00e5 ett brett utbud av leksaker. Deras \u00e5kleksaker \u00e4r s\u00e4rskilt anm\u00e4rkningsv\u00e4rda, men de erbjuder ocks\u00e5 sandl\u00e5dor och cyklar. I sortimentet ing\u00e5r \u00e4ven byggklossar, olika gungor, pulkor och andra leksaker.<\/p>\n","protected":false},"excerpt":{"rendered":"<p>En utm\u00e4rkt BIG offroad-lastbil f\u00f6r lek hemma och utomhus. Marknadens b\u00e4sta kvalitet! Tysk h\u00e5llbarhet och precision. En enorm bil p\u00e5 en halv meter \u2013 denna \u00e5kleksak kommer att gl\u00e4dja alla barn! En leksak designad med de yngsta i \u00e5tanke. Egenskaper: * Power Worker-dumpern \u00e4r utformad f\u00f6r lek b\u00e5de inomhus och utomhus. * Det ergonomiska taket [&hellip;]<\/p>\n","protected":false},"featured_media":0,"comment_status":"open","ping_status":"closed","template":"","meta":[],"product_brand":[],"product_cat":[33],"product_tag":[],"class_list":{"0":"post-17848","1":"product","2":"type-product","3":"status-publish","5":"product_cat-okategoriserad","7":"first","8":"instock","9":"shipping-taxable","10":"purchasable","11":"product-type-simple"},"_links":{"self":[{"href":"https:\/\/nordicmart.andreevmaster.com\/sv\/wp-json\/wp\/v2\/product\/17848","targetHints":{"allow":["GET"]}}],"collection":[{"href":"https:\/\/nordicmart.andreevmaster.com\/sv\/wp-json\/wp\/v2\/product"}],"about":[{"href":"https:\/\/nordicmart.andreevmaster.com\/sv\/wp-json\/wp\/v2\/types\/product"}],"replies":[{"embeddable":true,"href":"https:\/\/nordicmart.andreevmaster.com\/sv\/wp-json\/wp\/v2\/comments?post=17848"}],"wp:attachment":[{"href":"https:\/\/nordicmart.andreevmaster.com\/sv\/wp-json\/wp\/v2\/media?parent=17848"}],"wp:term":[{"taxonomy":"product_brand","embeddable":true,"href":"https:\/\/nordicmart.andreevmaster.com\/sv\/wp-json\/wp\/v2\/product_brand?post=17848"},{"taxonomy":"product_cat","embeddable":true,"href":"https:\/\/nordicmart.andreevmaster.com\/sv\/wp-json\/wp\/v2\/product_cat?post=17848"},{"taxonomy":"product_tag","embeddable":true,"href":"https:\/\/nordicmart.andreevmaster.com\/sv\/wp-json\/wp\/v2\/product_tag?post=17848"}],"curies":[{"name":"wp","href":"https:\/\/api.w.org\/{rel}","templated":true}]}}