{"id":17846,"date":"2026-02-27T00:36:54","date_gmt":"2026-02-27T00:36:54","guid":{"rendered":"https:\/\/nordicmart.andreevmaster.com\/product\/woopie-2-i-1-vattenbord-sandlada-piratskepp-xl-med-sapbubbelmaskin\/"},"modified":"2026-02-27T08:26:06","modified_gmt":"2026-02-27T08:26:06","slug":"woopie-2-i-1-vattenbord-sandlada-piratskepp-xl-med-sapbubbelmaskin","status":"publish","type":"product","link":"https:\/\/nordicmart.andreevmaster.com\/sv\/produkt\/woopie-2-i-1-vattenbord-sandlada-piratskepp-xl-med-sapbubbelmaskin\/","title":{"rendered":"WOOPIE 2-i-1 vattenbord sandl\u00e5da piratskepp XL med s\u00e5pbubbelmaskin"},"content":{"rendered":"<p>Woopie piratskepp vattenbord \u00e4r en extraordin\u00e4r leksak som f\u00f6rflyttar barn till en v\u00e4rld av pirat\u00e4ventyr och ger timmar av kreativ utomhuslek. Tack vare ett rikt utbud av f\u00e4rgglada tillbeh\u00f6r, r\u00f6rliga delar och ett pirattorn kan de sm\u00e5 experimentera med vatten, leka med bubblor, snurra vattenhjulet och uppt\u00e4cka en m\u00e4ngd olika lekm\u00f6jligheter. Den enkla, solida konstruktionen och den stora storleken g\u00f6r bordet bekv\u00e4mt och attraktivt \u00e4ven f\u00f6r flera barn samtidigt. <\/p>\n<p>Egenskaper: <\/p>\n<p>* &#8211; F\u00f6r barn fr\u00e5n 3 \u00e5r<br \/>\n* &#8211; Stabil och l\u00e4ttmonterad konstruktion av h\u00e5llbar plast<br \/>\n* &#8211; Perfekt f\u00f6r tr\u00e4dg\u00e5rden eller sandl\u00e5dan<br \/>\n* &#8211; Enkel design f\u00f6r snabb t\u00f6mning och reng\u00f6ring av bordet<br \/>\n* &#8211; Tack vare sin stora storlek kan flera barn leka tillsammans vid bordet<br \/>\n* &#8211; Alla delar har rundade former, vilket garanterar komfort och s\u00e4kerhet under leken.<\/p>\n<p>Satsen inneh\u00e5ller:<\/p>\n<p>* &#8211; Vattenbord<br \/>\n* &#8211; Vattenkanon<br \/>\n* &#8211; Bubbelmaskin<br \/>\n* &#8211; Vattenrutschkana<br \/>\n* &#8211; Ankare<br \/>\n* &#8211; Mast med kr\u00e5kbo<br \/>\n* &#8211; Piratfigur<br \/>\n* &#8211; 6 sm\u00e5 vattenhjul<br \/>\n* &#8211; Stort vattenhjul<br \/>\n* &#8211; 3 flytande djur<br \/>\n* &#8211; 4 koppar f\u00f6r att h\u00e4lla vatten<\/p>\n<p>Leksaken utvecklar:<\/p>\n<p>* &#8211; Motorik<br \/>\n* &#8211; Hand-\u00f6ga-koordination<br \/>\n* &#8211; Kreativitet<br \/>\n* &#8211; Fantasi<br \/>\n* &#8211; Logik<br \/>\n* &#8211; Probleml\u00f6sningsf\u00f6rm\u00e5ga<br \/>\n* &#8211; Sensorisk integration<\/p>\n","protected":false},"excerpt":{"rendered":"<p>Woopie piratskepp vattenbord \u00e4r en extraordin\u00e4r leksak som f\u00f6rflyttar barn till en v\u00e4rld av pirat\u00e4ventyr och ger timmar av kreativ utomhuslek. Tack vare ett rikt utbud av f\u00e4rgglada tillbeh\u00f6r, r\u00f6rliga delar och ett pirattorn kan de sm\u00e5 experimentera med vatten, leka med bubblor, snurra vattenhjulet och uppt\u00e4cka en m\u00e4ngd olika lekm\u00f6jligheter. Den enkla, solida konstruktionen [&hellip;]<\/p>\n","protected":false},"featured_media":0,"comment_status":"open","ping_status":"closed","template":"","meta":[],"product_brand":[],"product_cat":[33],"product_tag":[],"class_list":{"0":"post-17846","1":"product","2":"type-product","3":"status-publish","5":"product_cat-okategoriserad","7":"first","8":"instock","9":"shipping-taxable","10":"purchasable","11":"product-type-simple"},"_links":{"self":[{"href":"https:\/\/nordicmart.andreevmaster.com\/sv\/wp-json\/wp\/v2\/product\/17846","targetHints":{"allow":["GET"]}}],"collection":[{"href":"https:\/\/nordicmart.andreevmaster.com\/sv\/wp-json\/wp\/v2\/product"}],"about":[{"href":"https:\/\/nordicmart.andreevmaster.com\/sv\/wp-json\/wp\/v2\/types\/product"}],"replies":[{"embeddable":true,"href":"https:\/\/nordicmart.andreevmaster.com\/sv\/wp-json\/wp\/v2\/comments?post=17846"}],"wp:attachment":[{"href":"https:\/\/nordicmart.andreevmaster.com\/sv\/wp-json\/wp\/v2\/media?parent=17846"}],"wp:term":[{"taxonomy":"product_brand","embeddable":true,"href":"https:\/\/nordicmart.andreevmaster.com\/sv\/wp-json\/wp\/v2\/product_brand?post=17846"},{"taxonomy":"product_cat","embeddable":true,"href":"https:\/\/nordicmart.andreevmaster.com\/sv\/wp-json\/wp\/v2\/product_cat?post=17846"},{"taxonomy":"product_tag","embeddable":true,"href":"https:\/\/nordicmart.andreevmaster.com\/sv\/wp-json\/wp\/v2\/product_tag?post=17846"}],"curies":[{"name":"wp","href":"https:\/\/api.w.org\/{rel}","templated":true}]}}