{"id":17845,"date":"2026-02-27T00:36:54","date_gmt":"2026-02-27T00:36:54","guid":{"rendered":"https:\/\/nordicmart.andreevmaster.com\/product\/woopie-stort-vattenpark-vattenbord-6-i-1-sandlada-vattenfall-vattenrutschkana-6-nivaers-modulart\/"},"modified":"2026-02-27T08:26:06","modified_gmt":"2026-02-27T08:26:06","slug":"woopie-stort-vattenpark-vattenbord-6-i-1-sandlada-vattenfall-vattenrutschkana-6-nivaers-modulart","status":"publish","type":"product","link":"https:\/\/nordicmart.andreevmaster.com\/sv\/produkt\/woopie-stort-vattenpark-vattenbord-6-i-1-sandlada-vattenfall-vattenrutschkana-6-nivaers-modulart\/","title":{"rendered":"WOOPIE Stort vattenpark-vattenbord 6-i-1 sandl\u00e5da vattenfall vattenrutschkana 6-niv\u00e5ers modul\u00e4rt"},"content":{"rendered":"<p>Vi presenterar den fantastiska interaktiva vatten- och sandparken fr\u00e5n Woopie \u2013 det perfekta lekcentret som f\u00f6r strand\u00e4ventyren direkt till din tr\u00e4dg\u00e5rd! Denna extraordin\u00e4ra leksak erbjuder flera niv\u00e5er och stationer f\u00f6r lek med vatten och sand, vilket garanterar timmar av kreativ och engagerande underh\u00e5llning. Barnen kan skapa vattenfall, bygga sandslott och uppt\u00e4cka den fascinerande v\u00e4rlden av sm\u00e5 skulpt\u00f6rer och ingenj\u00f6rer. Ett rikt utbud av tillbeh\u00f6r g\u00f6r varje \u00f6gonblick fullt av gl\u00e4dje och nya uppt\u00e4ckter!<\/p>\n<p>Funktioner:<\/p>\n<p>* &#8211; F\u00f6r barn fr\u00e5n 3 \u00e5r<br \/>\n* &#8211; Erbjuder en m\u00e4ngd olika omr\u00e5den f\u00f6r lek med vatten och sand, inklusive ett h\u00f6gt vattenfall och sektioner med pooler<br \/>\n* &#8211; Utrustad med bland annat roterande vattenhjul, speciella tr\u00e5g och element f\u00f6r att styra vattenstr\u00f6mmen, vilket garanterar dynamisk lek<br \/>\n* &#8211; Centraltornet med en \u00f6ppning p\u00e5 toppen g\u00f6r det m\u00f6jligt att h\u00e4lla i vatten och skapa spektakul\u00e4ra vattenfall<br \/>\n* &#8211; Inneh\u00e5ller m\u00e5nga sandverktyg och formar i olika former, samt hinkar och andra element f\u00f6r lek i vattnet<br \/>\n* &#8211; Tillverkad av h\u00f6gkvalitativ plast med sl\u00e4ta kanter, s\u00e4ker f\u00f6r barn<br \/>\n* &#8211; Modul\u00e4r design m\u00f6jligg\u00f6r snabb montering och f\u00f6rvaring<br \/>\n* &#8211; Perfekt f\u00f6r tr\u00e4dg\u00e5rden, terrassen eller balkongen, fr\u00e4mjar aktiv lek utomhus<\/p>\n<p>Satsen inneh\u00e5ller:<\/p>\n<p>* &#8211; Bord i flera niv\u00e5er f\u00f6r lek med vatten och sand<br \/>\n* &#8211; Byggdelar f\u00f6r font\u00e4n\/vattenfall (torn, r\u00e4nnor, r\u00f6r)<br \/>\n* &#8211; Bordsben<br \/>\n* &#8211; Roterande vattenhjul<br \/>\n* &#8211; Vattenkanna<br \/>\n* &#8211; Hinkar<br \/>\n* &#8211; B\u00e5t<br \/>\n* &#8211; Spadar och krattor<br \/>\n* &#8211; Sandformar (t.ex. krabba, sk\u00f6ldpadda, sn\u00e4cka, sj\u00f6stj\u00e4rna, fisk)<\/p>\n<p>Leksaken utvecklar:<\/p>\n<p>* &#8211; Manuell skicklighet och r\u00f6relseprecision<br \/>\n* &#8211; Hand-\u00f6ga-koordination<br \/>\n* &#8211; Kreativitet och fantasi<br \/>\n* &#8211; Orsak-verkan-t\u00e4nkande<br \/>\n* &#8211; Sensorisk utveckling<br \/>\n* &#8211; Sociala f\u00e4rdigheter<\/p>\n","protected":false},"excerpt":{"rendered":"<p>Vi presenterar den fantastiska interaktiva vatten- och sandparken fr\u00e5n Woopie \u2013 det perfekta lekcentret som f\u00f6r strand\u00e4ventyren direkt till din tr\u00e4dg\u00e5rd! Denna extraordin\u00e4ra leksak erbjuder flera niv\u00e5er och stationer f\u00f6r lek med vatten och sand, vilket garanterar timmar av kreativ och engagerande underh\u00e5llning. Barnen kan skapa vattenfall, bygga sandslott och uppt\u00e4cka den fascinerande v\u00e4rlden av [&hellip;]<\/p>\n","protected":false},"featured_media":0,"comment_status":"open","ping_status":"closed","template":"","meta":[],"product_brand":[],"product_cat":[33],"product_tag":[],"class_list":{"0":"post-17845","1":"product","2":"type-product","3":"status-publish","5":"product_cat-okategoriserad","7":"first","8":"instock","9":"shipping-taxable","10":"purchasable","11":"product-type-simple"},"_links":{"self":[{"href":"https:\/\/nordicmart.andreevmaster.com\/sv\/wp-json\/wp\/v2\/product\/17845","targetHints":{"allow":["GET"]}}],"collection":[{"href":"https:\/\/nordicmart.andreevmaster.com\/sv\/wp-json\/wp\/v2\/product"}],"about":[{"href":"https:\/\/nordicmart.andreevmaster.com\/sv\/wp-json\/wp\/v2\/types\/product"}],"replies":[{"embeddable":true,"href":"https:\/\/nordicmart.andreevmaster.com\/sv\/wp-json\/wp\/v2\/comments?post=17845"}],"wp:attachment":[{"href":"https:\/\/nordicmart.andreevmaster.com\/sv\/wp-json\/wp\/v2\/media?parent=17845"}],"wp:term":[{"taxonomy":"product_brand","embeddable":true,"href":"https:\/\/nordicmart.andreevmaster.com\/sv\/wp-json\/wp\/v2\/product_brand?post=17845"},{"taxonomy":"product_cat","embeddable":true,"href":"https:\/\/nordicmart.andreevmaster.com\/sv\/wp-json\/wp\/v2\/product_cat?post=17845"},{"taxonomy":"product_tag","embeddable":true,"href":"https:\/\/nordicmart.andreevmaster.com\/sv\/wp-json\/wp\/v2\/product_tag?post=17845"}],"curies":[{"name":"wp","href":"https:\/\/api.w.org\/{rel}","templated":true}]}}