{"id":17844,"date":"2026-02-27T00:36:54","date_gmt":"2026-02-27T00:36:54","guid":{"rendered":"https:\/\/nordicmart.andreevmaster.com\/product\/woopie-2-i-1-vattenbord-och-sandlada-med-stol-aquapark-med-delfin\/"},"modified":"2026-02-27T08:26:06","modified_gmt":"2026-02-27T08:26:06","slug":"woopie-2-i-1-vattenbord-och-sandlada-med-stol-aquapark-med-delfin","status":"publish","type":"product","link":"https:\/\/nordicmart.andreevmaster.com\/sv\/produkt\/woopie-2-i-1-vattenbord-och-sandlada-med-stol-aquapark-med-delfin\/","title":{"rendered":"WOOPIE 2-i-1 vattenbord och sandl\u00e5da med stol Aquapark med delfin"},"content":{"rendered":"<p>3-i-1-setet fr\u00e5n Woopie \u00e4r perfekt f\u00f6r barn som \u00e4lskar att experimentera, skapa och spendera tid aktivt utomhus. Tack vare m\u00e5nga tillbeh\u00f6r och ett funktionellt bord med sittplats kan de sm\u00e5 leka i sanden, h\u00e4lla vatten, bygga och utforska v\u00e4rlden med sina sinnen!<\/p>\n<p>### Egenskaper:<\/p>\n<p>* &#8211; F\u00f6r barn fr\u00e5n 3 \u00e5r<br \/>\n* &#8211; 3-i-1 \u2013 lek med vatten, sand och tillbeh\u00f6r f\u00f6r att h\u00e4lla och forma<br \/>\n* &#8211; F\u00f6r inomhus- och utomhusbruk (tr\u00e4dg\u00e5rd, strand, balkong)<br \/>\n* &#8211; Omfattande set: spadar, krattor, formar, vattenkannor, hinkar och en rutschkana<br \/>\n* &#8211; Blommformat bord \u2013 f\u00e4rgglatt, stabilt och funktionellt<br \/>\n* &#8211; Inkluderar en bekv\u00e4m sits som kan justeras efter barnets l\u00e4ngd<br \/>\n* &#8211; H\u00e5rdplast \u2013 s\u00e4ker och v\u00e4derbest\u00e4ndig<br \/>\n* &#8211; Enkel och snabb montering \u2013 redo att leka p\u00e5 n\u00e5gra minuter!<\/p>\n<p>### Setet inneh\u00e5ller:<\/p>\n<p>* &#8211; 1 x vatten- och sandbord med fack<br \/>\n* &#8211; 1 x stol<br \/>\n* &#8211; 4 x spadar i olika f\u00e4rger och former<br \/>\n* &#8211; 1 x kratta<br \/>\n* &#8211; 2 x hinkar<br \/>\n* &#8211; 1 x vattenkanna<br \/>\n* &#8211; 1 x rutschkana<br \/>\n* &#8211; 4 x formar och figurer (havsdjur och djur)<br \/>\n* &#8211; 2 x vattenhjul \/ h\u00e4llattraktioner<\/p>\n<p>### Leksaken utvecklar:<\/p>\n<p>* &#8211; finmotorik<br \/>\n* &#8211; hand-\u00f6ga-koordination<br \/>\n* &#8211; kreativitet och kreativt t\u00e4nkande<br \/>\n* &#8211; sociala f\u00e4rdigheter (leka i grupp)<br \/>\n* &#8211; probleml\u00f6sningsf\u00f6rm\u00e5ga<br \/>\n* &#8211; sensorisk integration<\/p>\n","protected":false},"excerpt":{"rendered":"<p>3-i-1-setet fr\u00e5n Woopie \u00e4r perfekt f\u00f6r barn som \u00e4lskar att experimentera, skapa och spendera tid aktivt utomhus. Tack vare m\u00e5nga tillbeh\u00f6r och ett funktionellt bord med sittplats kan de sm\u00e5 leka i sanden, h\u00e4lla vatten, bygga och utforska v\u00e4rlden med sina sinnen! ### Egenskaper: * &#8211; F\u00f6r barn fr\u00e5n 3 \u00e5r * &#8211; 3-i-1 \u2013 [&hellip;]<\/p>\n","protected":false},"featured_media":0,"comment_status":"open","ping_status":"closed","template":"","meta":[],"product_brand":[],"product_cat":[33],"product_tag":[],"class_list":{"0":"post-17844","1":"product","2":"type-product","3":"status-publish","5":"product_cat-okategoriserad","7":"first","8":"instock","9":"shipping-taxable","10":"purchasable","11":"product-type-simple"},"_links":{"self":[{"href":"https:\/\/nordicmart.andreevmaster.com\/sv\/wp-json\/wp\/v2\/product\/17844","targetHints":{"allow":["GET"]}}],"collection":[{"href":"https:\/\/nordicmart.andreevmaster.com\/sv\/wp-json\/wp\/v2\/product"}],"about":[{"href":"https:\/\/nordicmart.andreevmaster.com\/sv\/wp-json\/wp\/v2\/types\/product"}],"replies":[{"embeddable":true,"href":"https:\/\/nordicmart.andreevmaster.com\/sv\/wp-json\/wp\/v2\/comments?post=17844"}],"wp:attachment":[{"href":"https:\/\/nordicmart.andreevmaster.com\/sv\/wp-json\/wp\/v2\/media?parent=17844"}],"wp:term":[{"taxonomy":"product_brand","embeddable":true,"href":"https:\/\/nordicmart.andreevmaster.com\/sv\/wp-json\/wp\/v2\/product_brand?post=17844"},{"taxonomy":"product_cat","embeddable":true,"href":"https:\/\/nordicmart.andreevmaster.com\/sv\/wp-json\/wp\/v2\/product_cat?post=17844"},{"taxonomy":"product_tag","embeddable":true,"href":"https:\/\/nordicmart.andreevmaster.com\/sv\/wp-json\/wp\/v2\/product_tag?post=17844"}],"curies":[{"name":"wp","href":"https:\/\/api.w.org\/{rel}","templated":true}]}}