{"id":17843,"date":"2026-02-27T00:36:53","date_gmt":"2026-02-27T00:36:53","guid":{"rendered":"https:\/\/nordicmart.andreevmaster.com\/product\/woopie-2-i-1-vattenbord-sandlada-fontan-xxl-vattenpark-med-delfin\/"},"modified":"2026-02-27T08:26:06","modified_gmt":"2026-02-27T08:26:06","slug":"woopie-2-i-1-vattenbord-sandlada-fontan-xxl-vattenpark-med-delfin","status":"publish","type":"product","link":"https:\/\/nordicmart.andreevmaster.com\/sv\/produkt\/woopie-2-i-1-vattenbord-sandlada-fontan-xxl-vattenpark-med-delfin\/","title":{"rendered":"WOOPIE 2-i-1 vattenbord sandl\u00e5da font\u00e4n XXL vattenpark med delfin"},"content":{"rendered":"<p>Ta med strand\u00e4ventyret direkt till din tr\u00e4dg\u00e5rd med det fantastiska 2-i-1 vattenbordet och sandl\u00e5dan fr\u00e5n Woopie! Det \u00e4r ett innovativt lekcenter som kombinerar gl\u00e4djen att plaska i vattnet med kreativt sandbyggande. Den flerniv\u00e5designen med kaskadvattenstr\u00f6mmar kommer att gl\u00e4dja alla sm\u00e5barn, och de m\u00e5nga sand- och vattentillbeh\u00f6ren kommer att ge timmar av engagerande och utvecklande lek. Perfekt f\u00f6r tr\u00e4dg\u00e5rden, terrassen eller till och med balkongen \u2013 var du \u00e4n vill skapa en magisk v\u00e4rld f\u00f6r barnens fantasi!<\/p>\n<p>Funktioner:<\/p>\n<p>* &#8211; F\u00f6r barn fr\u00e5n 3 \u00e5r<br \/>\n* &#8211; Vattenfont\u00e4nen skapar ett imponerande vattenfall som fascinerar barn<br \/>\n* &#8211; En del kan fyllas med vatten och den andra med sand<br \/>\n* &#8211; Snurrande vattenhjul, \u00f6ppningsbara grindar och r\u00f6rliga delar f\u00f6r att styra vattenfl\u00f6det<br \/>\n* &#8211; Smidiga kanter och robusta material garanterar s\u00e4ker lek<br \/>\n* &#8211; Omfattande set med tillbeh\u00f6r<br \/>\n* &#8211; Enkel design m\u00f6jligg\u00f6r snabb montering och demontering<\/p>\n<p>Setet inneh\u00e5ller:<\/p>\n<p>* &#8211; Bordunderrede med tre separata fack<br \/>\n* &#8211; Font\u00e4n i tre niv\u00e5er med vattenfallsystem och vattenhjul<br \/>\n* &#8211; Sandleksaker: spade, kratta, formar (t.ex. krabba, sk\u00f6ldpadda, sj\u00f6stj\u00e4rna, sn\u00e4cka)<br \/>\n* &#8211; Vattentillbeh\u00f6r: hinkar, vattenkanna, b\u00e5t, koppar<\/p>\n<p>Leksaken utvecklar:<\/p>\n<p>* &#8211; Manuell skicklighet och r\u00f6relseprecision<br \/>\n* &#8211; Hand-\u00f6ga-koordination<br \/>\n* &#8211; Kreativitet och fantasi<br \/>\n* &#8211; Orsak-verkan-t\u00e4nkande<br \/>\n* &#8211; Sensorisk utveckling<br \/>\n* &#8211; Sociala f\u00e4rdigheter<\/p>\n","protected":false},"excerpt":{"rendered":"<p>Ta med strand\u00e4ventyret direkt till din tr\u00e4dg\u00e5rd med det fantastiska 2-i-1 vattenbordet och sandl\u00e5dan fr\u00e5n Woopie! Det \u00e4r ett innovativt lekcenter som kombinerar gl\u00e4djen att plaska i vattnet med kreativt sandbyggande. Den flerniv\u00e5designen med kaskadvattenstr\u00f6mmar kommer att gl\u00e4dja alla sm\u00e5barn, och de m\u00e5nga sand- och vattentillbeh\u00f6ren kommer att ge timmar av engagerande och utvecklande lek. [&hellip;]<\/p>\n","protected":false},"featured_media":0,"comment_status":"open","ping_status":"closed","template":"","meta":[],"product_brand":[],"product_cat":[33],"product_tag":[],"class_list":{"0":"post-17843","1":"product","2":"type-product","3":"status-publish","5":"product_cat-okategoriserad","7":"first","8":"instock","9":"shipping-taxable","10":"purchasable","11":"product-type-simple"},"_links":{"self":[{"href":"https:\/\/nordicmart.andreevmaster.com\/sv\/wp-json\/wp\/v2\/product\/17843","targetHints":{"allow":["GET"]}}],"collection":[{"href":"https:\/\/nordicmart.andreevmaster.com\/sv\/wp-json\/wp\/v2\/product"}],"about":[{"href":"https:\/\/nordicmart.andreevmaster.com\/sv\/wp-json\/wp\/v2\/types\/product"}],"replies":[{"embeddable":true,"href":"https:\/\/nordicmart.andreevmaster.com\/sv\/wp-json\/wp\/v2\/comments?post=17843"}],"wp:attachment":[{"href":"https:\/\/nordicmart.andreevmaster.com\/sv\/wp-json\/wp\/v2\/media?parent=17843"}],"wp:term":[{"taxonomy":"product_brand","embeddable":true,"href":"https:\/\/nordicmart.andreevmaster.com\/sv\/wp-json\/wp\/v2\/product_brand?post=17843"},{"taxonomy":"product_cat","embeddable":true,"href":"https:\/\/nordicmart.andreevmaster.com\/sv\/wp-json\/wp\/v2\/product_cat?post=17843"},{"taxonomy":"product_tag","embeddable":true,"href":"https:\/\/nordicmart.andreevmaster.com\/sv\/wp-json\/wp\/v2\/product_tag?post=17843"}],"curies":[{"name":"wp","href":"https:\/\/api.w.org\/{rel}","templated":true}]}}