{"id":17842,"date":"2026-02-27T00:36:53","date_gmt":"2026-02-27T00:36:53","guid":{"rendered":"https:\/\/nordicmart.andreevmaster.com\/product\/woopie-4-i-1-vattenbord-sandlada-vattenfall-xl-4-nivaer-delfin\/"},"modified":"2026-02-27T08:26:05","modified_gmt":"2026-02-27T08:26:05","slug":"woopie-4-i-1-vattenbord-sandlada-vattenfall-xl-4-nivaer-delfin","status":"publish","type":"product","link":"https:\/\/nordicmart.andreevmaster.com\/sv\/produkt\/woopie-4-i-1-vattenbord-sandlada-vattenfall-xl-4-nivaer-delfin\/","title":{"rendered":"WOOPIE 4-i-1 vattenbord sandl\u00e5da vattenfall XL 4-niv\u00e5er delfin"},"content":{"rendered":"<p>Ta leken med vatten och sand till n\u00e4sta niv\u00e5 med v\u00e5rt fantastiska 4-i-1 vatten- och sandbord fr\u00e5n Woopie! Detta innovativa set \u00e4r en riktig mini-n\u00f6jespark f\u00f6r ditt barn och ger timmar av engagerande lek i tr\u00e4dg\u00e5rden, p\u00e5 stranden eller till och med i badrummet. Tack vare sin design med flera niv\u00e5er, vattenfall, r\u00f6rliga delar och ett brett utbud av tillbeh\u00f6r kan de sm\u00e5 skapa sina egna vatten\u00e4ventyr, utveckla sin kreativitet och utforska v\u00e4rlden genom sina sinnen. Perfekt f\u00f6r sj\u00e4lvst\u00e4ndigt lekande och gemensamma sommar\u00e4ventyr!<\/p>\n<p>Egenskaper:<\/p>\n<p>* &#8211; F\u00f6r barn fr\u00e5n 3 \u00e5r<br \/>\n* &#8211; 4-i-1 multifunktionalitet: vattenbord, sandl\u00e5da, strandset och badleksak<br \/>\n* &#8211; Vattenfall, roterande hjul och r\u00e4nnor garanterar dynamisk lek<br \/>\n* &#8211; Massor av formar, spadar, krattor och en vattenkanna f\u00f6r kreativt lekande<br \/>\n* &#8211; Lek med vatten och sand stimulerar sinnena och utvecklar motoriken<br \/>\n* &#8211; Att hantera elementen och h\u00e4lla vatten tr\u00e4nar precisionen i r\u00f6relserna<br \/>\n* &#8211; Enkel design g\u00f6r det m\u00f6jligt att snabbt montera och demontera<br \/>\n* &#8211; Tillverkad av h\u00f6gkvalitativ, giftfri, v\u00e4derbest\u00e4ndig plast<br \/>\n* &#8211; Perfekt f\u00f6r anv\u00e4ndning b\u00e5de utomhus och inomhus<\/p>\n<p>Satsen inneh\u00e5ller:<\/p>\n<p>* &#8211; Vatten-\/sandbord i flera niv\u00e5er<br \/>\n* &#8211; Set med formar<br \/>\n* &#8211; Spadar och krattor<br \/>\n* &#8211; Vattenkanna<br \/>\n* &#8211; Vattenfallselement (r\u00e4nnor, rullar, roterande rotorer)<br \/>\n* &#8211; Vattendjursfigurer<\/p>\n<p>Leksaken utvecklar:<\/p>\n<p>* &#8211; Manuell skicklighet och r\u00f6relseprecision<br \/>\n* &#8211; Hand-\u00f6ga-koordination<br \/>\n* &#8211; Kreativitet och fantasi<br \/>\n* &#8211; Orsak-verkan-t\u00e4nkande<br \/>\n* &#8211; Sensorisk utveckling<br \/>\n* &#8211; Sociala f\u00e4rdigheter<\/p>\n","protected":false},"excerpt":{"rendered":"<p>Ta leken med vatten och sand till n\u00e4sta niv\u00e5 med v\u00e5rt fantastiska 4-i-1 vatten- och sandbord fr\u00e5n Woopie! Detta innovativa set \u00e4r en riktig mini-n\u00f6jespark f\u00f6r ditt barn och ger timmar av engagerande lek i tr\u00e4dg\u00e5rden, p\u00e5 stranden eller till och med i badrummet. Tack vare sin design med flera niv\u00e5er, vattenfall, r\u00f6rliga delar och [&hellip;]<\/p>\n","protected":false},"featured_media":0,"comment_status":"open","ping_status":"closed","template":"","meta":[],"product_brand":[],"product_cat":[33],"product_tag":[],"class_list":{"0":"post-17842","1":"product","2":"type-product","3":"status-publish","5":"product_cat-okategoriserad","7":"first","8":"instock","9":"shipping-taxable","10":"purchasable","11":"product-type-simple"},"_links":{"self":[{"href":"https:\/\/nordicmart.andreevmaster.com\/sv\/wp-json\/wp\/v2\/product\/17842","targetHints":{"allow":["GET"]}}],"collection":[{"href":"https:\/\/nordicmart.andreevmaster.com\/sv\/wp-json\/wp\/v2\/product"}],"about":[{"href":"https:\/\/nordicmart.andreevmaster.com\/sv\/wp-json\/wp\/v2\/types\/product"}],"replies":[{"embeddable":true,"href":"https:\/\/nordicmart.andreevmaster.com\/sv\/wp-json\/wp\/v2\/comments?post=17842"}],"wp:attachment":[{"href":"https:\/\/nordicmart.andreevmaster.com\/sv\/wp-json\/wp\/v2\/media?parent=17842"}],"wp:term":[{"taxonomy":"product_brand","embeddable":true,"href":"https:\/\/nordicmart.andreevmaster.com\/sv\/wp-json\/wp\/v2\/product_brand?post=17842"},{"taxonomy":"product_cat","embeddable":true,"href":"https:\/\/nordicmart.andreevmaster.com\/sv\/wp-json\/wp\/v2\/product_cat?post=17842"},{"taxonomy":"product_tag","embeddable":true,"href":"https:\/\/nordicmart.andreevmaster.com\/sv\/wp-json\/wp\/v2\/product_tag?post=17842"}],"curies":[{"name":"wp","href":"https:\/\/api.w.org\/{rel}","templated":true}]}}