{"id":17841,"date":"2026-02-27T00:36:53","date_gmt":"2026-02-27T00:36:53","guid":{"rendered":"https:\/\/nordicmart.andreevmaster.com\/product\/big-trafikskyltar\/"},"modified":"2026-02-27T08:26:05","modified_gmt":"2026-02-27T08:26:05","slug":"big-trafikskyltar","status":"publish","type":"product","link":"https:\/\/nordicmart.andreevmaster.com\/sv\/produkt\/big-trafikskyltar\/","title":{"rendered":"BIG Trafikskyltar"},"content":{"rendered":"<p>BIG-trafikskyltarna \u00e4r ett utm\u00e4rkt pedagogiskt hj\u00e4lpmedel f\u00f6r barn fr\u00e5n 12 m\u00e5nader. Tack vare realistiska markeringar kan sm\u00e5barn enkelt och roligt l\u00e4ra sig de grundl\u00e4ggande trafikreglerna och utveckla sin medvetenhet om trafiks\u00e4kerhet.<\/p>\n<p>### Setet inneh\u00e5ller:<\/p>\n<p>3 robusta skyltar, var och en med dubbelsidig tryckning som visar totalt 5 realistiska trafiksymboler:<\/p>\n<p>* &#8211; STOPP-skylt (dubbelsidig)<br \/>\n* &#8211; V\u00e4g med f\u00f6retr\u00e4de<br \/>\n* &#8211; Slut p\u00e5 f\u00f6retr\u00e4desv\u00e4g<br \/>\n* &#8211; Parkering<br \/>\n* &#8211; \u00d6verg\u00e5ngsst\u00e4lle<\/p>\n<p>### Egenskaper:<\/p>\n<p>* &#8211; Fr\u00e5n 12 m\u00e5nader<br \/>\n* &#8211; Pedagogiskt set \u2013 3 v\u00e4gskyltar med 5 olika markeringar som hj\u00e4lper barn att f\u00f6rst\u00e5 grundl\u00e4ggande trafikregler.* &#8211; Dubbelsidig tryckning \u2013 realistiska, tydliga markeringar som syns p\u00e5 b\u00e5da sidor av skyltarna.<br \/>\n* &#8211; Stabil konstruktion \u2013 bred bas s\u00e4kerst\u00e4ller stabil placering, b\u00e5de inomhus och utomhus.* &#8211; S\u00e4ker material \u2013 tillverkad av h\u00f6gkvalitativ UV-best\u00e4ndig plast.<br \/>\n* &#8211; Enkel montering \u2013 snabb och enkel montering utan verktyg.<\/p>\n<p>### Leksaken utvecklar:<\/p>\n<p>* &#8211; S\u00e4kerhetsmedvetenhet \u2013 barn l\u00e4r sig grundl\u00e4ggande trafikregler p\u00e5 ett naturligt och tillg\u00e4ngligt s\u00e4tt.* &#8211; Fantasi och kreativitet \u2013 f\u00f6rm\u00e5gan att spela upp scener med trafikskyltar utvecklar sociala f\u00e4rdigheter och kreativt t\u00e4nkande. * &#8211; Motorisk koordination \u2013 sm\u00e5barn tr\u00e4nar fingerf\u00e4rdighet och smidighet genom att r\u00f6ra sig l\u00e4ngs \u201dv\u00e4garna\u201d enligt reglerna. * &#8211; F\u00f6rm\u00e5ga att leka i grupp \u2013 ett utm\u00e4rkt set f\u00f6r att leka tillsammans med syskon och v\u00e4nner.<\/p>\n","protected":false},"excerpt":{"rendered":"<p>BIG-trafikskyltarna \u00e4r ett utm\u00e4rkt pedagogiskt hj\u00e4lpmedel f\u00f6r barn fr\u00e5n 12 m\u00e5nader. Tack vare realistiska markeringar kan sm\u00e5barn enkelt och roligt l\u00e4ra sig de grundl\u00e4ggande trafikreglerna och utveckla sin medvetenhet om trafiks\u00e4kerhet. ### Setet inneh\u00e5ller: 3 robusta skyltar, var och en med dubbelsidig tryckning som visar totalt 5 realistiska trafiksymboler: * &#8211; STOPP-skylt (dubbelsidig) * &#8211; [&hellip;]<\/p>\n","protected":false},"featured_media":0,"comment_status":"open","ping_status":"closed","template":"","meta":[],"product_brand":[],"product_cat":[33],"product_tag":[],"class_list":{"0":"post-17841","1":"product","2":"type-product","3":"status-publish","5":"product_cat-okategoriserad","7":"first","8":"instock","9":"shipping-taxable","10":"purchasable","11":"product-type-simple"},"_links":{"self":[{"href":"https:\/\/nordicmart.andreevmaster.com\/sv\/wp-json\/wp\/v2\/product\/17841","targetHints":{"allow":["GET"]}}],"collection":[{"href":"https:\/\/nordicmart.andreevmaster.com\/sv\/wp-json\/wp\/v2\/product"}],"about":[{"href":"https:\/\/nordicmart.andreevmaster.com\/sv\/wp-json\/wp\/v2\/types\/product"}],"replies":[{"embeddable":true,"href":"https:\/\/nordicmart.andreevmaster.com\/sv\/wp-json\/wp\/v2\/comments?post=17841"}],"wp:attachment":[{"href":"https:\/\/nordicmart.andreevmaster.com\/sv\/wp-json\/wp\/v2\/media?parent=17841"}],"wp:term":[{"taxonomy":"product_brand","embeddable":true,"href":"https:\/\/nordicmart.andreevmaster.com\/sv\/wp-json\/wp\/v2\/product_brand?post=17841"},{"taxonomy":"product_cat","embeddable":true,"href":"https:\/\/nordicmart.andreevmaster.com\/sv\/wp-json\/wp\/v2\/product_cat?post=17841"},{"taxonomy":"product_tag","embeddable":true,"href":"https:\/\/nordicmart.andreevmaster.com\/sv\/wp-json\/wp\/v2\/product_tag?post=17841"}],"curies":[{"name":"wp","href":"https:\/\/api.w.org\/{rel}","templated":true}]}}