{"id":17840,"date":"2026-02-27T00:36:53","date_gmt":"2026-02-27T00:36:53","guid":{"rendered":"https:\/\/nordicmart.andreevmaster.com\/product\/woopie-grill-barbecue-garden-kitchen-interactive-led-set-xl-31-pcs-2\/"},"modified":"2026-02-27T08:26:05","modified_gmt":"2026-02-27T08:26:05","slug":"woopie-grill-barbecue-garden-kitchen-interactive-led-set-xl-31-pcs-2","status":"publish","type":"product","link":"https:\/\/nordicmart.andreevmaster.com\/sv\/produkt\/woopie-grill-barbecue-garden-kitchen-interactive-led-set-xl-31-pcs-2\/","title":{"rendered":"WOOPIE Grill Barbecue Garden Kitchen Interactive LED Set XL 31 pcs."},"content":{"rendered":"<p>Woopie Portable Barbecue Grill \u00e4r en unik leksak f\u00f6r barn som l\u00e5ter dem leka att de \u00e4r riktiga grillm\u00e4stare! Denna f\u00e4rgglada grill med ett brett utbud av tillbeh\u00f6r, ljus- och ljudeffekter samt \u00e5nga g\u00f6r varje leksession till ett of\u00f6rgl\u00f6mligt kulinariskt \u00e4ventyr. Anv\u00e4nd vredet eller en t\u00e4ndare f\u00f6r att t\u00e4nda kolet i grillen. Det realistiska utseendet, r\u00f6rligheten och de m\u00e5nga tillbeh\u00f6ren garanterar timmar av kreativ och pedagogisk lek \u2013 b\u00e5de hemma och utomhus.<br \/>\nFunktioner:<br \/>\n* &#8211; F\u00f6r barn fr\u00e5n 3 \u00e5r<br \/>\n* &#8211; Realistisk grill med ljus-, ljud- och \u00e5ngeffekter som imiterar riktig grillning<br \/>\n* &#8211; Tv\u00e5 t\u00e4ndningsalternativ f\u00f6r mer lekgl\u00e4dje, med vred eller t\u00e4ndare<br \/>\n* &#8211; Mobil design med hjul f\u00f6r enkel f\u00f6rflyttning<br \/>\n* &#8211; Omfattande set med k\u00f6ks- och mattillbeh\u00f6r<br \/>\n* &#8211; Tillverkad av h\u00f6gkvalitativa material<br \/>\n* &#8211; Enkel montering och f\u00f6rvaring tack vare den kompakta designen<br \/>\n* &#8211; Str\u00f6mf\u00f6rs\u00f6rjning: 3 x AA-batterier (ING\u00c5R EJ)<\/p>\n<p>&#8211; F\u00f6r barn fr\u00e5n 3 \u00e5r<\/p>\n<p>&#8211; Realistisk grill med ljus-, ljud- och \u00e5ngeffekter som imiterar riktig grillning<\/p>\n<p>&#8211; Tv\u00e5 t\u00e4ndningsalternativ f\u00f6r mer lekgl\u00e4dje, med vred eller t\u00e4ndare<\/p>\n<p>&#8211; Mobil design med hjul f\u00f6r enkel f\u00f6rflyttning<\/p>\n<p>&#8211; Omfattande set med k\u00f6ks- och mattillbeh\u00f6r<\/p>\n<p>&#8211; Tillverkad av h\u00f6gkvalitativa material<\/p>\n<p>&#8211; Enkel montering och f\u00f6rvaring tack vare kompakt design<\/p>\n<p>Setet inneh\u00e5ller:<\/p>\n<p>* &#8211; Grill<br \/>\n* &#8211; 2 tallrikar<br \/>\n* &#8211; Spatel<br \/>\n* &#8211; Kniv<br \/>\n* &#8211; Spatel<br \/>\n* &#8211; T\u00e5ng<br \/>\n* &#8211; Pastasked<br \/>\n* &#8211; Sopsked<br \/>\n* &#8211; Ugnsvante<br \/>\n* &#8211; T\u00e4ndare<br \/>\n* &#8211; 3 s\u00e5ser<br \/>\n* &#8211; 2 stekpannor<br \/>\n* &#8211; Revbensspj\u00e4ll<br \/>\n* &#8211; Biff<br \/>\n* &#8211; Kycklingbr\u00f6st<br \/>\n* &#8211; Hamburger<br \/>\n* &#8211; 2 majskolvar<br \/>\n* &#8211; 2 \u00e4rtskidor<br \/>\n* &#8211; Varmkorv<br \/>\n* &#8211; Korv<br \/>\n* &#8211; 3 skivor paprika<br \/>\n* &#8211; Salladsblad<br \/>\n* &#8211; Ostskiva<br \/>\n* &#8211; Vitl\u00f6ksklyfta<\/p>\n<p>Leksaken utvecklar:<\/p>\n<p>* &#8211; Sj\u00e4lvst\u00e4ndighet<br \/>\n* &#8211; Nyfikenhet<br \/>\n* &#8211; Fantasi<br \/>\n* &#8211; Logik<br \/>\n* &#8211; Kreativitet<\/p>\n","protected":false},"excerpt":{"rendered":"<p>Woopie Portable Barbecue Grill \u00e4r en unik leksak f\u00f6r barn som l\u00e5ter dem leka att de \u00e4r riktiga grillm\u00e4stare! Denna f\u00e4rgglada grill med ett brett utbud av tillbeh\u00f6r, ljus- och ljudeffekter samt \u00e5nga g\u00f6r varje leksession till ett of\u00f6rgl\u00f6mligt kulinariskt \u00e4ventyr. Anv\u00e4nd vredet eller en t\u00e4ndare f\u00f6r att t\u00e4nda kolet i grillen. Det realistiska utseendet, [&hellip;]<\/p>\n","protected":false},"featured_media":0,"comment_status":"open","ping_status":"closed","template":"","meta":[],"product_brand":[],"product_cat":[33],"product_tag":[],"class_list":{"0":"post-17840","1":"product","2":"type-product","3":"status-publish","5":"product_cat-okategoriserad","7":"first","8":"instock","9":"shipping-taxable","10":"purchasable","11":"product-type-simple"},"_links":{"self":[{"href":"https:\/\/nordicmart.andreevmaster.com\/sv\/wp-json\/wp\/v2\/product\/17840","targetHints":{"allow":["GET"]}}],"collection":[{"href":"https:\/\/nordicmart.andreevmaster.com\/sv\/wp-json\/wp\/v2\/product"}],"about":[{"href":"https:\/\/nordicmart.andreevmaster.com\/sv\/wp-json\/wp\/v2\/types\/product"}],"replies":[{"embeddable":true,"href":"https:\/\/nordicmart.andreevmaster.com\/sv\/wp-json\/wp\/v2\/comments?post=17840"}],"wp:attachment":[{"href":"https:\/\/nordicmart.andreevmaster.com\/sv\/wp-json\/wp\/v2\/media?parent=17840"}],"wp:term":[{"taxonomy":"product_brand","embeddable":true,"href":"https:\/\/nordicmart.andreevmaster.com\/sv\/wp-json\/wp\/v2\/product_brand?post=17840"},{"taxonomy":"product_cat","embeddable":true,"href":"https:\/\/nordicmart.andreevmaster.com\/sv\/wp-json\/wp\/v2\/product_cat?post=17840"},{"taxonomy":"product_tag","embeddable":true,"href":"https:\/\/nordicmart.andreevmaster.com\/sv\/wp-json\/wp\/v2\/product_tag?post=17840"}],"curies":[{"name":"wp","href":"https:\/\/api.w.org\/{rel}","templated":true}]}}