{"id":17839,"date":"2026-02-27T00:36:52","date_gmt":"2026-02-27T00:36:52","guid":{"rendered":"https:\/\/nordicmart.andreevmaster.com\/product\/woopie-grill-interaktiv-tradgardskok-led-steam-xl-set-41-st\/"},"modified":"2026-02-27T08:26:05","modified_gmt":"2026-02-27T08:26:05","slug":"woopie-grill-interaktiv-tradgardskok-led-steam-xl-set-41-st","status":"publish","type":"product","link":"https:\/\/nordicmart.andreevmaster.com\/sv\/produkt\/woopie-grill-interaktiv-tradgardskok-led-steam-xl-set-41-st\/","title":{"rendered":"WOOPIE Grill Interaktiv tr\u00e4dg\u00e5rdsk\u00f6k LED Steam XL Set 41 st."},"content":{"rendered":"<p>Ta med dig det roliga utomhus och l\u00e5t ditt barn k\u00e4nna sig som en riktig grillm\u00e4stare! Woopie Barbecue Grill \u00e4r ett unikt k\u00f6ksset som ger en realistisk upplevelse med r\u00f6k- och ljuseffekter. Utrustat med ett brett utbud av tillbeh\u00f6r, f\u00e4rgglada gr\u00f6nsaker, k\u00f6tt och k\u00f6ksredskap, m\u00f6jligg\u00f6r det kreativ och s\u00e4ker matlagningsgl\u00e4dje.<\/p>\n<p>Egenskaper:<\/p>\n<p>* &#8211; F\u00f6r barn fr\u00e5n 3 \u00e5r<br \/>\n* &#8211; Grillen avger realistisk r\u00f6k och ljus, vilket g\u00f6r leken \u00e4nnu mer autentisk.<br \/>\n* &#8211; Setet inneh\u00e5ller ett stort antal k\u00f6ksredskap, bestick, tallrikar, kryddor och en m\u00e4ngd olika livsmedel f\u00f6r grillning.<br \/>\n* &#8211; Alla delar \u00e4r tillverkade av h\u00f6gkvalitativa, barns\u00e4kra material.<br \/>\n* &#8211; Den enkla designen g\u00f6r att den g\u00e5r snabbt att montera.<br \/>\n* &#8211; Str\u00f6mf\u00f6rs\u00f6rjning: 3xAA-batterier (ING\u00c5R EJ)<\/p>\n<p>Satsen inneh\u00e5ller:<\/p>\n<p>* &#8211; Grill med galler och lock<br \/>\n* &#8211; Modul f\u00f6r r\u00f6k- och ljuseffekter<br \/>\n* &#8211; 2 stekpannor (rund och grill)<br \/>\n* &#8211; 5 k\u00f6ksredskap (spatlar, skedar, t\u00e4nger)<br \/>\n* &#8211; 2 tallrikar<br \/>\n* &#8211; Gaffel<br \/>\n* &#8211; Sked<br \/>\n* &#8211; Kniv<br \/>\n* &#8211; Leksaksmat<\/p>\n<p>&#8211; Grill med galler och lock<\/p>\n<p>&#8211; Modul med r\u00f6k- och ljuseffekter<\/p>\n<p>&#8211; 2 stekpannor (rund och grill)<\/p>\n<p>&#8211; 5 k\u00f6ksredskap (spatlar, skedar, t\u00e4nger)<\/p>\n<p>&#8211; 2 sm\u00e5 tallrikar<\/p>\n<p>&#8211; Gaffel<\/p>\n<p>&#8211; Kniv<\/p>\n<p>* &#8211; Sj\u00e4lvst\u00e4ndighet<br \/>\n* &#8211; Nyfikenhet<br \/>\n* &#8211; Fantasi<br \/>\n* &#8211; Logik<\/p>\n","protected":false},"excerpt":{"rendered":"<p>Ta med dig det roliga utomhus och l\u00e5t ditt barn k\u00e4nna sig som en riktig grillm\u00e4stare! Woopie Barbecue Grill \u00e4r ett unikt k\u00f6ksset som ger en realistisk upplevelse med r\u00f6k- och ljuseffekter. Utrustat med ett brett utbud av tillbeh\u00f6r, f\u00e4rgglada gr\u00f6nsaker, k\u00f6tt och k\u00f6ksredskap, m\u00f6jligg\u00f6r det kreativ och s\u00e4ker matlagningsgl\u00e4dje. Egenskaper: * &#8211; F\u00f6r barn [&hellip;]<\/p>\n","protected":false},"featured_media":0,"comment_status":"open","ping_status":"closed","template":"","meta":[],"product_brand":[],"product_cat":[33],"product_tag":[],"class_list":{"0":"post-17839","1":"product","2":"type-product","3":"status-publish","5":"product_cat-okategoriserad","7":"first","8":"instock","9":"shipping-taxable","10":"purchasable","11":"product-type-simple"},"_links":{"self":[{"href":"https:\/\/nordicmart.andreevmaster.com\/sv\/wp-json\/wp\/v2\/product\/17839","targetHints":{"allow":["GET"]}}],"collection":[{"href":"https:\/\/nordicmart.andreevmaster.com\/sv\/wp-json\/wp\/v2\/product"}],"about":[{"href":"https:\/\/nordicmart.andreevmaster.com\/sv\/wp-json\/wp\/v2\/types\/product"}],"replies":[{"embeddable":true,"href":"https:\/\/nordicmart.andreevmaster.com\/sv\/wp-json\/wp\/v2\/comments?post=17839"}],"wp:attachment":[{"href":"https:\/\/nordicmart.andreevmaster.com\/sv\/wp-json\/wp\/v2\/media?parent=17839"}],"wp:term":[{"taxonomy":"product_brand","embeddable":true,"href":"https:\/\/nordicmart.andreevmaster.com\/sv\/wp-json\/wp\/v2\/product_brand?post=17839"},{"taxonomy":"product_cat","embeddable":true,"href":"https:\/\/nordicmart.andreevmaster.com\/sv\/wp-json\/wp\/v2\/product_cat?post=17839"},{"taxonomy":"product_tag","embeddable":true,"href":"https:\/\/nordicmart.andreevmaster.com\/sv\/wp-json\/wp\/v2\/product_tag?post=17839"}],"curies":[{"name":"wp","href":"https:\/\/api.w.org\/{rel}","templated":true}]}}