{"id":17838,"date":"2026-02-27T00:36:52","date_gmt":"2026-02-27T00:36:52","guid":{"rendered":"https:\/\/nordicmart.andreevmaster.com\/product\/big-amsterdam-waterplay-stora-vattenportbatar\/"},"modified":"2026-02-27T08:26:05","modified_gmt":"2026-02-27T08:26:05","slug":"big-amsterdam-waterplay-stora-vattenportbatar","status":"publish","type":"product","link":"https:\/\/nordicmart.andreevmaster.com\/sv\/produkt\/big-amsterdam-waterplay-stora-vattenportbatar\/","title":{"rendered":"BIG Amsterdam Waterplay Stora vattenportb\u00e5tar"},"content":{"rendered":"<p>Amsterdam Waterplay-kanalsystemet kombinerar lek med vatten med n\u00f6jet att leka med vatten. N\u00e4r ett barn h\u00e4ller vatten i kanalen s\u00e4tter det ig\u00e5ng en r\u00f6relse som f\u00e5r b\u00e5tarna i kanalerna att r\u00f6ra sig. Vattenstr\u00f6mmen i kanalen kan ocks\u00e5 skapas genom att s\u00e4tta vattenhjulet i r\u00f6relse.<br \/>\nMycket roligt f\u00f6r alla barn som gillar att plaska i vatten!<br \/>\nEgenskaper:<br \/>\n* &#8211; dammar,<br \/>\n* &#8211; vattenhjul,<br \/>\n* &#8211; hamn med en 360-graders roterande arm och landningsplatta,<br \/>\n* &#8211; 2 pumpar och en sluss ansluten till en brant sluttande kanal, totalt 175 cm l\u00e5ng,* &#8211; 4 olika b\u00e5tar och 3 figurer,<br \/>\n* &#8211; specialdesignade t\u00e4tningar som g\u00f6r det m\u00f6jligt att montera utan lim,<br \/>\n* &#8211; setet kan fritt ut\u00f6kas och monteras snabbt.<\/p>\n","protected":false},"excerpt":{"rendered":"<p>Amsterdam Waterplay-kanalsystemet kombinerar lek med vatten med n\u00f6jet att leka med vatten. N\u00e4r ett barn h\u00e4ller vatten i kanalen s\u00e4tter det ig\u00e5ng en r\u00f6relse som f\u00e5r b\u00e5tarna i kanalerna att r\u00f6ra sig. Vattenstr\u00f6mmen i kanalen kan ocks\u00e5 skapas genom att s\u00e4tta vattenhjulet i r\u00f6relse. Mycket roligt f\u00f6r alla barn som gillar att plaska i vatten! [&hellip;]<\/p>\n","protected":false},"featured_media":0,"comment_status":"open","ping_status":"closed","template":"","meta":[],"product_brand":[],"product_cat":[33],"product_tag":[],"class_list":{"0":"post-17838","1":"product","2":"type-product","3":"status-publish","5":"product_cat-okategoriserad","7":"first","8":"instock","9":"shipping-taxable","10":"purchasable","11":"product-type-simple"},"_links":{"self":[{"href":"https:\/\/nordicmart.andreevmaster.com\/sv\/wp-json\/wp\/v2\/product\/17838","targetHints":{"allow":["GET"]}}],"collection":[{"href":"https:\/\/nordicmart.andreevmaster.com\/sv\/wp-json\/wp\/v2\/product"}],"about":[{"href":"https:\/\/nordicmart.andreevmaster.com\/sv\/wp-json\/wp\/v2\/types\/product"}],"replies":[{"embeddable":true,"href":"https:\/\/nordicmart.andreevmaster.com\/sv\/wp-json\/wp\/v2\/comments?post=17838"}],"wp:attachment":[{"href":"https:\/\/nordicmart.andreevmaster.com\/sv\/wp-json\/wp\/v2\/media?parent=17838"}],"wp:term":[{"taxonomy":"product_brand","embeddable":true,"href":"https:\/\/nordicmart.andreevmaster.com\/sv\/wp-json\/wp\/v2\/product_brand?post=17838"},{"taxonomy":"product_cat","embeddable":true,"href":"https:\/\/nordicmart.andreevmaster.com\/sv\/wp-json\/wp\/v2\/product_cat?post=17838"},{"taxonomy":"product_tag","embeddable":true,"href":"https:\/\/nordicmart.andreevmaster.com\/sv\/wp-json\/wp\/v2\/product_tag?post=17838"}],"curies":[{"name":"wp","href":"https:\/\/api.w.org\/{rel}","templated":true}]}}