{"id":17837,"date":"2026-02-27T00:36:52","date_gmt":"2026-02-27T00:36:52","guid":{"rendered":"https:\/\/nordicmart.andreevmaster.com\/product\/woopie-elektroniskt-pedagogiskt-trumset-for-barn-5-trummor-1-cymbal\/"},"modified":"2026-02-27T08:26:04","modified_gmt":"2026-02-27T08:26:04","slug":"woopie-elektroniskt-pedagogiskt-trumset-for-barn-5-trummor-1-cymbal","status":"publish","type":"product","link":"https:\/\/nordicmart.andreevmaster.com\/sv\/produkt\/woopie-elektroniskt-pedagogiskt-trumset-for-barn-5-trummor-1-cymbal\/","title":{"rendered":"WOOPIE Elektroniskt pedagogiskt trumset f\u00f6r barn 5 trummor 1 cymbal"},"content":{"rendered":"<p>L\u00e5t ditt barn uppt\u00e4cka gl\u00e4djen i att g\u00f6ra musik! Detta interaktiva trumset fr\u00e5n Woopie \u00e4r utformat f\u00f6r de yngsta musikerna \u2013 s\u00e4kert, h\u00e5llbart och fullt av funktioner som stimulerar kreativiteten och st\u00f6djer utvecklingen. Det \u00e4r inte bara en leksak \u2013 det \u00e4r ett interaktivt verktyg f\u00f6r att utveckla musikalisk talang, koordination och fantasi. Detta trumset f\u00f6r barn \u00e4r tillverkat av l\u00e4tt plast, s\u00e5 det orsakar inga skador om det v\u00e4lter, och det \u00e4r l\u00e4tt att h\u00e5lla rent genom att torka av det med en fuktig trasa vid behov. De livfulla f\u00e4rgerna och s\u00e4kra materialen g\u00f6r att barn kommer att \u00e4lska att spela fr\u00e5n f\u00f6rsta trumslaget. Det \u00e4r den perfekta leksaken f\u00f6r att starta ditt barns musikaliska \u00e4ventyr!<\/p>\n<p>Funktioner:<\/p>\n<p>* &#8211; Leksak f\u00f6r barn fr\u00e5n 3 \u00e5r<br \/>\n* &#8211; S\u00e4ker och certifierade material \u2013 rundade kanter, giftfri plast<br \/>\n* &#8211; Realistiskt utseende \u2013 som ett riktigt trumset, men i en barnversion<br \/>\n* &#8211; H\u00e5llbar och stabil konstruktion som t\u00e5l intensiv lek<br \/>\n* &#8211; Ljus- och ljudeffekter<br \/>\n* &#8211; Setet inneh\u00e5ller en h\u00e5llare f\u00f6r smartphone\/surfplatta<br \/>\n* &#8211; Kompakta m\u00e5tt<br \/>\n* &#8211; Str\u00f6mf\u00f6rs\u00f6rjning: 3x AA-batterier (ing\u00e5r ej)<\/p>\n<p>Setet inneh\u00e5ller:<\/p>\n<p>* &#8211; 1x central trumma<br \/>\n* &#8211; 1x platta<br \/>\n* &#8211; 3x medelstor trumma<br \/>\n* &#8211; 1x liten trumma<br \/>\n* &#8211; 2x trumpinnar<br \/>\n* &#8211; 1x cymbalstativ<br \/>\n* &#8211; 1x stativ\/h\u00e5llare f\u00f6r telefon\/surfplatta<br \/>\n* &#8211; 6x pedagogiska\/musikkort<\/p>\n<p>Satsen utvecklar:<\/p>\n<p>* &#8211; Motorisk koordination och motoriska f\u00e4rdigheter \u2013 samtidig anv\u00e4ndning av h\u00e4nder och f\u00f6tter<br \/>\n* &#8211; Kreativitet och fantasi \u2013 skapa egna rytmer och melodier<br \/>\n* &#8211; Koncentration och t\u00e5lamod \u2013 \u00f6vningarna p\u00e5 korten hj\u00e4lper till att l\u00e4ra sig sekvenser<br \/>\n* &#8211; Sj\u00e4lvf\u00f6rtroende \u2013 barnet upptr\u00e4der, skapar och presenterar sig f\u00f6r andra<br \/>\n* &#8211; F\u00f6r\u00e4ldra-barn-relationen \u2013 att spela musik tillsammans f\u00f6r er n\u00e4rmare varandra och ger er mycket gl\u00e4dje<\/p>\n","protected":false},"excerpt":{"rendered":"<p>L\u00e5t ditt barn uppt\u00e4cka gl\u00e4djen i att g\u00f6ra musik! Detta interaktiva trumset fr\u00e5n Woopie \u00e4r utformat f\u00f6r de yngsta musikerna \u2013 s\u00e4kert, h\u00e5llbart och fullt av funktioner som stimulerar kreativiteten och st\u00f6djer utvecklingen. Det \u00e4r inte bara en leksak \u2013 det \u00e4r ett interaktivt verktyg f\u00f6r att utveckla musikalisk talang, koordination och fantasi. Detta trumset [&hellip;]<\/p>\n","protected":false},"featured_media":0,"comment_status":"open","ping_status":"closed","template":"","meta":[],"product_brand":[],"product_cat":[33],"product_tag":[],"class_list":{"0":"post-17837","1":"product","2":"type-product","3":"status-publish","5":"product_cat-okategoriserad","7":"first","8":"instock","9":"shipping-taxable","10":"purchasable","11":"product-type-simple"},"_links":{"self":[{"href":"https:\/\/nordicmart.andreevmaster.com\/sv\/wp-json\/wp\/v2\/product\/17837","targetHints":{"allow":["GET"]}}],"collection":[{"href":"https:\/\/nordicmart.andreevmaster.com\/sv\/wp-json\/wp\/v2\/product"}],"about":[{"href":"https:\/\/nordicmart.andreevmaster.com\/sv\/wp-json\/wp\/v2\/types\/product"}],"replies":[{"embeddable":true,"href":"https:\/\/nordicmart.andreevmaster.com\/sv\/wp-json\/wp\/v2\/comments?post=17837"}],"wp:attachment":[{"href":"https:\/\/nordicmart.andreevmaster.com\/sv\/wp-json\/wp\/v2\/media?parent=17837"}],"wp:term":[{"taxonomy":"product_brand","embeddable":true,"href":"https:\/\/nordicmart.andreevmaster.com\/sv\/wp-json\/wp\/v2\/product_brand?post=17837"},{"taxonomy":"product_cat","embeddable":true,"href":"https:\/\/nordicmart.andreevmaster.com\/sv\/wp-json\/wp\/v2\/product_cat?post=17837"},{"taxonomy":"product_tag","embeddable":true,"href":"https:\/\/nordicmart.andreevmaster.com\/sv\/wp-json\/wp\/v2\/product_tag?post=17837"}],"curies":[{"name":"wp","href":"https:\/\/api.w.org\/{rel}","templated":true}]}}