{"id":17836,"date":"2026-02-27T00:36:51","date_gmt":"2026-02-27T00:36:51","guid":{"rendered":"https:\/\/nordicmart.andreevmaster.com\/product\/big-waterplay-niagara-water-track-41-pcs-2\/"},"modified":"2026-02-27T08:26:04","modified_gmt":"2026-02-27T08:26:04","slug":"big-waterplay-niagara-water-track-41-pcs-2","status":"publish","type":"product","link":"https:\/\/nordicmart.andreevmaster.com\/sv\/produkt\/big-waterplay-niagara-water-track-41-pcs-2\/","title":{"rendered":"BIG Waterplay Niagara Water Track 41 pcs."},"content":{"rendered":"<p>Vi presenterar BIG Waterplay Niagara \u2013 ett extraordin\u00e4rt pedagogiskt vattenleksak som kombinerar l\u00e4rande med fantastisk lek! Tack vare ett system av kanaler, slussar och dammar kan barn experimentera med vattenfl\u00f6det, styra b\u00e5tar och skapa sina egna vatten\u00e4ventyr. Det \u00e4r det perfekta valet f\u00f6r sm\u00e5 uppt\u00e4cktsresande fr\u00e5n 3 \u00e5r! Egenskaper:<\/p>\n<p>* &#8211; leksak f\u00f6r barn fr\u00e5n 3 \u00e5r,<br \/>\n* &#8211; Niagara Waterplay \u2013 lek med vatten och l\u00e4r dig om dess egenskaper,<br \/>\n* &#8211; barn h\u00e4ller vatten i kanalerna och styr b\u00e5tar, en hydrofoil och en ponton,<br \/>\n* &#8211; flyttbara dammar, pump och sluss \u2013 vilket \u00f6kar attraktionskraften och utvecklar kreativiteten,* &#8211; h\u00e5llbar och vattent\u00e5lig plast \u2013 s\u00e4ker f\u00f6r barn,<br \/>\n* &#8211; l\u00e4tt att montera \u2013 t\u00e4tningarna beh\u00f6ver inte limmas,<br \/>\n* &#8211; kompatibel med Lego Duplo \u2013 utbyggbar och g\u00f6r det m\u00f6jligt att skapa egna scenarier,<br \/>\n* &#8211; 41 delar, inklusive 4 figurer.* &#8211; M\u00f6jlighet att bygga 3 typer av banor<\/p>\n<p>Leksaken utvecklar<\/p>\n<p>* &#8211; Kreativitet och rumslig fantasi<br \/>\n* &#8211; Manuell skicklighet<br \/>\n* &#8211; Logiskt t\u00e4nkande<br \/>\n* &#8211; Intresse f\u00f6r fysikens och mekanikens principer<\/p>\n","protected":false},"excerpt":{"rendered":"<p>Vi presenterar BIG Waterplay Niagara \u2013 ett extraordin\u00e4rt pedagogiskt vattenleksak som kombinerar l\u00e4rande med fantastisk lek! Tack vare ett system av kanaler, slussar och dammar kan barn experimentera med vattenfl\u00f6det, styra b\u00e5tar och skapa sina egna vatten\u00e4ventyr. Det \u00e4r det perfekta valet f\u00f6r sm\u00e5 uppt\u00e4cktsresande fr\u00e5n 3 \u00e5r! Egenskaper: * &#8211; leksak f\u00f6r barn fr\u00e5n [&hellip;]<\/p>\n","protected":false},"featured_media":0,"comment_status":"open","ping_status":"closed","template":"","meta":[],"product_brand":[],"product_cat":[33],"product_tag":[],"class_list":{"0":"post-17836","1":"product","2":"type-product","3":"status-publish","5":"product_cat-okategoriserad","7":"first","8":"instock","9":"shipping-taxable","10":"purchasable","11":"product-type-simple"},"_links":{"self":[{"href":"https:\/\/nordicmart.andreevmaster.com\/sv\/wp-json\/wp\/v2\/product\/17836","targetHints":{"allow":["GET"]}}],"collection":[{"href":"https:\/\/nordicmart.andreevmaster.com\/sv\/wp-json\/wp\/v2\/product"}],"about":[{"href":"https:\/\/nordicmart.andreevmaster.com\/sv\/wp-json\/wp\/v2\/types\/product"}],"replies":[{"embeddable":true,"href":"https:\/\/nordicmart.andreevmaster.com\/sv\/wp-json\/wp\/v2\/comments?post=17836"}],"wp:attachment":[{"href":"https:\/\/nordicmart.andreevmaster.com\/sv\/wp-json\/wp\/v2\/media?parent=17836"}],"wp:term":[{"taxonomy":"product_brand","embeddable":true,"href":"https:\/\/nordicmart.andreevmaster.com\/sv\/wp-json\/wp\/v2\/product_brand?post=17836"},{"taxonomy":"product_cat","embeddable":true,"href":"https:\/\/nordicmart.andreevmaster.com\/sv\/wp-json\/wp\/v2\/product_cat?post=17836"},{"taxonomy":"product_tag","embeddable":true,"href":"https:\/\/nordicmart.andreevmaster.com\/sv\/wp-json\/wp\/v2\/product_tag?post=17836"}],"curies":[{"name":"wp","href":"https:\/\/api.w.org\/{rel}","templated":true}]}}