{"id":17835,"date":"2026-02-27T00:36:51","date_gmt":"2026-02-27T00:36:51","guid":{"rendered":"https:\/\/nordicmart.andreevmaster.com\/product\/woopie-magnetiska-3d-byggklossar-pedagogiskt-set-bollbana-170-delar\/"},"modified":"2026-02-27T08:26:04","modified_gmt":"2026-02-27T08:26:04","slug":"woopie-magnetiska-3d-byggklossar-pedagogiskt-set-bollbana-170-delar","status":"publish","type":"product","link":"https:\/\/nordicmart.andreevmaster.com\/sv\/produkt\/woopie-magnetiska-3d-byggklossar-pedagogiskt-set-bollbana-170-delar\/","title":{"rendered":"WOOPIE Magnetiska 3D-byggklossar, pedagogiskt set, bollbana, 170 delar."},"content":{"rendered":"<p>Uppt\u00e4ck ett riktigt paradis av kreativitet och teknik med 3D-magnetiska byggklossar fr\u00e5n Woopie! Med detta imponerande set med 170 delar kan du bygga en omfattande bollbana i flera niv\u00e5er och fantastiska rumsliga strukturer. Transparenta magnetiska brickor och en m\u00e4ngd f\u00e4rgglada banelement garanterar timmar av engagerande lek, under vilken barnen l\u00e4r sig grunderna i fysik och tyngdkraftens principer i praktiken. Det \u00e4r det perfekta s\u00e4ttet att utveckla logiskt t\u00e4nkande, rumslig fantasi och manuell skicklighet. Detta set \u00e4r en port till en v\u00e4rld av obegr\u00e4nsade byggm\u00f6jligheter!<\/p>\n<p>Egenskaper:<\/p>\n<p>* &#8211; L\u00e4mpligt f\u00f6r barn fr\u00e5n 3 \u00e5r<br \/>\n* &#8211; Slitstark plast med inbyggda s\u00e4kra magneter<br \/>\n* &#8211; Magnetiska 3D-byggklossar, modul\u00e4rt kulbanesystem<br \/>\n* &#8211; Stort antal element (170 delar), transparenta banelement<br \/>\n* &#8211; Olika former och f\u00e4rger<br \/>\n* &#8211; M\u00f6jlighet att skapa komplexa och stabila strukturer<br \/>\n* &#8211; Element som g\u00f6r det m\u00f6jligt att skapa dinosaurieformade strukturer<\/p>\n<p>Satsen inneh\u00e5ller:<\/p>\n<p>* &#8211; Totalt 170 olika byggelement, inklusive magnetiska<br \/>\n* &#8211; Banelement s\u00e5som r\u00e4nnor, kurvor och r\u00f6r<br \/>\n* &#8211; Bollar\/kulor f\u00f6r banan<br \/>\n* &#8211; En upps\u00e4ttning klisterm\u00e4rken f\u00f6r att personifiera elementen<br \/>\n* &#8211; Element som g\u00f6r det m\u00f6jligt att skapa dinosaurieformade strukturer (huvuden, sidor)<\/p>\n<p>Leksaken utvecklar:<\/p>\n<p>* &#8211; Kreativitet och fantasi<br \/>\n* &#8211; Logiskt och rumsligt t\u00e4nkande<br \/>\n* &#8211; Manuell skicklighet och precision<br \/>\n* &#8211; F\u00f6rst\u00e5else f\u00f6r fysikens grunder<br \/>\n* &#8211; Koncentration och t\u00e5lamod<br \/>\n* &#8211; Konstruktions- och ingenj\u00f6rskunskaper<\/p>\n","protected":false},"excerpt":{"rendered":"<p>Uppt\u00e4ck ett riktigt paradis av kreativitet och teknik med 3D-magnetiska byggklossar fr\u00e5n Woopie! Med detta imponerande set med 170 delar kan du bygga en omfattande bollbana i flera niv\u00e5er och fantastiska rumsliga strukturer. Transparenta magnetiska brickor och en m\u00e4ngd f\u00e4rgglada banelement garanterar timmar av engagerande lek, under vilken barnen l\u00e4r sig grunderna i fysik och [&hellip;]<\/p>\n","protected":false},"featured_media":0,"comment_status":"open","ping_status":"closed","template":"","meta":[],"product_brand":[],"product_cat":[33],"product_tag":[],"class_list":{"0":"post-17835","1":"product","2":"type-product","3":"status-publish","5":"product_cat-okategoriserad","7":"first","8":"instock","9":"shipping-taxable","10":"purchasable","11":"product-type-simple"},"_links":{"self":[{"href":"https:\/\/nordicmart.andreevmaster.com\/sv\/wp-json\/wp\/v2\/product\/17835","targetHints":{"allow":["GET"]}}],"collection":[{"href":"https:\/\/nordicmart.andreevmaster.com\/sv\/wp-json\/wp\/v2\/product"}],"about":[{"href":"https:\/\/nordicmart.andreevmaster.com\/sv\/wp-json\/wp\/v2\/types\/product"}],"replies":[{"embeddable":true,"href":"https:\/\/nordicmart.andreevmaster.com\/sv\/wp-json\/wp\/v2\/comments?post=17835"}],"wp:attachment":[{"href":"https:\/\/nordicmart.andreevmaster.com\/sv\/wp-json\/wp\/v2\/media?parent=17835"}],"wp:term":[{"taxonomy":"product_brand","embeddable":true,"href":"https:\/\/nordicmart.andreevmaster.com\/sv\/wp-json\/wp\/v2\/product_brand?post=17835"},{"taxonomy":"product_cat","embeddable":true,"href":"https:\/\/nordicmart.andreevmaster.com\/sv\/wp-json\/wp\/v2\/product_cat?post=17835"},{"taxonomy":"product_tag","embeddable":true,"href":"https:\/\/nordicmart.andreevmaster.com\/sv\/wp-json\/wp\/v2\/product_tag?post=17835"}],"curies":[{"name":"wp","href":"https:\/\/api.w.org\/{rel}","templated":true}]}}