{"id":17834,"date":"2026-02-27T00:36:51","date_gmt":"2026-02-27T00:36:51","guid":{"rendered":"https:\/\/nordicmart.andreevmaster.com\/product\/big-power-worker-maxi-ride-on-trailer-movable-platform-2\/"},"modified":"2026-02-27T08:26:04","modified_gmt":"2026-02-27T08:26:04","slug":"big-power-worker-maxi-ride-on-trailer-movable-platform-2","status":"publish","type":"product","link":"https:\/\/nordicmart.andreevmaster.com\/sv\/produkt\/big-power-worker-maxi-ride-on-trailer-movable-platform-2\/","title":{"rendered":"BIG Power Worker Maxi Ride-On Trailer Movable Platform"},"content":{"rendered":"<p>Detta kraftfulla nya tillbeh\u00f6r fr\u00e5n BIG Power Worker Maxi-serien \u00e4r det perfekta komplementet till befintliga BIG Power Worker Maxi-byggfordon. Den nya trailern kan enkelt kopplas till BIG Power Worker Maxi Truck, Maxi Digger och Maxi Crane med hj\u00e4lp av den medf\u00f6ljande dragkroken, vilket ger barnen extra f\u00f6rvaringsutrymme f\u00f6r sandleksaker och byggavfall. Tack vare h\u00f6gkvalitativa d\u00e4ck av mjukare, icke-m\u00e4rkande plast kan trailern ocks\u00e5 anv\u00e4ndas inomhus utan problem. Liksom alla andra BIG Power Workers kan fordonet reng\u00f6ras snabbt utan att l\u00e4mna n\u00e5gra m\u00e4rken.<\/p>\n<p>Egenskaper:<\/p>\n<p>* &#8211; l\u00e4mplig f\u00f6r barn i \u00e5ldern 3 till 7 \u00e5r,<br \/>\n* &#8211; r\u00f6rlig plattform,<br \/>\n* &#8211; plattformens lastkapacitet upp till 25 kg,<br \/>\n* &#8211; utrustad med en krok som m\u00f6jligg\u00f6r anslutning till en sl\u00e4pvagn,* &#8211; ett perfekt komplement till Power Worker Maxi-kollektionen,<br \/>\n* &#8211; l\u00e4tt att reng\u00f6ra, vilket g\u00f6r det enkelt att h\u00e5lla rent,<br \/>\n* &#8211; idealisk f\u00f6r b\u00e5de inomhus- och utomhusbruk tack vare h\u00f6gkvalitativa d\u00e4ck. BIG tillh\u00f6r den stora Simba Dickie-koncernen \u2013 Sortimentet omfattar ett brett utbud av innovativa leksaker som stimulerar barns motoriska utveckling. BIG-produkterna erbjuder m\u00e5nga id\u00e9er f\u00f6r lek. Sortimentet omfattar bilar, \u00e5kleksaker, gungh\u00e4star, traktorer, b\u00e5tar, rutschkanor, flytande leksaker och sandl\u00e5dor. BIG-leksaker \u00e4r av mycket h\u00f6g kvalitet. De tillverkas i Tyskland av h\u00f6gkvalitativa UV-best\u00e4ndiga material. S\u00e4kerheten hos v\u00e5ra leksaker garanteras och bekr\u00e4ftas av LGA\/T\u00dcV-tester.<\/p>\n","protected":false},"excerpt":{"rendered":"<p>Detta kraftfulla nya tillbeh\u00f6r fr\u00e5n BIG Power Worker Maxi-serien \u00e4r det perfekta komplementet till befintliga BIG Power Worker Maxi-byggfordon. Den nya trailern kan enkelt kopplas till BIG Power Worker Maxi Truck, Maxi Digger och Maxi Crane med hj\u00e4lp av den medf\u00f6ljande dragkroken, vilket ger barnen extra f\u00f6rvaringsutrymme f\u00f6r sandleksaker och byggavfall. Tack vare h\u00f6gkvalitativa d\u00e4ck [&hellip;]<\/p>\n","protected":false},"featured_media":0,"comment_status":"open","ping_status":"closed","template":"","meta":[],"product_brand":[],"product_cat":[33],"product_tag":[],"class_list":{"0":"post-17834","1":"product","2":"type-product","3":"status-publish","5":"product_cat-okategoriserad","7":"first","8":"instock","9":"shipping-taxable","10":"purchasable","11":"product-type-simple"},"_links":{"self":[{"href":"https:\/\/nordicmart.andreevmaster.com\/sv\/wp-json\/wp\/v2\/product\/17834","targetHints":{"allow":["GET"]}}],"collection":[{"href":"https:\/\/nordicmart.andreevmaster.com\/sv\/wp-json\/wp\/v2\/product"}],"about":[{"href":"https:\/\/nordicmart.andreevmaster.com\/sv\/wp-json\/wp\/v2\/types\/product"}],"replies":[{"embeddable":true,"href":"https:\/\/nordicmart.andreevmaster.com\/sv\/wp-json\/wp\/v2\/comments?post=17834"}],"wp:attachment":[{"href":"https:\/\/nordicmart.andreevmaster.com\/sv\/wp-json\/wp\/v2\/media?parent=17834"}],"wp:term":[{"taxonomy":"product_brand","embeddable":true,"href":"https:\/\/nordicmart.andreevmaster.com\/sv\/wp-json\/wp\/v2\/product_brand?post=17834"},{"taxonomy":"product_cat","embeddable":true,"href":"https:\/\/nordicmart.andreevmaster.com\/sv\/wp-json\/wp\/v2\/product_cat?post=17834"},{"taxonomy":"product_tag","embeddable":true,"href":"https:\/\/nordicmart.andreevmaster.com\/sv\/wp-json\/wp\/v2\/product_tag?post=17834"}],"curies":[{"name":"wp","href":"https:\/\/api.w.org\/{rel}","templated":true}]}}