{"id":17833,"date":"2026-02-27T00:36:51","date_gmt":"2026-02-27T00:36:51","guid":{"rendered":"https:\/\/nordicmart.andreevmaster.com\/product\/woopie-torr-pool-lekhage-for-barn-for-hem-och-tradgard\/"},"modified":"2026-02-27T08:26:04","modified_gmt":"2026-02-27T08:26:04","slug":"woopie-torr-pool-lekhage-for-barn-for-hem-och-tradgard","status":"publish","type":"product","link":"https:\/\/nordicmart.andreevmaster.com\/sv\/produkt\/woopie-torr-pool-lekhage-for-barn-for-hem-och-tradgard\/","title":{"rendered":"WOOPIE Torr pool lekhage f\u00f6r barn f\u00f6r hem och tr\u00e4dg\u00e5rd"},"content":{"rendered":"<p>Ett staket f\u00f6r barn som kan anv\u00e4ndas f\u00f6r att skapa en lekhage d\u00e4r ditt barn kan leka. Placera bara ett gosedjur, mjuka s\u00e4ngkl\u00e4der eller favoritleksaker inuti. Det kan ocks\u00e5 anv\u00e4ndas som ett staket f\u00f6r att blockera omr\u00e5den som du inte vill att ditt barn ska g\u00e5 till. <\/p>\n<p>Det \u00e4r perfekt f\u00f6r anv\u00e4ndning hemma, i tr\u00e4dg\u00e5rden p\u00e5 varma dagar, samt i daghem eller butiker, d\u00e4r de sm\u00e5 kan ha sin egen lekh\u00f6rna. Det \u00e4r en lekh\u00f6rna f\u00f6r daghem, butiker eller fris\u00f6rsalonger. Det kan ocks\u00e5 anv\u00e4ndas som ett staket f\u00f6r att blockera omr\u00e5den dit du inte vill att ditt barn ska g\u00e5. Staketet blockerar radiatorer, ing\u00e5ngen till ett rum eller omsluter en hemmabio, som barn \u00e4lskar att leka med. <\/p>\n<p>Egenskaper: <\/p>\n<p>&#8211; Setet inneh\u00e5ller 10 f\u00e4rgglada paneler och en tygbotten. &#8211; Mycket stabilt, varje panel har tv\u00e5 ben med halkfria dynor. &#8211; Setet kan kombineras fritt f\u00f6r att skapa en st\u00f6rre lekhage eller lekh\u00f6rna. &#8211; Solid, slagt\u00e5lig plast. &#8211; Staketet kan demonteras och vikas ihop i en v\u00e4ska, som ocks\u00e5 fungerar som lekhagens golv f\u00f6r transport eller f\u00f6rvaring.<\/p>\n","protected":false},"excerpt":{"rendered":"<p>Ett staket f\u00f6r barn som kan anv\u00e4ndas f\u00f6r att skapa en lekhage d\u00e4r ditt barn kan leka. Placera bara ett gosedjur, mjuka s\u00e4ngkl\u00e4der eller favoritleksaker inuti. Det kan ocks\u00e5 anv\u00e4ndas som ett staket f\u00f6r att blockera omr\u00e5den som du inte vill att ditt barn ska g\u00e5 till. Det \u00e4r perfekt f\u00f6r anv\u00e4ndning hemma, i tr\u00e4dg\u00e5rden [&hellip;]<\/p>\n","protected":false},"featured_media":0,"comment_status":"open","ping_status":"closed","template":"","meta":[],"product_brand":[],"product_cat":[33],"product_tag":[],"class_list":{"0":"post-17833","1":"product","2":"type-product","3":"status-publish","5":"product_cat-okategoriserad","7":"first","8":"instock","9":"shipping-taxable","10":"purchasable","11":"product-type-simple"},"_links":{"self":[{"href":"https:\/\/nordicmart.andreevmaster.com\/sv\/wp-json\/wp\/v2\/product\/17833","targetHints":{"allow":["GET"]}}],"collection":[{"href":"https:\/\/nordicmart.andreevmaster.com\/sv\/wp-json\/wp\/v2\/product"}],"about":[{"href":"https:\/\/nordicmart.andreevmaster.com\/sv\/wp-json\/wp\/v2\/types\/product"}],"replies":[{"embeddable":true,"href":"https:\/\/nordicmart.andreevmaster.com\/sv\/wp-json\/wp\/v2\/comments?post=17833"}],"wp:attachment":[{"href":"https:\/\/nordicmart.andreevmaster.com\/sv\/wp-json\/wp\/v2\/media?parent=17833"}],"wp:term":[{"taxonomy":"product_brand","embeddable":true,"href":"https:\/\/nordicmart.andreevmaster.com\/sv\/wp-json\/wp\/v2\/product_brand?post=17833"},{"taxonomy":"product_cat","embeddable":true,"href":"https:\/\/nordicmart.andreevmaster.com\/sv\/wp-json\/wp\/v2\/product_cat?post=17833"},{"taxonomy":"product_tag","embeddable":true,"href":"https:\/\/nordicmart.andreevmaster.com\/sv\/wp-json\/wp\/v2\/product_tag?post=17833"}],"curies":[{"name":"wp","href":"https:\/\/api.w.org\/{rel}","templated":true}]}}