{"id":17832,"date":"2026-02-27T00:36:50","date_gmt":"2026-02-27T00:36:50","guid":{"rendered":"https:\/\/nordicmart.andreevmaster.com\/product\/woopie-pedagogiska-klossar-vafflor-staket-hus\/"},"modified":"2026-02-27T08:26:03","modified_gmt":"2026-02-27T08:26:03","slug":"woopie-pedagogiska-klossar-vafflor-staket-hus","status":"publish","type":"product","link":"https:\/\/nordicmart.andreevmaster.com\/sv\/produkt\/woopie-pedagogiska-klossar-vafflor-staket-hus\/","title":{"rendered":"WOOPIE Pedagogiska klossar V\u00e5fflor Staket Hus"},"content":{"rendered":"<p>Det pedagogiska blocksetet Waffle \u00e4r perfekt f\u00f6r b\u00e5de hemmet och tr\u00e4dg\u00e5rden.<\/p>\n<p>Blockarna \u00e4r utformade f\u00f6r att passa ihop i olika vinklar. Barn kan anv\u00e4nda dessa block f\u00f6r att tr\u00e4na sin koncentration och utveckla sin fantasi. De l\u00e4r sig nya former genom att bygga intressanta strukturer som en bil, ett hus, en penna, en mur, en labyrint och mycket annat.<\/p>\n<p>Egenskaper:<\/p>\n<p>&#8211; Setet best\u00e5r av 20 delar. &#8211; Set kan ocks\u00e5 kombineras f\u00f6r att bygga st\u00f6rre strukturer. &#8211; En idealisk produkt f\u00f6r b\u00e5de hem och tr\u00e4dg\u00e5rd.<\/p>\n<p>Woopie \u00e4r en av Europas ledande tillverkare av plastleksaker. Woopie-produkter s\u00e4ljs framg\u00e5ngsrikt p\u00e5 den inhemska marknaden och i hela Europa.<\/p>\n<p>Woopie-leksaker har ett m\u00e5l \u2013 att ge barn gl\u00e4dje! Bland sitt breda sortiment erbjuder Woopie karnevalskostymer och maskeraddr\u00e4kter f\u00f6r barn, samt h\u00e4ngande gungor, skumleksaker, olika tr\u00e4dg\u00e5rdsleksaker och mycket mer! L\u00e5t dig ryckas med av gl\u00e4djen \u2013 l\u00e5t dig ryckas med av Woopie!<\/p>\n","protected":false},"excerpt":{"rendered":"<p>Det pedagogiska blocksetet Waffle \u00e4r perfekt f\u00f6r b\u00e5de hemmet och tr\u00e4dg\u00e5rden. Blockarna \u00e4r utformade f\u00f6r att passa ihop i olika vinklar. Barn kan anv\u00e4nda dessa block f\u00f6r att tr\u00e4na sin koncentration och utveckla sin fantasi. De l\u00e4r sig nya former genom att bygga intressanta strukturer som en bil, ett hus, en penna, en mur, en [&hellip;]<\/p>\n","protected":false},"featured_media":0,"comment_status":"open","ping_status":"closed","template":"","meta":[],"product_brand":[],"product_cat":[33],"product_tag":[],"class_list":{"0":"post-17832","1":"product","2":"type-product","3":"status-publish","5":"product_cat-okategoriserad","7":"first","8":"instock","9":"shipping-taxable","10":"purchasable","11":"product-type-simple"},"_links":{"self":[{"href":"https:\/\/nordicmart.andreevmaster.com\/sv\/wp-json\/wp\/v2\/product\/17832","targetHints":{"allow":["GET"]}}],"collection":[{"href":"https:\/\/nordicmart.andreevmaster.com\/sv\/wp-json\/wp\/v2\/product"}],"about":[{"href":"https:\/\/nordicmart.andreevmaster.com\/sv\/wp-json\/wp\/v2\/types\/product"}],"replies":[{"embeddable":true,"href":"https:\/\/nordicmart.andreevmaster.com\/sv\/wp-json\/wp\/v2\/comments?post=17832"}],"wp:attachment":[{"href":"https:\/\/nordicmart.andreevmaster.com\/sv\/wp-json\/wp\/v2\/media?parent=17832"}],"wp:term":[{"taxonomy":"product_brand","embeddable":true,"href":"https:\/\/nordicmart.andreevmaster.com\/sv\/wp-json\/wp\/v2\/product_brand?post=17832"},{"taxonomy":"product_cat","embeddable":true,"href":"https:\/\/nordicmart.andreevmaster.com\/sv\/wp-json\/wp\/v2\/product_cat?post=17832"},{"taxonomy":"product_tag","embeddable":true,"href":"https:\/\/nordicmart.andreevmaster.com\/sv\/wp-json\/wp\/v2\/product_tag?post=17832"}],"curies":[{"name":"wp","href":"https:\/\/api.w.org\/{rel}","templated":true}]}}