{"id":17831,"date":"2026-02-27T00:36:50","date_gmt":"2026-02-27T00:36:50","guid":{"rendered":"https:\/\/nordicmart.andreevmaster.com\/product\/falk-racing-team-motorcykel-roda-breda-hjul-fran-1-ar\/"},"modified":"2026-02-27T08:26:03","modified_gmt":"2026-02-27T08:26:03","slug":"falk-racing-team-motorcykel-roda-breda-hjul-fran-1-ar","status":"publish","type":"product","link":"https:\/\/nordicmart.andreevmaster.com\/sv\/produkt\/falk-racing-team-motorcykel-roda-breda-hjul-fran-1-ar\/","title":{"rendered":"FALK Racing Team Motorcykel R\u00f6da breda hjul fr\u00e5n 1 \u00e5r"},"content":{"rendered":"<p>Balanscykeln fr\u00e5n den franska leksakstillverkaren Falk \u00e4r den perfekta presenten f\u00f6r barn fr\u00e5n 12 m\u00e5nader och upp\u00e5t. Vackra grafiska detaljer och ett mycket realistiskt utseende kommer att ge de sm\u00e5 mycket gl\u00e4dje. Leksaken \u00e4r utrustad med stora hjul som \u00e4r perfekta f\u00f6r olika underlag. Framhjulet \u00e4r sv\u00e4ngbart f\u00f6r bekv\u00e4mare styrning och sv\u00e4ngning.<\/p>\n<p>Egenskaper: .<\/p>\n<p>* &#8211; Designad f\u00f6r barn fr\u00e5n 1 \u00e5r och upp\u00e5t,<br \/>\n* &#8211; Maximal lastkapacitet p\u00e5 30 kg,<br \/>\n* &#8211; Tillverkad av h\u00f6gkvalitativ plast, t\u00e5lig mot v\u00e4derf\u00f6rh\u00e5llanden,<br \/>\n* &#8211; Ergonomisk design g\u00f6r \u00e5kningen bekv\u00e4m,<br \/>\n* &#8211; Breda hjul s\u00e4kerst\u00e4ller stabilitet ,<\/p>\n","protected":false},"excerpt":{"rendered":"<p>Balanscykeln fr\u00e5n den franska leksakstillverkaren Falk \u00e4r den perfekta presenten f\u00f6r barn fr\u00e5n 12 m\u00e5nader och upp\u00e5t. Vackra grafiska detaljer och ett mycket realistiskt utseende kommer att ge de sm\u00e5 mycket gl\u00e4dje. Leksaken \u00e4r utrustad med stora hjul som \u00e4r perfekta f\u00f6r olika underlag. Framhjulet \u00e4r sv\u00e4ngbart f\u00f6r bekv\u00e4mare styrning och sv\u00e4ngning. Egenskaper: . * [&hellip;]<\/p>\n","protected":false},"featured_media":0,"comment_status":"open","ping_status":"closed","template":"","meta":[],"product_brand":[],"product_cat":[33],"product_tag":[],"class_list":{"0":"post-17831","1":"product","2":"type-product","3":"status-publish","5":"product_cat-okategoriserad","7":"first","8":"instock","9":"shipping-taxable","10":"purchasable","11":"product-type-simple"},"_links":{"self":[{"href":"https:\/\/nordicmart.andreevmaster.com\/sv\/wp-json\/wp\/v2\/product\/17831","targetHints":{"allow":["GET"]}}],"collection":[{"href":"https:\/\/nordicmart.andreevmaster.com\/sv\/wp-json\/wp\/v2\/product"}],"about":[{"href":"https:\/\/nordicmart.andreevmaster.com\/sv\/wp-json\/wp\/v2\/types\/product"}],"replies":[{"embeddable":true,"href":"https:\/\/nordicmart.andreevmaster.com\/sv\/wp-json\/wp\/v2\/comments?post=17831"}],"wp:attachment":[{"href":"https:\/\/nordicmart.andreevmaster.com\/sv\/wp-json\/wp\/v2\/media?parent=17831"}],"wp:term":[{"taxonomy":"product_brand","embeddable":true,"href":"https:\/\/nordicmart.andreevmaster.com\/sv\/wp-json\/wp\/v2\/product_brand?post=17831"},{"taxonomy":"product_cat","embeddable":true,"href":"https:\/\/nordicmart.andreevmaster.com\/sv\/wp-json\/wp\/v2\/product_cat?post=17831"},{"taxonomy":"product_tag","embeddable":true,"href":"https:\/\/nordicmart.andreevmaster.com\/sv\/wp-json\/wp\/v2\/product_tag?post=17831"}],"curies":[{"name":"wp","href":"https:\/\/api.w.org\/{rel}","templated":true}]}}