{"id":17830,"date":"2026-02-27T00:36:50","date_gmt":"2026-02-27T00:36:50","guid":{"rendered":"https:\/\/nordicmart.andreevmaster.com\/product\/woopie-big-powertrac-pedaltraktor-med-xxl-slapvagn\/"},"modified":"2026-02-27T08:26:03","modified_gmt":"2026-02-27T08:26:03","slug":"woopie-big-powertrac-pedaltraktor-med-xxl-slapvagn","status":"publish","type":"product","link":"https:\/\/nordicmart.andreevmaster.com\/sv\/produkt\/woopie-big-powertrac-pedaltraktor-med-xxl-slapvagn\/","title":{"rendered":"WOOPIE Big PowerTrac pedaltraktor med XXL-sl\u00e4pvagn"},"content":{"rendered":"<p>Woopie-pedaltraktor med sl\u00e4p \u00e4r det perfekta valet f\u00f6r alla sm\u00e5barn som dr\u00f6mmer om att arbeta p\u00e5 en g\u00e5rd eller helt enkelt \u00e4lskar jordbruksfordon! Tack vare sitt realistiska utseende och r\u00f6rliga sl\u00e4p kan ditt barn leka att det \u00e4r en riktig traktorf\u00f6rare \u2013 och transportera leksaker, sand, stenar eller andra &#8221;laster&#8221; hemma, i tr\u00e4dg\u00e5rden, p\u00e5 tomten eller p\u00e5 lekplatsen.  Traktorn drivs av barnets ben, vilket g\u00f6r att de kan anv\u00e4nda leksaken aktivt, vilket \u00f6kar deras uth\u00e5llighet och uppmuntrar till utomhusaktiviteter. Det \u00e4r den perfekta presenten f\u00f6r alla barn \u00f6ver 3 \u00e5r, oavsett om de bor p\u00e5 landet eller i stan.<br \/>\nFunktioner:<br \/>\n* &#8211; Fullt fungerande traktor med pedaler \u2013 garanterar bekv\u00e4m k\u00f6rning och l\u00e5ngvarig lekgl\u00e4dje<br \/>\n* &#8211; Stor och h\u00e5llbar sl\u00e4pvagn \u2013 idealisk f\u00f6r att transportera leksaker, tr\u00e4dg\u00e5rdsredskap eller andra barns &#8221;laster&#8221;<br \/>\n* &#8211; Ratt med tuta<br \/>\n* &#8211; Solid konstruktion av h\u00f6gkvalitativ plast \u2013 garanterar h\u00e5llbarhet och s\u00e4kerhet<br \/>\n* &#8211; Bekv\u00e4mt justerbart s\u00e4te med ryggst\u00f6d \u2013 garanterar komfort \u00e4ven under l\u00e4ngre lek<br \/>\n* &#8211; Modern design med realistiska detaljer \u2013 traktorn ser ut som ett riktigt jordbruksfordon<br \/>\n* &#8211; Stora plasthjul med tjockt m\u00f6nster \u2013 garanterar bra grepp och stabilitet p\u00e5 olika underlag<br \/>\n* &#8211; Intuitiv montering \u2013 enkel att montera p\u00e5 n\u00e5gra \u00f6gonblick<\/p>\n<p>Satsen inneh\u00e5ller:<\/p>\n<p>* &#8211; Pedaldriven traktor<br \/>\n* &#8211; Stor tv\u00e5hjulig sl\u00e4pvagn med koppling<br \/>\n* &#8211; Monteringsanvisningar<\/p>\n<p>Leksaken utvecklar:<\/p>\n<p>* &#8211; Motorisk koordination<br \/>\n* &#8211; Fantasi och kreativitet<br \/>\n* &#8211; Fysisk kondition<br \/>\n* &#8211; Sociala f\u00e4rdigheter<br \/>\n* &#8211; Ansvarsk\u00e4nsla<\/p>\n<p>Traktorns m\u00e5tt med sl\u00e4pvagn: 136 x 43 x 51 (cm)<\/p>\n<p>F\u00f6rpackningens m\u00e5tt: 84 x 38 x 42 (cm)<\/p>\n","protected":false},"excerpt":{"rendered":"<p>Woopie-pedaltraktor med sl\u00e4p \u00e4r det perfekta valet f\u00f6r alla sm\u00e5barn som dr\u00f6mmer om att arbeta p\u00e5 en g\u00e5rd eller helt enkelt \u00e4lskar jordbruksfordon! Tack vare sitt realistiska utseende och r\u00f6rliga sl\u00e4p kan ditt barn leka att det \u00e4r en riktig traktorf\u00f6rare \u2013 och transportera leksaker, sand, stenar eller andra &#8221;laster&#8221; hemma, i tr\u00e4dg\u00e5rden, p\u00e5 tomten [&hellip;]<\/p>\n","protected":false},"featured_media":0,"comment_status":"open","ping_status":"closed","template":"","meta":[],"product_brand":[],"product_cat":[33],"product_tag":[],"class_list":{"0":"post-17830","1":"product","2":"type-product","3":"status-publish","5":"product_cat-okategoriserad","7":"first","8":"instock","9":"shipping-taxable","10":"purchasable","11":"product-type-simple"},"_links":{"self":[{"href":"https:\/\/nordicmart.andreevmaster.com\/sv\/wp-json\/wp\/v2\/product\/17830","targetHints":{"allow":["GET"]}}],"collection":[{"href":"https:\/\/nordicmart.andreevmaster.com\/sv\/wp-json\/wp\/v2\/product"}],"about":[{"href":"https:\/\/nordicmart.andreevmaster.com\/sv\/wp-json\/wp\/v2\/types\/product"}],"replies":[{"embeddable":true,"href":"https:\/\/nordicmart.andreevmaster.com\/sv\/wp-json\/wp\/v2\/comments?post=17830"}],"wp:attachment":[{"href":"https:\/\/nordicmart.andreevmaster.com\/sv\/wp-json\/wp\/v2\/media?parent=17830"}],"wp:term":[{"taxonomy":"product_brand","embeddable":true,"href":"https:\/\/nordicmart.andreevmaster.com\/sv\/wp-json\/wp\/v2\/product_brand?post=17830"},{"taxonomy":"product_cat","embeddable":true,"href":"https:\/\/nordicmart.andreevmaster.com\/sv\/wp-json\/wp\/v2\/product_cat?post=17830"},{"taxonomy":"product_tag","embeddable":true,"href":"https:\/\/nordicmart.andreevmaster.com\/sv\/wp-json\/wp\/v2\/product_tag?post=17830"}],"curies":[{"name":"wp","href":"https:\/\/api.w.org\/{rel}","templated":true}]}}