{"id":17829,"date":"2026-02-27T00:36:50","date_gmt":"2026-02-27T00:36:50","guid":{"rendered":"https:\/\/nordicmart.andreevmaster.com\/product\/woopie-green-interaktivt-kok-i-tra-9-i-1-med-tvattmaskin-och-tavla\/"},"modified":"2026-02-27T08:26:03","modified_gmt":"2026-02-27T08:26:03","slug":"woopie-green-interaktivt-kok-i-tra-9-i-1-med-tvattmaskin-och-tavla","status":"publish","type":"product","link":"https:\/\/nordicmart.andreevmaster.com\/sv\/produkt\/woopie-green-interaktivt-kok-i-tra-9-i-1-med-tvattmaskin-och-tavla\/","title":{"rendered":"WOOPIE GREEN Interaktivt k\u00f6k i tr\u00e4 9-i-1 med tv\u00e4ttmaskin och tavla"},"content":{"rendered":"<p>9-i-1-k\u00f6k i tr\u00e4 f\u00f6r barn Woopie Green<\/p>\n<p>Det multifunktionella k\u00f6kssetet fr\u00e5n Woopie Green \u00e4r ett k\u00f6k i tr\u00e4 som \u00e4r designat f\u00f6r sm\u00e5 barn som \u00e4lskar att laga mat och uppt\u00e4cka v\u00e4rlden. Setet kombinerar \u00f6ver 9 olika funktioner, utvecklar kreativiteten och l\u00e4r ut vardagliga aktiviteter genom lek. Perfekt f\u00f6r barnrummet, lekrummet eller dagis.<\/p>\n<p>Funktioner:<\/p>\n<p>* &#8211; Leksak f\u00f6r barn fr\u00e5n 3 \u00e5r<br \/>\n* &#8211; K\u00f6kets framsida \u00e4r ett v\u00e4lutrustat matlagningsomr\u00e5de med realistiska detaljer. H\u00e4r finns en kaffemaskin, mikrov\u00e5gsugn, diskho, ugn, diskmaskin och induktionsh\u00e4ll, som garanterar mycket roligt f\u00f6r barnen<br \/>\n* &#8211; P\u00e5 sidan av k\u00f6ket finns en tv\u00e4ttmaskin med tv\u00e4ttkorg. Detta \u00e4r ett utm\u00e4rkt tillf\u00e4lle att utveckla sj\u00e4lvst\u00e4ndighet och f\u00f6rst\u00e5else f\u00f6r vardagliga rutiner<br \/>\n* &#8211; P\u00e5 baksidan av setet finns en tavla och en f\u00e4rgglad v\u00e4rldskarta som inspirerar till att rita, l\u00e4ra sig och utforska kontinenter och kulturer<br \/>\n* &#8211; Interaktiva element: ljus och ljud i induktionsh\u00e4llen och en lampa i mikrov\u00e5gsugnen<br \/>\n* &#8211; Justerbar k\u00f6ksh\u00f6jd<br \/>\n* &#8211; Batterier ing\u00e5r ej<\/p>\n<p>Satsen inneh\u00e5ller:<\/p>\n<p>* &#8211; K\u00f6k med mikrov\u00e5gsugn, ugn, diskmaskin, tv\u00e4ttmaskin och kaffebryggare<br \/>\n* &#8211; Tv\u00e4ttkorg monterad under tv\u00e4ttmaskinen<br \/>\n* &#8211; 4 tallrikar<br \/>\n* &#8211; Mugg, kastrull, stekpanna, stekspade och gaffel<br \/>\n* &#8211; F\u00f6rkl\u00e4de och kockm\u00f6ssa<br \/>\n* &#8211; Tavla och v\u00e4rldskarta<br \/>\n* &#8211; Kort med bilder p\u00e5 olika typer av sopor som passar perfekt i de utdragbara soptunnorna i k\u00f6ket<\/p>\n<p>Leksaken utvecklar:<\/p>\n<p>* &#8211; Fantasi och kreativitet \u2013 barn skapar sina egna r\u00e4tter, hittar p\u00e5 recept och lagar mat utifr\u00e5n sina egna id\u00e9er. Detta utvecklar kreativt t\u00e4nkande och l\u00e4r dem att det inte finns en enda \u201dr\u00e4tt\u201d l\u00f6sning och att m\u00e5ngfald av id\u00e9er \u00e4r v\u00e4rdefullt.<br \/>\n* &#8211; Manuell skicklighet \u2013 att laga mat \u00e4r bra tr\u00e4ning f\u00f6r sm\u00e5 h\u00e4nder \u2013 allt detta hj\u00e4lper till att utveckla precisa r\u00f6relser och hand-\u00f6ga-koordination. Detta \u00e4r mycket viktigt, s\u00e4rskilt i de tidiga utvecklingsstadierna, eftersom det st\u00f6der de f\u00e4rdigheter som senare beh\u00f6vs f\u00f6r att skriva, rita och andra vardagliga aktiviteter.* &#8211; Koncentration \u2013 denna aktivitet l\u00e4r ut t\u00e5lamod och uth\u00e5llighet och utvecklar ocks\u00e5 f\u00f6rm\u00e5gan att fokusera p\u00e5 en aktivitet under l\u00e5ng tid \u2013 vilket \u00e4r v\u00e4rdefullt b\u00e5de i lek och i skolarbetet.<\/p>\n","protected":false},"excerpt":{"rendered":"<p>9-i-1-k\u00f6k i tr\u00e4 f\u00f6r barn Woopie Green Det multifunktionella k\u00f6kssetet fr\u00e5n Woopie Green \u00e4r ett k\u00f6k i tr\u00e4 som \u00e4r designat f\u00f6r sm\u00e5 barn som \u00e4lskar att laga mat och uppt\u00e4cka v\u00e4rlden. Setet kombinerar \u00f6ver 9 olika funktioner, utvecklar kreativiteten och l\u00e4r ut vardagliga aktiviteter genom lek. Perfekt f\u00f6r barnrummet, lekrummet eller dagis. Funktioner: * [&hellip;]<\/p>\n","protected":false},"featured_media":0,"comment_status":"open","ping_status":"closed","template":"","meta":[],"product_brand":[],"product_cat":[33],"product_tag":[],"class_list":{"0":"post-17829","1":"product","2":"type-product","3":"status-publish","5":"product_cat-okategoriserad","7":"first","8":"instock","9":"shipping-taxable","10":"purchasable","11":"product-type-simple"},"_links":{"self":[{"href":"https:\/\/nordicmart.andreevmaster.com\/sv\/wp-json\/wp\/v2\/product\/17829","targetHints":{"allow":["GET"]}}],"collection":[{"href":"https:\/\/nordicmart.andreevmaster.com\/sv\/wp-json\/wp\/v2\/product"}],"about":[{"href":"https:\/\/nordicmart.andreevmaster.com\/sv\/wp-json\/wp\/v2\/types\/product"}],"replies":[{"embeddable":true,"href":"https:\/\/nordicmart.andreevmaster.com\/sv\/wp-json\/wp\/v2\/comments?post=17829"}],"wp:attachment":[{"href":"https:\/\/nordicmart.andreevmaster.com\/sv\/wp-json\/wp\/v2\/media?parent=17829"}],"wp:term":[{"taxonomy":"product_brand","embeddable":true,"href":"https:\/\/nordicmart.andreevmaster.com\/sv\/wp-json\/wp\/v2\/product_brand?post=17829"},{"taxonomy":"product_cat","embeddable":true,"href":"https:\/\/nordicmart.andreevmaster.com\/sv\/wp-json\/wp\/v2\/product_cat?post=17829"},{"taxonomy":"product_tag","embeddable":true,"href":"https:\/\/nordicmart.andreevmaster.com\/sv\/wp-json\/wp\/v2\/product_tag?post=17829"}],"curies":[{"name":"wp","href":"https:\/\/api.w.org\/{rel}","templated":true}]}}