{"id":17826,"date":"2026-02-27T00:36:49","date_gmt":"2026-02-27T00:36:49","guid":{"rendered":"https:\/\/nordicmart.andreevmaster.com\/product\/woopie-royal-dockvagn-justerbar-sits-4-hjul\/"},"modified":"2026-02-27T08:26:02","modified_gmt":"2026-02-27T08:26:02","slug":"woopie-royal-dockvagn-justerbar-sits-4-hjul","status":"publish","type":"product","link":"https:\/\/nordicmart.andreevmaster.com\/sv\/produkt\/woopie-royal-dockvagn-justerbar-sits-4-hjul\/","title":{"rendered":"WOOPIE ROYAL Dockvagn Justerbar sits 4 hjul"},"content":{"rendered":"<p>Denna snygga och funktionella dockvagn fr\u00e5n WOOPIE \u00e4r den perfekta presenten till alla sm\u00e5 flickor som \u00e4lskar att leka med dockor. Tack vare det justerbara s\u00e4tet kan den enkelt anpassas efter olika lekbehov, s\u00e5 att ditt barn kan transportera sina favoritdockor. De sv\u00e4ngbara framhjulen s\u00e4kerst\u00e4ller smidig styrning och den robusta konstruktionen ger stabilitet under promenader. Barnvagnen \u00e4r utrustad med ett mjukt, bekv\u00e4mt handtag och en rymlig korg f\u00f6r tillbeh\u00f6r, som rymmer alla sm\u00e5saker som beh\u00f6vs f\u00f6r leken. Den f\u00e4llbara huven skyddar dockorna fr\u00e5n &#8221;solen&#8221; och den kompakta designen g\u00f6r barnvagnen l\u00e4tt att f\u00f6rvara n\u00e4r lektiden \u00e4r \u00f6ver. <\/p>\n<p>Funktioner: <\/p>\n<p>* &#8211; Designad f\u00f6r barn upp till 130 cm l\u00e5nga<br \/>\n* &#8211; L\u00e4mplig f\u00f6r dockor upp till 55 cm l\u00e5nga<br \/>\n* &#8211; 360\u00b0 sv\u00e4ngbara hjul f\u00f6r enkel man\u00f6vrering<br \/>\n* &#8211; Justerbart s\u00e4te och handtag<br \/>\n* &#8211; Tygkorg under s\u00e4tet f\u00f6r tillbeh\u00f6r<br \/>\n* &#8211; L\u00e4tt och stabil ram<br \/>\n* &#8211; Barnvagnen rymmer dockor upp till 55 cm l\u00e5nga<\/p>\n<p>Att leka med dockor utvecklar:<\/p>\n<p>* &#8211; Sociala f\u00e4rdigheter<br \/>\n* &#8211; Kreativitet och fantasi<br \/>\n* &#8211; Empati och ansvarsk\u00e4nsla<\/p>\n","protected":false},"excerpt":{"rendered":"<p>Denna snygga och funktionella dockvagn fr\u00e5n WOOPIE \u00e4r den perfekta presenten till alla sm\u00e5 flickor som \u00e4lskar att leka med dockor. Tack vare det justerbara s\u00e4tet kan den enkelt anpassas efter olika lekbehov, s\u00e5 att ditt barn kan transportera sina favoritdockor. De sv\u00e4ngbara framhjulen s\u00e4kerst\u00e4ller smidig styrning och den robusta konstruktionen ger stabilitet under promenader. [&hellip;]<\/p>\n","protected":false},"featured_media":0,"comment_status":"open","ping_status":"closed","template":"","meta":[],"product_brand":[],"product_cat":[33],"product_tag":[],"class_list":{"0":"post-17826","1":"product","2":"type-product","3":"status-publish","5":"product_cat-okategoriserad","7":"first","8":"instock","9":"shipping-taxable","10":"purchasable","11":"product-type-simple"},"_links":{"self":[{"href":"https:\/\/nordicmart.andreevmaster.com\/sv\/wp-json\/wp\/v2\/product\/17826","targetHints":{"allow":["GET"]}}],"collection":[{"href":"https:\/\/nordicmart.andreevmaster.com\/sv\/wp-json\/wp\/v2\/product"}],"about":[{"href":"https:\/\/nordicmart.andreevmaster.com\/sv\/wp-json\/wp\/v2\/types\/product"}],"replies":[{"embeddable":true,"href":"https:\/\/nordicmart.andreevmaster.com\/sv\/wp-json\/wp\/v2\/comments?post=17826"}],"wp:attachment":[{"href":"https:\/\/nordicmart.andreevmaster.com\/sv\/wp-json\/wp\/v2\/media?parent=17826"}],"wp:term":[{"taxonomy":"product_brand","embeddable":true,"href":"https:\/\/nordicmart.andreevmaster.com\/sv\/wp-json\/wp\/v2\/product_brand?post=17826"},{"taxonomy":"product_cat","embeddable":true,"href":"https:\/\/nordicmart.andreevmaster.com\/sv\/wp-json\/wp\/v2\/product_cat?post=17826"},{"taxonomy":"product_tag","embeddable":true,"href":"https:\/\/nordicmart.andreevmaster.com\/sv\/wp-json\/wp\/v2\/product_tag?post=17826"}],"curies":[{"name":"wp","href":"https:\/\/api.w.org\/{rel}","templated":true}]}}