{"id":17824,"date":"2026-02-27T00:36:48","date_gmt":"2026-02-27T00:36:48","guid":{"rendered":"https:\/\/nordicmart.andreevmaster.com\/product\/woopie-royal-dockvagn-deep-stroller-3-i-1-barsele\/"},"modified":"2026-02-27T08:26:02","modified_gmt":"2026-02-27T08:26:02","slug":"woopie-royal-dockvagn-deep-stroller-3-i-1-barsele","status":"publish","type":"product","link":"https:\/\/nordicmart.andreevmaster.com\/sv\/produkt\/woopie-royal-dockvagn-deep-stroller-3-i-1-barsele\/","title":{"rendered":"WOOPIE ROYAL Dockvagn Deep Stroller 3-i-1 b\u00e4rsele"},"content":{"rendered":"<p>Denna snygga och funktionella dockvagn fr\u00e5n WOOPIE ROYAL i rosa prickigt m\u00f6nster \u00e4r det perfekta valet f\u00f6r alla sm\u00e5 flickor som \u00e4lskar att leka med dockor! Barnvagnen har ett justerbart handtag som g\u00f6r att den kan anpassas efter barnets l\u00e4ngd. De tysta hjulen garanterar smidig hantering och den stabila konstruktionen s\u00e4kerst\u00e4ller s\u00e4ker lek. Dessutom kan barnvagnen omvandlas till en sittvagn och tack vare den avtagbara delen kan den \u00e4ven anv\u00e4ndas som b\u00e4rsele eller v\u00e4ska. Barnvagnen har ett tak som kan f\u00f6rl\u00e4ngas och st\u00e4ngas, samt en rymlig korg f\u00f6r sm\u00e5saker.<\/p>\n<p>Egenskaper:<\/p>\n<p>* &#8211; Leksak f\u00f6r barn fr\u00e5n 3 \u00e5r<br \/>\n* &#8211; Justerbart handtag \u2013 barnvagnen kan enkelt anpassas efter barnets l\u00e4ngd<br \/>\n* &#8211; F\u00e4llbar sufflett och ram<br \/>\n* &#8211; 3-i-1-barnvagn \u2013 barnvagn, sulky, b\u00e4rsele<br \/>\n* &#8211; L\u00e4tt men stabil konstruktion<\/p>\n<p>&#8211; Leksak f\u00f6r barn fr\u00e5n 3 \u00e5r<\/p>\n<p>&#8211; Justerbart handtag \u2013 barnvagnen kan enkelt justeras efter barnets l\u00e4ngd<\/p>\n<p>&#8211; F\u00e4llbar huva och ram<\/p>\n<p>&#8211; 3-i-1-barnvagn \u2013 barnvagn, sulky, b\u00e4rsele<\/p>\n<p>&#8211; L\u00e4tt men stabil konstruktion<\/p>\n<p>Att leka med dockor utvecklar:<\/p>\n<p>* &#8211; Sociala f\u00e4rdigheter<br \/>\n* &#8211; Kreativitet och fantasi<br \/>\n* &#8211; Empati och ansvarsk\u00e4nsla<\/p>\n<p>&#8211; Sociala f\u00e4rdigheter<\/p>\n<p>&#8211; Kreativitet och fantasi<\/p>\n<p>&#8211; Empati och ansvarsk\u00e4nsla<\/p>\n","protected":false},"excerpt":{"rendered":"<p>Denna snygga och funktionella dockvagn fr\u00e5n WOOPIE ROYAL i rosa prickigt m\u00f6nster \u00e4r det perfekta valet f\u00f6r alla sm\u00e5 flickor som \u00e4lskar att leka med dockor! Barnvagnen har ett justerbart handtag som g\u00f6r att den kan anpassas efter barnets l\u00e4ngd. De tysta hjulen garanterar smidig hantering och den stabila konstruktionen s\u00e4kerst\u00e4ller s\u00e4ker lek. Dessutom kan [&hellip;]<\/p>\n","protected":false},"featured_media":0,"comment_status":"open","ping_status":"closed","template":"","meta":[],"product_brand":[],"product_cat":[33],"product_tag":[],"class_list":{"0":"post-17824","1":"product","2":"type-product","3":"status-publish","5":"product_cat-okategoriserad","7":"first","8":"instock","9":"shipping-taxable","10":"purchasable","11":"product-type-simple"},"_links":{"self":[{"href":"https:\/\/nordicmart.andreevmaster.com\/sv\/wp-json\/wp\/v2\/product\/17824","targetHints":{"allow":["GET"]}}],"collection":[{"href":"https:\/\/nordicmart.andreevmaster.com\/sv\/wp-json\/wp\/v2\/product"}],"about":[{"href":"https:\/\/nordicmart.andreevmaster.com\/sv\/wp-json\/wp\/v2\/types\/product"}],"replies":[{"embeddable":true,"href":"https:\/\/nordicmart.andreevmaster.com\/sv\/wp-json\/wp\/v2\/comments?post=17824"}],"wp:attachment":[{"href":"https:\/\/nordicmart.andreevmaster.com\/sv\/wp-json\/wp\/v2\/media?parent=17824"}],"wp:term":[{"taxonomy":"product_brand","embeddable":true,"href":"https:\/\/nordicmart.andreevmaster.com\/sv\/wp-json\/wp\/v2\/product_brand?post=17824"},{"taxonomy":"product_cat","embeddable":true,"href":"https:\/\/nordicmart.andreevmaster.com\/sv\/wp-json\/wp\/v2\/product_cat?post=17824"},{"taxonomy":"product_tag","embeddable":true,"href":"https:\/\/nordicmart.andreevmaster.com\/sv\/wp-json\/wp\/v2\/product_tag?post=17824"}],"curies":[{"name":"wp","href":"https:\/\/api.w.org\/{rel}","templated":true}]}}