{"id":17823,"date":"2026-02-27T00:36:48","date_gmt":"2026-02-27T00:36:48","guid":{"rendered":"https:\/\/nordicmart.andreevmaster.com\/product\/woopie-green-stor-multifunktionell-butik-5-i-1-marknadsstand-supermarket-restaurang-cafe-kok-73-delar\/"},"modified":"2026-02-27T08:26:02","modified_gmt":"2026-02-27T08:26:02","slug":"woopie-green-stor-multifunktionell-butik-5-i-1-marknadsstand-supermarket-restaurang-cafe-kok-73-delar","status":"publish","type":"product","link":"https:\/\/nordicmart.andreevmaster.com\/sv\/produkt\/woopie-green-stor-multifunktionell-butik-5-i-1-marknadsstand-supermarket-restaurang-cafe-kok-73-delar\/","title":{"rendered":"WOOPIE GREEN Stor multifunktionell butik 5-i-1 Marknadsst\u00e5nd Supermarket Restaurang Caf\u00e9 K\u00f6k 73 delar"},"content":{"rendered":"<p>WOOPIE GREEN Tr\u00e4butik \u2013 V\u00e4lkommen till en v\u00e4rld full av lek och shopping!<\/p>\n<p>WOOPIE GREEN Tr\u00e4butik \u00e4r en fantastisk leksak som l\u00e5ter barn leka interaktivt i en butik och utveckla viktiga livsf\u00e4rdigheter. Denna stora, f\u00e4rgglada butik ger timmar av kreativ och pedagogisk lek. Satsen inneh\u00e5ller 73 delar, inklusive v\u00e5g, livsmedel, kortl\u00e4sare och en tavla d\u00e4r du kan skriva dagens specialerbjudanden! Genom att leka aff\u00e4r utvecklar barn sociala, matematiska och organisatoriska f\u00e4rdigheter och har roligt medan de l\u00e4r sig genom rollspel. Allt \u00e4r tillverkat av s\u00e4kert tr\u00e4 och m\u00e5lat med giftfria f\u00e4rger.<\/p>\n<p>Egenskaper:<\/p>\n<p>* &#8211; Leksak avsedd f\u00f6r barn fr\u00e5n 3 \u00e5r<br \/>\n* &#8211; Tillverkad av tr\u00e4, m\u00e5lad med s\u00e4ker vattenbaserad f\u00e4rg<br \/>\n* &#8211; Tavla f\u00f6r att skriva ner erbjudanden eller priser<br \/>\n* &#8211; Realistiskt utseende \u2013 perfekt f\u00f6r att leka aff\u00e4r eller food truck<br \/>\n* &#8211; Milj\u00f6v\u00e4nlig produkt fr\u00e5n WOOPIE GREEN-serien<\/p>\n<p>Satsen inneh\u00e5ller:<\/p>\n<p>* &#8211; Tavla f\u00f6r att skriva p\u00e5<br \/>\n* &#8211; 73 delar, inklusive: v\u00e5g, kortl\u00e4sare, livsmedel, l\u00e5dor<br \/>\n* &#8211; Tillverkad av tr\u00e4, m\u00e5lad med giftfria f\u00e4rger<br \/>\n* &#8211; Delar som \u00e4r perfekta f\u00f6r att l\u00e4ra sig sortera, r\u00e4kna och rollspela<\/p>\n<p>Leksaken utvecklar:<\/p>\n<p>* &#8211; Kreativitet \u2013 barnen skapar sina egna shopping-scenarier, best\u00e4mmer vad som \u00e4r p\u00e5 rea idag och vad som beh\u00f6ver fyllas p\u00e5 i butiken. Fri lek stimulerar kreativt t\u00e4nkande och initiativf\u00f6rm\u00e5ga<br \/>\n* &#8211; Fantasi \u2013 att leka f\u00f6rs\u00e4ljare eller kund hj\u00e4lper barn att f\u00f6rst\u00e5 vardagliga situationer och utvecklar deras f\u00f6rm\u00e5ga att t\u00e4nka i orsak-verkan-termer<br \/>\n* &#8211; Manuell skicklighet \u2013 att hantera v\u00e5gar, kort och livsmedel st\u00e4rker hand- och fingerf\u00e4rdigheten, vilket \u00e4r viktigt f\u00f6r utvecklingen av finmotoriken.* &#8211; Koncentration \u2013 att r\u00e4kna, v\u00e4ga, ordna produkter p\u00e5 hyllor och sortera dem \u00e4r aktiviteter som tr\u00e4nar fokus och t\u00e5lamod<br \/>\n* &#8211; Sociala f\u00e4rdigheter \u2013 att leka med kamrater l\u00e4r ut kommunikation, samarbete, delning och att spela olika sociala roller<\/p>\n","protected":false},"excerpt":{"rendered":"<p>WOOPIE GREEN Tr\u00e4butik \u2013 V\u00e4lkommen till en v\u00e4rld full av lek och shopping! WOOPIE GREEN Tr\u00e4butik \u00e4r en fantastisk leksak som l\u00e5ter barn leka interaktivt i en butik och utveckla viktiga livsf\u00e4rdigheter. Denna stora, f\u00e4rgglada butik ger timmar av kreativ och pedagogisk lek. Satsen inneh\u00e5ller 73 delar, inklusive v\u00e5g, livsmedel, kortl\u00e4sare och en tavla d\u00e4r [&hellip;]<\/p>\n","protected":false},"featured_media":0,"comment_status":"open","ping_status":"closed","template":"","meta":[],"product_brand":[],"product_cat":[33],"product_tag":[],"class_list":{"0":"post-17823","1":"product","2":"type-product","3":"status-publish","5":"product_cat-okategoriserad","7":"first","8":"instock","9":"shipping-taxable","10":"purchasable","11":"product-type-simple"},"_links":{"self":[{"href":"https:\/\/nordicmart.andreevmaster.com\/sv\/wp-json\/wp\/v2\/product\/17823","targetHints":{"allow":["GET"]}}],"collection":[{"href":"https:\/\/nordicmart.andreevmaster.com\/sv\/wp-json\/wp\/v2\/product"}],"about":[{"href":"https:\/\/nordicmart.andreevmaster.com\/sv\/wp-json\/wp\/v2\/types\/product"}],"replies":[{"embeddable":true,"href":"https:\/\/nordicmart.andreevmaster.com\/sv\/wp-json\/wp\/v2\/comments?post=17823"}],"wp:attachment":[{"href":"https:\/\/nordicmart.andreevmaster.com\/sv\/wp-json\/wp\/v2\/media?parent=17823"}],"wp:term":[{"taxonomy":"product_brand","embeddable":true,"href":"https:\/\/nordicmart.andreevmaster.com\/sv\/wp-json\/wp\/v2\/product_brand?post=17823"},{"taxonomy":"product_cat","embeddable":true,"href":"https:\/\/nordicmart.andreevmaster.com\/sv\/wp-json\/wp\/v2\/product_cat?post=17823"},{"taxonomy":"product_tag","embeddable":true,"href":"https:\/\/nordicmart.andreevmaster.com\/sv\/wp-json\/wp\/v2\/product_tag?post=17823"}],"curies":[{"name":"wp","href":"https:\/\/api.w.org\/{rel}","templated":true}]}}