{"id":17822,"date":"2026-02-27T00:36:47","date_gmt":"2026-02-27T00:36:47","guid":{"rendered":"https:\/\/nordicmart.andreevmaster.com\/product\/woopie-green-trabord-for-pedagogisk-inlarning-musikalisk-sensorisk-labyrint-5-i-1\/"},"modified":"2026-02-27T08:26:01","modified_gmt":"2026-02-27T08:26:01","slug":"woopie-green-trabord-for-pedagogisk-inlarning-musikalisk-sensorisk-labyrint-5-i-1","status":"publish","type":"product","link":"https:\/\/nordicmart.andreevmaster.com\/sv\/produkt\/woopie-green-trabord-for-pedagogisk-inlarning-musikalisk-sensorisk-labyrint-5-i-1\/","title":{"rendered":"WOOPIE GREEN Tr\u00e4bord f\u00f6r pedagogisk inl\u00e4rning Musikalisk sensorisk labyrint 5-i-1"},"content":{"rendered":"<p>WOOPIE GREEN Aktivitetsbord \u2013 Roligt som utvecklar!<\/p>\n<p>WOOPIE GREEN Aktivitetsbord \u00e4r ett unikt leksak som kombinerar utbildning med underh\u00e5llning och st\u00f6der ditt barns \u00f6vergripande utveckling. Tack vare anv\u00e4ndningen av Montessori-element kan de sm\u00e5 utveckla sin motorik, sitt logiska t\u00e4nkande och sin hand-\u00f6ga-koordination medan de leker p\u00e5 ett s\u00e4tt som \u00e4r l\u00e4mpligt f\u00f6r deras \u00e5lder. De vackra pastellf\u00e4rgerna och det naturliga tr\u00e4et g\u00f6r bordet inte bara visuellt tilltalande, utan ocks\u00e5 s\u00e4kert och barnv\u00e4nligt.<\/p>\n<p>Egenskaper:<\/p>\n<p>* &#8211; Leksak avsedd f\u00f6r barn fr\u00e5n 18 m\u00e5naders \u00e5lder<br \/>\n* &#8211; I\u00f6gonfallande pastellf\u00e4rger<br \/>\n* &#8211; Tillverkad av tr\u00e4, m\u00e5lad med s\u00e4ker f\u00e4rg<br \/>\n* &#8211; Leksak som st\u00f6der motorisk och mental utveckling<br \/>\n* &#8211; S\u00e4ker design \u2013 perfekt f\u00f6r sm\u00e5 h\u00e4nder<\/p>\n<p>Leksaken utvecklar:<\/p>\n<p>&#8211; Hand-\u00f6ga-koordination \u2013 Med en m\u00e4ngd olika element att flytta och manipulera utvecklar barnet visuella f\u00e4rdigheter och r\u00f6relseprecision. De l\u00e4r sig att f\u00f6lja objektens bana, vilket har en positiv effekt p\u00e5 kontrollen av h\u00e4nderna<\/p>\n<p>&#8211; Manuell skicklighet \u2013 Att leka med r\u00f6rliga p\u00e4rlor eller sl\u00e5 p\u00e5 cymbaler utvecklar finmotoriken genom att \u00f6va p\u00e5 precisa hand- och fingerr\u00f6relser<\/p>\n<p>&#8211; Fingerf\u00e4rdighet \u2013 Dagliga \u00f6vningar med leksaken st\u00f6der utvecklingen av den allm\u00e4nna fingerf\u00e4rdigheten och hj\u00e4lper barnet att f\u00f6rv\u00e4rva fingerf\u00e4rdighet och smidighet i r\u00f6relserna<\/p>\n<p>&#8211; Logiskt t\u00e4nkande och probleml\u00f6sning \u2013 Att l\u00e4gga ut en bana f\u00f6r bollar eller matchande element engagerar analytiska f\u00e4rdigheter och logiskt t\u00e4nkande, vilket utvecklar f\u00f6rm\u00e5gan att l\u00f6sa enkla pussel. &#8211; Sensorisk stimulering \u2013 Ljudet fr\u00e5n cymbaler, tallrikar och fallande bollar ger auditiv stimulering f\u00f6r ditt barn, utvecklar sensorisk perception och engagerar k\u00e4nseln och synen.[img-127762-left-thickbox_default]<\/p>\n<p>[img-127760-left-thickbox_default]<\/p>\n<p>[img-127759-left-thickbox_default]<\/p>\n","protected":false},"excerpt":{"rendered":"<p>WOOPIE GREEN Aktivitetsbord \u2013 Roligt som utvecklar! WOOPIE GREEN Aktivitetsbord \u00e4r ett unikt leksak som kombinerar utbildning med underh\u00e5llning och st\u00f6der ditt barns \u00f6vergripande utveckling. Tack vare anv\u00e4ndningen av Montessori-element kan de sm\u00e5 utveckla sin motorik, sitt logiska t\u00e4nkande och sin hand-\u00f6ga-koordination medan de leker p\u00e5 ett s\u00e4tt som \u00e4r l\u00e4mpligt f\u00f6r deras \u00e5lder. De [&hellip;]<\/p>\n","protected":false},"featured_media":0,"comment_status":"open","ping_status":"closed","template":"","meta":[],"product_brand":[],"product_cat":[33],"product_tag":[],"class_list":{"0":"post-17822","1":"product","2":"type-product","3":"status-publish","5":"product_cat-okategoriserad","7":"first","8":"instock","9":"shipping-taxable","10":"purchasable","11":"product-type-simple"},"_links":{"self":[{"href":"https:\/\/nordicmart.andreevmaster.com\/sv\/wp-json\/wp\/v2\/product\/17822","targetHints":{"allow":["GET"]}}],"collection":[{"href":"https:\/\/nordicmart.andreevmaster.com\/sv\/wp-json\/wp\/v2\/product"}],"about":[{"href":"https:\/\/nordicmart.andreevmaster.com\/sv\/wp-json\/wp\/v2\/types\/product"}],"replies":[{"embeddable":true,"href":"https:\/\/nordicmart.andreevmaster.com\/sv\/wp-json\/wp\/v2\/comments?post=17822"}],"wp:attachment":[{"href":"https:\/\/nordicmart.andreevmaster.com\/sv\/wp-json\/wp\/v2\/media?parent=17822"}],"wp:term":[{"taxonomy":"product_brand","embeddable":true,"href":"https:\/\/nordicmart.andreevmaster.com\/sv\/wp-json\/wp\/v2\/product_brand?post=17822"},{"taxonomy":"product_cat","embeddable":true,"href":"https:\/\/nordicmart.andreevmaster.com\/sv\/wp-json\/wp\/v2\/product_cat?post=17822"},{"taxonomy":"product_tag","embeddable":true,"href":"https:\/\/nordicmart.andreevmaster.com\/sv\/wp-json\/wp\/v2\/product_tag?post=17822"}],"curies":[{"name":"wp","href":"https:\/\/api.w.org\/{rel}","templated":true}]}}