{"id":17821,"date":"2026-02-27T00:36:47","date_gmt":"2026-02-27T00:36:47","guid":{"rendered":"https:\/\/nordicmart.andreevmaster.com\/product\/woopie-xl-vattenbord-vatten-och-sandlek-37-delar\/"},"modified":"2026-02-27T08:26:01","modified_gmt":"2026-02-27T08:26:01","slug":"woopie-xl-vattenbord-vatten-och-sandlek-37-delar","status":"publish","type":"product","link":"https:\/\/nordicmart.andreevmaster.com\/sv\/produkt\/woopie-xl-vattenbord-vatten-och-sandlek-37-delar\/","title":{"rendered":"WOOPIE XL Vattenbord Vatten- och sandlek 37 delar."},"content":{"rendered":"<p>Detta unika vattenbord fr\u00e5n WOOPIE \u00e4r det perfekta s\u00e4ttet att ha kul \u00e5ret runt, oavsett v\u00e4der. Det \u00e4r inte bara fantastisk underh\u00e5llning p\u00e5 varma dagar, utan ocks\u00e5 ett utm\u00e4rkt s\u00e4tt att bek\u00e4mpa tristess n\u00e4r det blir kallare. Detta unika bord har ett avancerat vattensystem i tre niv\u00e5er som garanterat kommer att gl\u00e4dja alla barn! Sm\u00e5 uppt\u00e4cktsresande kan anv\u00e4nda en vattenkanna f\u00f6r att h\u00e4lla vatten i den \u00f6vre kammaren och sedan se hur vattenfallet rinner ner i den nedre beh\u00e5llaren och s\u00e4tter vattenhjulet i r\u00f6relse. Tack vare de medf\u00f6ljande tillbeh\u00f6ren kan bordet dessutom anv\u00e4ndas f\u00f6r att leka med b\u00e5de vanlig sand och kinetisk sand, vilket g\u00f6r det till en m\u00e5ngsidig leksak f\u00f6r alla tillf\u00e4llen.<\/p>\n<p>Funktioner:<\/p>\n<p>* &#8211; Vatten- och sandleksak<br \/>\n* &#8211; 3-niv\u00e5konstruktion<br \/>\n* &#8211; Multifunktionella tillbeh\u00f6r ing\u00e5r i setet<br \/>\n* &#8211; L\u00e4tt att montera och demontera<\/p>\n<p>Setet inneh\u00e5ller:<\/p>\n<p>* &#8211; 2 hinkar<br \/>\n* &#8211; Vattenkanna<br \/>\n* &#8211; 5 formar<br \/>\n* &#8211; Enkel kvarn<br \/>\n* &#8211; 5 sandtillbeh\u00f6r, t.ex. spade, kratta, sikt<br \/>\n* &#8211; Vattenbord med tillbeh\u00f6r f\u00f6r montering<br \/>\n* &#8211; Barnstol<\/p>\n","protected":false},"excerpt":{"rendered":"<p>Detta unika vattenbord fr\u00e5n WOOPIE \u00e4r det perfekta s\u00e4ttet att ha kul \u00e5ret runt, oavsett v\u00e4der. Det \u00e4r inte bara fantastisk underh\u00e5llning p\u00e5 varma dagar, utan ocks\u00e5 ett utm\u00e4rkt s\u00e4tt att bek\u00e4mpa tristess n\u00e4r det blir kallare. Detta unika bord har ett avancerat vattensystem i tre niv\u00e5er som garanterat kommer att gl\u00e4dja alla barn! Sm\u00e5 [&hellip;]<\/p>\n","protected":false},"featured_media":0,"comment_status":"open","ping_status":"closed","template":"","meta":[],"product_brand":[],"product_cat":[33],"product_tag":[],"class_list":{"0":"post-17821","1":"product","2":"type-product","3":"status-publish","5":"product_cat-okategoriserad","7":"first","8":"instock","9":"shipping-taxable","10":"purchasable","11":"product-type-simple"},"_links":{"self":[{"href":"https:\/\/nordicmart.andreevmaster.com\/sv\/wp-json\/wp\/v2\/product\/17821","targetHints":{"allow":["GET"]}}],"collection":[{"href":"https:\/\/nordicmart.andreevmaster.com\/sv\/wp-json\/wp\/v2\/product"}],"about":[{"href":"https:\/\/nordicmart.andreevmaster.com\/sv\/wp-json\/wp\/v2\/types\/product"}],"replies":[{"embeddable":true,"href":"https:\/\/nordicmart.andreevmaster.com\/sv\/wp-json\/wp\/v2\/comments?post=17821"}],"wp:attachment":[{"href":"https:\/\/nordicmart.andreevmaster.com\/sv\/wp-json\/wp\/v2\/media?parent=17821"}],"wp:term":[{"taxonomy":"product_brand","embeddable":true,"href":"https:\/\/nordicmart.andreevmaster.com\/sv\/wp-json\/wp\/v2\/product_brand?post=17821"},{"taxonomy":"product_cat","embeddable":true,"href":"https:\/\/nordicmart.andreevmaster.com\/sv\/wp-json\/wp\/v2\/product_cat?post=17821"},{"taxonomy":"product_tag","embeddable":true,"href":"https:\/\/nordicmart.andreevmaster.com\/sv\/wp-json\/wp\/v2\/product_tag?post=17821"}],"curies":[{"name":"wp","href":"https:\/\/api.w.org\/{rel}","templated":true}]}}