{"id":17820,"date":"2026-02-27T00:36:47","date_gmt":"2026-02-27T00:36:47","guid":{"rendered":"https:\/\/nordicmart.andreevmaster.com\/product\/woopie-green-trabyggarbetsplats-5-i-1-mobilkran-xxl-byggfordon-13-st-fsc\/"},"modified":"2026-02-27T08:26:01","modified_gmt":"2026-02-27T08:26:01","slug":"woopie-green-trabyggarbetsplats-5-i-1-mobilkran-xxl-byggfordon-13-st-fsc","status":"publish","type":"product","link":"https:\/\/nordicmart.andreevmaster.com\/sv\/produkt\/woopie-green-trabyggarbetsplats-5-i-1-mobilkran-xxl-byggfordon-13-st-fsc\/","title":{"rendered":"WOOPIE GREEN Tr\u00e4byggarbetsplats 5-i-1 Mobilkran XXL Byggfordon 13 st. FSC"},"content":{"rendered":"<p>\u2b50 XXL 5-i-1 byggarbetsplats \u2013 Bli en liten ingenj\u00f6r med WOOPIE GREEN! \u2b50<\/p>\n<p>Den enorma 5-i-1 byggarbetsplatsen fr\u00e5n WOOPIE GREEN \u00e4r varje liten byggares dr\u00f6m! Med detta omfattande set kan barn ta p\u00e5 sig rollen som ingenj\u00f6r och genomf\u00f6ra ett riktigt minibyggprojekt \u2013 fr\u00e5n att transportera material till att man\u00f6vrera en kran och gr\u00e4vmaskin. Det \u00e4r inte bara roligt, utan utvecklar ocks\u00e5 motorik, logiskt t\u00e4nkande och fantasi. Setet inneh\u00e5ller en gigantisk kran som \u00e4r 42 cm h\u00f6g, tre byggfordon, en matta med en illustration av en byggarbetsplats och andra realistiska tillbeh\u00f6r. Alla delar \u00e4r tillverkade av massivt enb\u00e4rstr\u00e4 och m\u00e5lade med s\u00e4ker f\u00e4rg. <\/p>\n<p>Egenskaper: <\/p>\n<p>* &#8211; leksak f\u00f6r barn fr\u00e5n 3 \u00e5r<br \/>\n* &#8211; stort 5-i-1 byggset<br \/>\n* &#8211; XXL-kran (42 cm) som kan rotera 360\u00b0<br \/>\n* &#8211; r\u00f6rliga delar: kran, gr\u00e4vmaskin, betongblandare, dumper<br \/>\n* &#8211; tillverkad av tr\u00e4 \u2013 s\u00e4ker, h\u00e5llbar och attraktiv<br \/>\n* &#8211; perfekt f\u00f6r rollspel och lekfullt l\u00e4rande<\/p>\n<p>[img-123497-left-thickbox_default]<\/p>\n<p>Satsen inneh\u00e5ller:<\/p>\n<p>* &#8211; XXL-kran (42 cm)<br \/>\n* &#8211; 3 byggfordon: dumper, betongblandare, gr\u00e4vmaskin<br \/>\n* &#8211; 3 trafikkoner<br \/>\n* &#8211; 2 v\u00e4gsp\u00e4rrar<br \/>\n* &#8211; plattform med byggmaterial<br \/>\n* &#8211; matta med illustration av en byggarbetsplats \u2013 g\u00f6r det m\u00f6jligt f\u00f6r barn att \u00e5terskapa realistiska byggscenarier, vilket stimulerar kreativiteten och m\u00f6jligg\u00f6r rollspel. Barnen kan skapa sina egna byggprojekt, vilket st\u00f6der utvecklingen av rumsligt t\u00e4nkande.<\/p>\n<p>Leksaken utvecklar:<\/p>\n<p>* &#8211; fantasi och kreativitet \u2013 l\u00e5ter barnen \u00e5terskapa realistiska byggscenarier, vilket stimulerar kreativiteten och m\u00f6jligg\u00f6r rollspel. Barnen kan skapa sina egna byggprojekt, vilket st\u00f6der utvecklingen av rumsligt t\u00e4nkande<br \/>\n* &#8211; intressen<br \/>\n* &#8211; stimulerar sinnena<br \/>\n* &#8211; finmotorik \u2013 de precisa r\u00f6relser som kr\u00e4vs f\u00f6r att vrida, lyfta och ordna element hj\u00e4lper till att utveckla manuella f\u00e4rdigheter och finmotorik<br \/>\n* &#8211; hand-\u00f6ga-koordination<br \/>\n* &#8211; barnets kognitiva funktioner \u2013 att planera byggandet, hantera utrymmet och analysera tekniska m\u00f6jligheter utvecklar logiskt t\u00e4nkande och probleml\u00f6sningsf\u00f6rm\u00e5ga<br \/>\n* &#8211; sj\u00e4lvf\u00f6rtroende<\/p>\n<p>[img-123491-left-thickbox_default]<\/p>\n<p>[img-123492-left-thickbox_default]<\/p>\n","protected":false},"excerpt":{"rendered":"<p>\u2b50 XXL 5-i-1 byggarbetsplats \u2013 Bli en liten ingenj\u00f6r med WOOPIE GREEN! \u2b50 Den enorma 5-i-1 byggarbetsplatsen fr\u00e5n WOOPIE GREEN \u00e4r varje liten byggares dr\u00f6m! Med detta omfattande set kan barn ta p\u00e5 sig rollen som ingenj\u00f6r och genomf\u00f6ra ett riktigt minibyggprojekt \u2013 fr\u00e5n att transportera material till att man\u00f6vrera en kran och gr\u00e4vmaskin. Det [&hellip;]<\/p>\n","protected":false},"featured_media":0,"comment_status":"open","ping_status":"closed","template":"","meta":[],"product_brand":[],"product_cat":[33],"product_tag":[],"class_list":{"0":"post-17820","1":"product","2":"type-product","3":"status-publish","5":"product_cat-okategoriserad","7":"first","8":"instock","9":"shipping-taxable","10":"purchasable","11":"product-type-simple"},"_links":{"self":[{"href":"https:\/\/nordicmart.andreevmaster.com\/sv\/wp-json\/wp\/v2\/product\/17820","targetHints":{"allow":["GET"]}}],"collection":[{"href":"https:\/\/nordicmart.andreevmaster.com\/sv\/wp-json\/wp\/v2\/product"}],"about":[{"href":"https:\/\/nordicmart.andreevmaster.com\/sv\/wp-json\/wp\/v2\/types\/product"}],"replies":[{"embeddable":true,"href":"https:\/\/nordicmart.andreevmaster.com\/sv\/wp-json\/wp\/v2\/comments?post=17820"}],"wp:attachment":[{"href":"https:\/\/nordicmart.andreevmaster.com\/sv\/wp-json\/wp\/v2\/media?parent=17820"}],"wp:term":[{"taxonomy":"product_brand","embeddable":true,"href":"https:\/\/nordicmart.andreevmaster.com\/sv\/wp-json\/wp\/v2\/product_brand?post=17820"},{"taxonomy":"product_cat","embeddable":true,"href":"https:\/\/nordicmart.andreevmaster.com\/sv\/wp-json\/wp\/v2\/product_cat?post=17820"},{"taxonomy":"product_tag","embeddable":true,"href":"https:\/\/nordicmart.andreevmaster.com\/sv\/wp-json\/wp\/v2\/product_tag?post=17820"}],"curies":[{"name":"wp","href":"https:\/\/api.w.org\/{rel}","templated":true}]}}