{"id":17819,"date":"2026-02-27T00:36:47","date_gmt":"2026-02-27T00:36:47","guid":{"rendered":"https:\/\/nordicmart.andreevmaster.com\/product\/woopie-green-xxl-glassbar-pastellbutik-glassvagn\/"},"modified":"2026-02-27T08:26:01","modified_gmt":"2026-02-27T08:26:01","slug":"woopie-green-xxl-glassbar-pastellbutik-glassvagn","status":"publish","type":"product","link":"https:\/\/nordicmart.andreevmaster.com\/sv\/produkt\/woopie-green-xxl-glassbar-pastellbutik-glassvagn\/","title":{"rendered":"WOOPIE GREEN XXL Glassbar Pastellbutik Glassvagn"},"content":{"rendered":"<p>Woopie Green glassbutik i tr\u00e4 \u2013 S\u00f6tt n\u00f6je fullt av id\u00e9er!<\/p>\n<p>Finns det n\u00e5gra barn som inte \u00e4lskar glass? T\u00e4nk dig nu att ditt barn kan \u00f6ppna sin egen glassbutik! Glassbutiken i tr\u00e4 fr\u00e5n Woopie Green \u00e4r inte bara en charmig vagn p\u00e5 hjul, utan ett riktigt centrum f\u00f6r kreativt n\u00f6je som l\u00e4r, underh\u00e5ller och utvecklar. Satsen inneh\u00e5ller 27 delar, inklusive f\u00e4rgglada glasskulor med magnetiska f\u00e4sten, pinnar, strutar, en glasssked och leksakspengar. Tack vare de m\u00e5nga tillbeh\u00f6ren kan ditt barn leka f\u00f6rs\u00e4ljare, kund eller glassm\u00e4stare \u2013 och skapa smaker och kombinationer efter egna id\u00e9er!<\/p>\n<p>Egenskaper:<\/p>\n<p>* &#8211; Tr\u00e4leksak, s\u00e4ker och milj\u00f6v\u00e4nlig f\u00f6r barn fr\u00e5n 3 \u00e5r<br \/>\n* &#8211; Omfattande tillbeh\u00f6rsset: Inneh\u00e5ller glasspinnar, v\u00e5fflor, f\u00e4rgglada skopor, en glasssked, en meny och tr\u00e4mynt \u2013 totalt 27 delar<br \/>\n* &#8211; Magnetiska glassf\u00e4sten \u2013 enkla och roliga att anv\u00e4nda<br \/>\n* &#8211; Solitt, h\u00f6gkvalitativt hantverk<br \/>\n* &#8211; L\u00e4tt att reng\u00f6ra \u2013 torka bara av med en trasa<br \/>\n* &#8211; Perfekt f\u00f6r grupp- eller sololek \u2013 fr\u00e4mjar social utveckling<\/p>\n<p>Satsen inneh\u00e5ller:<\/p>\n<p>* &#8211; Stor tr\u00e4vagn p\u00e5 hjul<br \/>\n* &#8211; 3 v\u00e5ffelstrutar<br \/>\n* &#8211; 6 magnetiska glasskulor<br \/>\n* &#8211; 4 glasspinnar<br \/>\n* &#8211; 1 glasskopa<br \/>\n* &#8211; 1 meny<br \/>\n* &#8211; 6 lekmynta<\/p>\n<p>Leksaken utvecklar:<\/p>\n<p>* &#8211; Kreativitet och fantasi \u2013 barn skapar sina egna smakkombinationer, komponerar desserter och planerar menyer, vilket stimulerar kreativt t\u00e4nkande och sj\u00e4lvst\u00e4ndighet.<br \/>\n* &#8211; Sociala f\u00e4rdigheter \u2013 att leka glassbar \u00e4r ett utm\u00e4rkt s\u00e4tt att l\u00e4ra sig samarbete, rollspel och kommunikation med andra barn eller v\u00e5rdgivare.* &#8211; Manuella f\u00e4rdigheter \u2013 att skopa glass, h\u00e5lla en sked, hantera mynt \u2013 allt detta st\u00f6der utvecklingen av sm\u00e5 h\u00e4nder och motorisk koordination.<br \/>\n* &#8211; Koncentration och logiskt t\u00e4nkande \u2013 att v\u00e4lja r\u00e4tt element och ordna dem l\u00e4r ut fokus och organisation.<\/p>\n","protected":false},"excerpt":{"rendered":"<p>Woopie Green glassbutik i tr\u00e4 \u2013 S\u00f6tt n\u00f6je fullt av id\u00e9er! Finns det n\u00e5gra barn som inte \u00e4lskar glass? T\u00e4nk dig nu att ditt barn kan \u00f6ppna sin egen glassbutik! Glassbutiken i tr\u00e4 fr\u00e5n Woopie Green \u00e4r inte bara en charmig vagn p\u00e5 hjul, utan ett riktigt centrum f\u00f6r kreativt n\u00f6je som l\u00e4r, underh\u00e5ller och [&hellip;]<\/p>\n","protected":false},"featured_media":0,"comment_status":"open","ping_status":"closed","template":"","meta":[],"product_brand":[],"product_cat":[33],"product_tag":[],"class_list":{"0":"post-17819","1":"product","2":"type-product","3":"status-publish","5":"product_cat-okategoriserad","7":"first","8":"instock","9":"shipping-taxable","10":"purchasable","11":"product-type-simple"},"_links":{"self":[{"href":"https:\/\/nordicmart.andreevmaster.com\/sv\/wp-json\/wp\/v2\/product\/17819","targetHints":{"allow":["GET"]}}],"collection":[{"href":"https:\/\/nordicmart.andreevmaster.com\/sv\/wp-json\/wp\/v2\/product"}],"about":[{"href":"https:\/\/nordicmart.andreevmaster.com\/sv\/wp-json\/wp\/v2\/types\/product"}],"replies":[{"embeddable":true,"href":"https:\/\/nordicmart.andreevmaster.com\/sv\/wp-json\/wp\/v2\/comments?post=17819"}],"wp:attachment":[{"href":"https:\/\/nordicmart.andreevmaster.com\/sv\/wp-json\/wp\/v2\/media?parent=17819"}],"wp:term":[{"taxonomy":"product_brand","embeddable":true,"href":"https:\/\/nordicmart.andreevmaster.com\/sv\/wp-json\/wp\/v2\/product_brand?post=17819"},{"taxonomy":"product_cat","embeddable":true,"href":"https:\/\/nordicmart.andreevmaster.com\/sv\/wp-json\/wp\/v2\/product_cat?post=17819"},{"taxonomy":"product_tag","embeddable":true,"href":"https:\/\/nordicmart.andreevmaster.com\/sv\/wp-json\/wp\/v2\/product_tag?post=17819"}],"curies":[{"name":"wp","href":"https:\/\/api.w.org\/{rel}","templated":true}]}}