{"id":17817,"date":"2026-02-27T00:36:46","date_gmt":"2026-02-27T00:36:46","guid":{"rendered":"https:\/\/nordicmart.andreevmaster.com\/product\/viga-trapusselset-12-pussel-24-bitar-vardera-pa-ett-stativ\/"},"modified":"2026-02-27T08:26:00","modified_gmt":"2026-02-27T08:26:00","slug":"viga-trapusselset-12-pussel-24-bitar-vardera-pa-ett-stativ","status":"publish","type":"product","link":"https:\/\/nordicmart.andreevmaster.com\/sv\/produkt\/viga-trapusselset-12-pussel-24-bitar-vardera-pa-ett-stativ\/","title":{"rendered":"Viga Tr\u00e4pusselset 12 pussel, 24 bitar vardera, p\u00e5 ett stativ"},"content":{"rendered":"<p>Tr\u00e4pussel i ram fr\u00e5n Viga \u00e4r ett av de ledande leksakerna som l\u00e5ter ditt barn komma in i en v\u00e4rld av intressant och kreativt lekande. 12 tr\u00e4br\u00e4dor utformade speciellt f\u00f6r utveckling:<\/p>\n<p>* &#8211; hand-\u00f6ga-koordination,<br \/>\n* &#8211; fantasi,<br \/>\n* &#8211; logiskt t\u00e4nkande.<\/p>\n<p>Varje br\u00e4da best\u00e5r av 24 pussel. Barnets uppgift \u00e4r att placera de f\u00e4rgglada pusselbitarna p\u00e5 r\u00e4tt br\u00e4da. Enkla former, s\u00f6ta bilder och vackra f\u00e4rger lockar barn och hj\u00e4lper dem att l\u00e4ra sig att l\u00e4gga pussel. Setet inneh\u00e5ller ett tr\u00e4st\u00e4ll f\u00f6r f\u00f6rvaring av br\u00e4dorna. Hela setet \u00e4r tillverkat av lackerat tr\u00e4, m\u00e5lat med barns\u00e4ker f\u00e4rg i livfulla f\u00e4rger som kommer att tillfredsst\u00e4lla alla anv\u00e4ndare och ge dem massor av gl\u00e4dje. Viga \u00e4r ett varum\u00e4rke som registrerades 2003 men som redan finns i \u00f6ver 60 l\u00e4nder runt om i v\u00e4rlden. Deras innovativa id\u00e9er har f\u00e5tt erk\u00e4nnande i bland annat Europa, USA, Australien och Japan. F\u00f6retagets grundare uppm\u00e4rksammade forskningsresultat som pekade p\u00e5 ett samband mellan lek och l\u00e4rande under de f\u00f6rsta \u00e5ren av barns utveckling. F\u00f6r att hj\u00e4lpa f\u00f6r\u00e4ldrar och utbildningsinstitutioner att uppfostra barn och r\u00e4dda dem fr\u00e5n den virtuella v\u00e4rlden, som kan f\u00f6rvr\u00e4nga verkligheten kraftigt, erbjuder tillverkaren ett innovativt sortiment av produkter tillverkade av naturmaterial som erh\u00e5llits genom milj\u00f6v\u00e4nliga produktionsprocesser. S\u00e4kerheten och kvaliteten p\u00e5 tr\u00e4produkter \u00e4r en prioritet f\u00f6r Vigi, och tillverkaren har s\u00e4kerst\u00e4llt att f\u00e4rgerna som anv\u00e4nds f\u00f6r att m\u00e5la leksakerna uppfyller s\u00e4kerhetsstandarderna EN71 och ASTM.<\/p>\n","protected":false},"excerpt":{"rendered":"<p>Tr\u00e4pussel i ram fr\u00e5n Viga \u00e4r ett av de ledande leksakerna som l\u00e5ter ditt barn komma in i en v\u00e4rld av intressant och kreativt lekande. 12 tr\u00e4br\u00e4dor utformade speciellt f\u00f6r utveckling: * &#8211; hand-\u00f6ga-koordination, * &#8211; fantasi, * &#8211; logiskt t\u00e4nkande. Varje br\u00e4da best\u00e5r av 24 pussel. Barnets uppgift \u00e4r att placera de f\u00e4rgglada pusselbitarna [&hellip;]<\/p>\n","protected":false},"featured_media":0,"comment_status":"open","ping_status":"closed","template":"","meta":[],"product_brand":[],"product_cat":[33],"product_tag":[],"class_list":{"0":"post-17817","1":"product","2":"type-product","3":"status-publish","5":"product_cat-okategoriserad","7":"first","8":"instock","9":"shipping-taxable","10":"purchasable","11":"product-type-simple"},"_links":{"self":[{"href":"https:\/\/nordicmart.andreevmaster.com\/sv\/wp-json\/wp\/v2\/product\/17817","targetHints":{"allow":["GET"]}}],"collection":[{"href":"https:\/\/nordicmart.andreevmaster.com\/sv\/wp-json\/wp\/v2\/product"}],"about":[{"href":"https:\/\/nordicmart.andreevmaster.com\/sv\/wp-json\/wp\/v2\/types\/product"}],"replies":[{"embeddable":true,"href":"https:\/\/nordicmart.andreevmaster.com\/sv\/wp-json\/wp\/v2\/comments?post=17817"}],"wp:attachment":[{"href":"https:\/\/nordicmart.andreevmaster.com\/sv\/wp-json\/wp\/v2\/media?parent=17817"}],"wp:term":[{"taxonomy":"product_brand","embeddable":true,"href":"https:\/\/nordicmart.andreevmaster.com\/sv\/wp-json\/wp\/v2\/product_brand?post=17817"},{"taxonomy":"product_cat","embeddable":true,"href":"https:\/\/nordicmart.andreevmaster.com\/sv\/wp-json\/wp\/v2\/product_cat?post=17817"},{"taxonomy":"product_tag","embeddable":true,"href":"https:\/\/nordicmart.andreevmaster.com\/sv\/wp-json\/wp\/v2\/product_tag?post=17817"}],"curies":[{"name":"wp","href":"https:\/\/api.w.org\/{rel}","templated":true}]}}