{"id":17815,"date":"2026-02-27T00:36:46","date_gmt":"2026-02-27T00:36:46","guid":{"rendered":"https:\/\/nordicmart.andreevmaster.com\/product\/viga-trakoksset-i-naturfarg-fsc-certifierat\/"},"modified":"2026-02-27T08:26:00","modified_gmt":"2026-02-27T08:26:00","slug":"viga-trakoksset-i-naturfarg-fsc-certifierat","status":"publish","type":"product","link":"https:\/\/nordicmart.andreevmaster.com\/sv\/produkt\/viga-trakoksset-i-naturfarg-fsc-certifierat\/","title":{"rendered":"VIGA Tr\u00e4k\u00f6ksset i naturf\u00e4rg, FSC-certifierat"},"content":{"rendered":"<p>Det stora naturliga k\u00f6kssetet i tr\u00e4 f\u00f6r barn fr\u00e5n Viga g\u00f6r det m\u00f6jligt f\u00f6r flera barn att leka samtidigt. Setet \u00e4r perfekt som lekomr\u00e5de f\u00f6r barn fr\u00e5n 3 \u00e5r. K\u00f6ket best\u00e5r av en spis med ugn, ett sk\u00e5p med diskb\u00e4nk, ett kylsk\u00e5p, en mikrov\u00e5gsugn och en tv\u00e4ttmaskin. M\u00f6blerna \u00e4r tillverkade av boktr\u00e4 och bj\u00f6rkplywood och kan placeras i valfri ordning. Varje segment \u00e4r 40 cm brett och 34 cm djupt. Setets totala bredd \u00e4r 160 cm, h\u00f6jden fr\u00e5n marken till b\u00e4nkskivan \u00e4r 53 cm och den totala h\u00f6jden \u00e4r 120 cm. Setet \u00e4r avsett f\u00f6r sj\u00e4lvmontering enligt den medf\u00f6ljande steg-f\u00f6r-steg-instruktionen.<\/p>\n<p>Egenskaper:<\/p>\n<p>* &#8211; f\u00f6r barn fr\u00e5n 3 \u00e5r<br \/>\n* &#8211; setet \u00e4r perfekt som lekh\u00f6rna<br \/>\n* &#8211; m\u00f6bler tillverkade av boktr\u00e4 och bj\u00f6rkplywood<br \/>\n* &#8211; tillverkade av lackerat tr\u00e4, element m\u00e5lade med barns\u00e4ker f\u00e4rg<br \/>\n* &#8211; DIY-monteringssats<\/p>\n<p>Satsen best\u00e5r av:<\/p>\n<p>* &#8211; spis<br \/>\n* &#8211; b\u00e4nkskiva<br \/>\n* &#8211; tv\u00e4ttmaskin<br \/>\n* &#8211; kylsk\u00e5p<br \/>\n* &#8211; mikrov\u00e5gsugn<\/p>\n","protected":false},"excerpt":{"rendered":"<p>Det stora naturliga k\u00f6kssetet i tr\u00e4 f\u00f6r barn fr\u00e5n Viga g\u00f6r det m\u00f6jligt f\u00f6r flera barn att leka samtidigt. Setet \u00e4r perfekt som lekomr\u00e5de f\u00f6r barn fr\u00e5n 3 \u00e5r. K\u00f6ket best\u00e5r av en spis med ugn, ett sk\u00e5p med diskb\u00e4nk, ett kylsk\u00e5p, en mikrov\u00e5gsugn och en tv\u00e4ttmaskin. M\u00f6blerna \u00e4r tillverkade av boktr\u00e4 och bj\u00f6rkplywood och [&hellip;]<\/p>\n","protected":false},"featured_media":0,"comment_status":"open","ping_status":"closed","template":"","meta":[],"product_brand":[],"product_cat":[33],"product_tag":[],"class_list":{"0":"post-17815","1":"product","2":"type-product","3":"status-publish","5":"product_cat-okategoriserad","7":"first","8":"instock","9":"shipping-taxable","10":"purchasable","11":"product-type-simple"},"_links":{"self":[{"href":"https:\/\/nordicmart.andreevmaster.com\/sv\/wp-json\/wp\/v2\/product\/17815","targetHints":{"allow":["GET"]}}],"collection":[{"href":"https:\/\/nordicmart.andreevmaster.com\/sv\/wp-json\/wp\/v2\/product"}],"about":[{"href":"https:\/\/nordicmart.andreevmaster.com\/sv\/wp-json\/wp\/v2\/types\/product"}],"replies":[{"embeddable":true,"href":"https:\/\/nordicmart.andreevmaster.com\/sv\/wp-json\/wp\/v2\/comments?post=17815"}],"wp:attachment":[{"href":"https:\/\/nordicmart.andreevmaster.com\/sv\/wp-json\/wp\/v2\/media?parent=17815"}],"wp:term":[{"taxonomy":"product_brand","embeddable":true,"href":"https:\/\/nordicmart.andreevmaster.com\/sv\/wp-json\/wp\/v2\/product_brand?post=17815"},{"taxonomy":"product_cat","embeddable":true,"href":"https:\/\/nordicmart.andreevmaster.com\/sv\/wp-json\/wp\/v2\/product_cat?post=17815"},{"taxonomy":"product_tag","embeddable":true,"href":"https:\/\/nordicmart.andreevmaster.com\/sv\/wp-json\/wp\/v2\/product_tag?post=17815"}],"curies":[{"name":"wp","href":"https:\/\/api.w.org\/{rel}","templated":true}]}}