{"id":17814,"date":"2026-02-27T00:36:45","date_gmt":"2026-02-27T00:36:45","guid":{"rendered":"https:\/\/nordicmart.andreevmaster.com\/product\/viga-tramanipuleringsbrada-abacus-frog-fsc-certifierad-montessori\/"},"modified":"2026-02-27T08:26:00","modified_gmt":"2026-02-27T08:26:00","slug":"viga-tramanipuleringsbrada-abacus-frog-fsc-certifierad-montessori","status":"publish","type":"product","link":"https:\/\/nordicmart.andreevmaster.com\/sv\/produkt\/viga-tramanipuleringsbrada-abacus-frog-fsc-certifierad-montessori\/","title":{"rendered":"VIGA Tr\u00e4manipuleringsbr\u00e4da Abacus Frog FSC-certifierad Montessori"},"content":{"rendered":"<p>Den tr\u00e4baserade, v\u00e4ggmonterade pedagogiska abakusen Frog fr\u00e5n Viga Toys \u00e4r en av de ledande leksakerna som l\u00e5ter ditt barn komma in i en v\u00e4rld av intressant och kreativt lekande. Abakusen introducerar ditt barn till sp\u00e4nnande lek och hj\u00e4lper dem att l\u00e4ra sig grunderna i matematik. Det \u00e4r f\u00f6rdelar som ingen annan leksak kan ers\u00e4tta. Den f\u00e4rgglada grodan utvecklar fantasin och det logiska t\u00e4nkandet. Egenskaper:<\/p>\n<p>* &#8211; abakusen best\u00e5r av 5 str\u00e4ngar som h\u00e4nger p\u00e5 en grodformad tavla, p\u00e5 vilken f\u00e4rgglada tr\u00e4skivor \u00e4r placerade, som barnet flyttar fr\u00e5n ena sidan till den andra och l\u00e4r sig matematikens principer,<br \/>\n* &#8211; abakusen placerad p\u00e5 en gr\u00f6n grodformad tavla \u00e4r i\u00f6gonfallande och uppmuntrar till lek,<br \/>\n* &#8211; abakusen \u00e4r tillverkad av barns\u00e4kert tr\u00e4 m\u00e5lat med giftfria f\u00e4rger.<\/p>\n<p>Leksaken utvecklar:<\/p>\n<p>* &#8211; matematiska f\u00e4rdigheter,<br \/>\n* &#8211; finmotorik,<br \/>\n* &#8211; kreativitet,<br \/>\n* &#8211; t\u00e5lamod.<\/p>\n","protected":false},"excerpt":{"rendered":"<p>Den tr\u00e4baserade, v\u00e4ggmonterade pedagogiska abakusen Frog fr\u00e5n Viga Toys \u00e4r en av de ledande leksakerna som l\u00e5ter ditt barn komma in i en v\u00e4rld av intressant och kreativt lekande. Abakusen introducerar ditt barn till sp\u00e4nnande lek och hj\u00e4lper dem att l\u00e4ra sig grunderna i matematik. Det \u00e4r f\u00f6rdelar som ingen annan leksak kan ers\u00e4tta. Den [&hellip;]<\/p>\n","protected":false},"featured_media":0,"comment_status":"open","ping_status":"closed","template":"","meta":[],"product_brand":[],"product_cat":[33],"product_tag":[],"class_list":{"0":"post-17814","1":"product","2":"type-product","3":"status-publish","5":"product_cat-okategoriserad","7":"first","8":"instock","9":"shipping-taxable","10":"purchasable","11":"product-type-simple"},"_links":{"self":[{"href":"https:\/\/nordicmart.andreevmaster.com\/sv\/wp-json\/wp\/v2\/product\/17814","targetHints":{"allow":["GET"]}}],"collection":[{"href":"https:\/\/nordicmart.andreevmaster.com\/sv\/wp-json\/wp\/v2\/product"}],"about":[{"href":"https:\/\/nordicmart.andreevmaster.com\/sv\/wp-json\/wp\/v2\/types\/product"}],"replies":[{"embeddable":true,"href":"https:\/\/nordicmart.andreevmaster.com\/sv\/wp-json\/wp\/v2\/comments?post=17814"}],"wp:attachment":[{"href":"https:\/\/nordicmart.andreevmaster.com\/sv\/wp-json\/wp\/v2\/media?parent=17814"}],"wp:term":[{"taxonomy":"product_brand","embeddable":true,"href":"https:\/\/nordicmart.andreevmaster.com\/sv\/wp-json\/wp\/v2\/product_brand?post=17814"},{"taxonomy":"product_cat","embeddable":true,"href":"https:\/\/nordicmart.andreevmaster.com\/sv\/wp-json\/wp\/v2\/product_cat?post=17814"},{"taxonomy":"product_tag","embeddable":true,"href":"https:\/\/nordicmart.andreevmaster.com\/sv\/wp-json\/wp\/v2\/product_tag?post=17814"}],"curies":[{"name":"wp","href":"https:\/\/api.w.org\/{rel}","templated":true}]}}