{"id":17813,"date":"2026-02-27T00:36:45","date_gmt":"2026-02-27T00:36:45","guid":{"rendered":"https:\/\/nordicmart.andreevmaster.com\/product\/viga-trabrada-fudge-fsc-montessori-certifikat\/"},"modified":"2026-02-27T08:26:00","modified_gmt":"2026-02-27T08:26:00","slug":"viga-trabrada-fudge-fsc-montessori-certifikat","status":"publish","type":"product","link":"https:\/\/nordicmart.andreevmaster.com\/sv\/produkt\/viga-trabrada-fudge-fsc-montessori-certifikat\/","title":{"rendered":"VIGA Tr\u00e4br\u00e4da Fudge FSC Montessori-certifikat"},"content":{"rendered":"<p>Tr\u00e4br\u00e4dan \u00e4r utrustad med roterande skivor med m\u00f6nster. Dessa \u00e4r f\u00f6rdelar som ingen annan leksak kan ers\u00e4tta. Den f\u00e4rgglada tr\u00e4br\u00e4dan utvecklar fantasi och logiskt t\u00e4nkande. Tr\u00e4et har lackats och m\u00e5lats med barns\u00e4kra f\u00e4rger i livfulla f\u00e4rger som kommer att tillfredsst\u00e4lla alla anv\u00e4ndare och ge dem mycket gl\u00e4dje.<\/p>\n","protected":false},"excerpt":{"rendered":"<p>Tr\u00e4br\u00e4dan \u00e4r utrustad med roterande skivor med m\u00f6nster. Dessa \u00e4r f\u00f6rdelar som ingen annan leksak kan ers\u00e4tta. Den f\u00e4rgglada tr\u00e4br\u00e4dan utvecklar fantasi och logiskt t\u00e4nkande. Tr\u00e4et har lackats och m\u00e5lats med barns\u00e4kra f\u00e4rger i livfulla f\u00e4rger som kommer att tillfredsst\u00e4lla alla anv\u00e4ndare och ge dem mycket gl\u00e4dje.<\/p>\n","protected":false},"featured_media":0,"comment_status":"open","ping_status":"closed","template":"","meta":[],"product_brand":[],"product_cat":[33],"product_tag":[],"class_list":{"0":"post-17813","1":"product","2":"type-product","3":"status-publish","5":"product_cat-okategoriserad","7":"first","8":"instock","9":"shipping-taxable","10":"purchasable","11":"product-type-simple"},"_links":{"self":[{"href":"https:\/\/nordicmart.andreevmaster.com\/sv\/wp-json\/wp\/v2\/product\/17813","targetHints":{"allow":["GET"]}}],"collection":[{"href":"https:\/\/nordicmart.andreevmaster.com\/sv\/wp-json\/wp\/v2\/product"}],"about":[{"href":"https:\/\/nordicmart.andreevmaster.com\/sv\/wp-json\/wp\/v2\/types\/product"}],"replies":[{"embeddable":true,"href":"https:\/\/nordicmart.andreevmaster.com\/sv\/wp-json\/wp\/v2\/comments?post=17813"}],"wp:attachment":[{"href":"https:\/\/nordicmart.andreevmaster.com\/sv\/wp-json\/wp\/v2\/media?parent=17813"}],"wp:term":[{"taxonomy":"product_brand","embeddable":true,"href":"https:\/\/nordicmart.andreevmaster.com\/sv\/wp-json\/wp\/v2\/product_brand?post=17813"},{"taxonomy":"product_cat","embeddable":true,"href":"https:\/\/nordicmart.andreevmaster.com\/sv\/wp-json\/wp\/v2\/product_cat?post=17813"},{"taxonomy":"product_tag","embeddable":true,"href":"https:\/\/nordicmart.andreevmaster.com\/sv\/wp-json\/wp\/v2\/product_tag?post=17813"}],"curies":[{"name":"wp","href":"https:\/\/api.w.org\/{rel}","templated":true}]}}