{"id":17812,"date":"2026-02-27T00:36:45","date_gmt":"2026-02-27T00:36:45","guid":{"rendered":"https:\/\/nordicmart.andreevmaster.com\/product\/viga-traleksak-med-siffror-kattunge-fsc-montessori-certifikat\/"},"modified":"2026-02-27T08:25:59","modified_gmt":"2026-02-27T08:25:59","slug":"viga-traleksak-med-siffror-kattunge-fsc-montessori-certifikat","status":"publish","type":"product","link":"https:\/\/nordicmart.andreevmaster.com\/sv\/produkt\/viga-traleksak-med-siffror-kattunge-fsc-montessori-certifikat\/","title":{"rendered":"VIGA Tr\u00e4leksak med siffror Kattunge FSC Montessori-certifikat"},"content":{"rendered":"<p>Ett pedagogiskt manipulerbart spel i tr\u00e4 fr\u00e5n den v\u00e4lk\u00e4nda leksakstillverkaren Viga Toys f\u00f6r barn fr\u00e5n 18 m\u00e5nader, perfekt f\u00f6r f\u00f6rskolan och hemmet. Leksaken har sp\u00e5r d\u00e4r du flyttar siffrorna f\u00f6r att matcha dem med bilder som visar r\u00e4tt antal fiskar. Detta spel introducerar ditt barn till sp\u00e4nnande lek och hj\u00e4lper dem att l\u00e4ra sig grunderna i matematik. Det \u00e4r f\u00f6rdelar som ingen annan leksak kan ers\u00e4tta. Detta f\u00e4rgglada spel utvecklar fantasi och logiskt t\u00e4nkande. I linje med Montessori-principerna hj\u00e4lper det barn att sj\u00e4lva koppla ihop r\u00e4tt element och l\u00e4r dem genom lek. <\/p>\n<p>Egenskaper: <\/p>\n<p>* &#8211; leksaken \u00e4r en manipulerbar tavla i form av en katt, med labyrinter utskurna p\u00e5 magen, l\u00e4ngs vilka block med siffror placeras. Barnets uppgift \u00e4r att matcha blocken med siffrorna till antalet fiskar som \u00e4r m\u00e5lade p\u00e5 magen.<br \/>\n* &#8211; Leksaken \u00e4r tillverkad av tr\u00e4 som har lackats och m\u00e5lats med barns\u00e4kra f\u00e4rger i livfulla f\u00e4rger som kommer att tillfredsst\u00e4lla alla anv\u00e4ndare och ge dem mycket gl\u00e4dje.Leksaken utvecklar:<br \/>\n* &#8211; finmotorik,<br \/>\n* &#8211; logiskt t\u00e4nkande,<br \/>\n* &#8211; hand-\u00f6ga-koordination,<br \/>\n* &#8211; r\u00e4knef\u00f6rm\u00e5ga,<br \/>\n* &#8211; kognitiva f\u00e4rdigheter.<\/p>\n","protected":false},"excerpt":{"rendered":"<p>Ett pedagogiskt manipulerbart spel i tr\u00e4 fr\u00e5n den v\u00e4lk\u00e4nda leksakstillverkaren Viga Toys f\u00f6r barn fr\u00e5n 18 m\u00e5nader, perfekt f\u00f6r f\u00f6rskolan och hemmet. Leksaken har sp\u00e5r d\u00e4r du flyttar siffrorna f\u00f6r att matcha dem med bilder som visar r\u00e4tt antal fiskar. Detta spel introducerar ditt barn till sp\u00e4nnande lek och hj\u00e4lper dem att l\u00e4ra sig grunderna [&hellip;]<\/p>\n","protected":false},"featured_media":0,"comment_status":"open","ping_status":"closed","template":"","meta":[],"product_brand":[],"product_cat":[33],"product_tag":[],"class_list":{"0":"post-17812","1":"product","2":"type-product","3":"status-publish","5":"product_cat-okategoriserad","7":"first","8":"instock","9":"shipping-taxable","10":"purchasable","11":"product-type-simple"},"_links":{"self":[{"href":"https:\/\/nordicmart.andreevmaster.com\/sv\/wp-json\/wp\/v2\/product\/17812","targetHints":{"allow":["GET"]}}],"collection":[{"href":"https:\/\/nordicmart.andreevmaster.com\/sv\/wp-json\/wp\/v2\/product"}],"about":[{"href":"https:\/\/nordicmart.andreevmaster.com\/sv\/wp-json\/wp\/v2\/types\/product"}],"replies":[{"embeddable":true,"href":"https:\/\/nordicmart.andreevmaster.com\/sv\/wp-json\/wp\/v2\/comments?post=17812"}],"wp:attachment":[{"href":"https:\/\/nordicmart.andreevmaster.com\/sv\/wp-json\/wp\/v2\/media?parent=17812"}],"wp:term":[{"taxonomy":"product_brand","embeddable":true,"href":"https:\/\/nordicmart.andreevmaster.com\/sv\/wp-json\/wp\/v2\/product_brand?post=17812"},{"taxonomy":"product_cat","embeddable":true,"href":"https:\/\/nordicmart.andreevmaster.com\/sv\/wp-json\/wp\/v2\/product_cat?post=17812"},{"taxonomy":"product_tag","embeddable":true,"href":"https:\/\/nordicmart.andreevmaster.com\/sv\/wp-json\/wp\/v2\/product_tag?post=17812"}],"curies":[{"name":"wp","href":"https:\/\/api.w.org\/{rel}","templated":true}]}}