{"id":17811,"date":"2026-02-27T00:36:45","date_gmt":"2026-02-27T00:36:45","guid":{"rendered":"https:\/\/nordicmart.andreevmaster.com\/product\/viga-sensorisk-tavla-for-att-lara-sig-rakna-fsc-montessori-certifierad\/"},"modified":"2026-02-27T08:25:59","modified_gmt":"2026-02-27T08:25:59","slug":"viga-sensorisk-tavla-for-att-lara-sig-rakna-fsc-montessori-certifierad","status":"publish","type":"product","link":"https:\/\/nordicmart.andreevmaster.com\/sv\/produkt\/viga-sensorisk-tavla-for-att-lara-sig-rakna-fsc-montessori-certifierad\/","title":{"rendered":"VIGA Sensorisk tavla f\u00f6r att l\u00e4ra sig r\u00e4kna FSC Montessori-certifierad"},"content":{"rendered":"<p>Ett av de mest intressanta leksakerna som introducerar barn till siffrornas v\u00e4rld. Det v\u00e4cker deras nyfikenhet och uppmuntrar dem att l\u00e4ra sig r\u00e4kna. En labyrint fylld med siffror som l\u00e4r barn sina f\u00f6rsta matematiska operationer genom lek.<\/p>\n<p>Egenskaper:<\/p>\n<p>* Leksaken l\u00e4r ut grundl\u00e4ggande matematiska operationer,<br \/>\n* Att flytta siffrorna f\u00f6rb\u00e4ttrar barnens fingerf\u00e4rdighet och precision,<br \/>\n* Produkten \u00e4r idealisk f\u00f6r f\u00f6rskolor.<\/p>\n","protected":false},"excerpt":{"rendered":"<p>Ett av de mest intressanta leksakerna som introducerar barn till siffrornas v\u00e4rld. Det v\u00e4cker deras nyfikenhet och uppmuntrar dem att l\u00e4ra sig r\u00e4kna. En labyrint fylld med siffror som l\u00e4r barn sina f\u00f6rsta matematiska operationer genom lek. Egenskaper: * Leksaken l\u00e4r ut grundl\u00e4ggande matematiska operationer, * Att flytta siffrorna f\u00f6rb\u00e4ttrar barnens fingerf\u00e4rdighet och precision, * [&hellip;]<\/p>\n","protected":false},"featured_media":0,"comment_status":"open","ping_status":"closed","template":"","meta":[],"product_brand":[],"product_cat":[33],"product_tag":[],"class_list":{"0":"post-17811","1":"product","2":"type-product","3":"status-publish","5":"product_cat-okategoriserad","7":"first","8":"instock","9":"shipping-taxable","10":"purchasable","11":"product-type-simple"},"_links":{"self":[{"href":"https:\/\/nordicmart.andreevmaster.com\/sv\/wp-json\/wp\/v2\/product\/17811","targetHints":{"allow":["GET"]}}],"collection":[{"href":"https:\/\/nordicmart.andreevmaster.com\/sv\/wp-json\/wp\/v2\/product"}],"about":[{"href":"https:\/\/nordicmart.andreevmaster.com\/sv\/wp-json\/wp\/v2\/types\/product"}],"replies":[{"embeddable":true,"href":"https:\/\/nordicmart.andreevmaster.com\/sv\/wp-json\/wp\/v2\/comments?post=17811"}],"wp:attachment":[{"href":"https:\/\/nordicmart.andreevmaster.com\/sv\/wp-json\/wp\/v2\/media?parent=17811"}],"wp:term":[{"taxonomy":"product_brand","embeddable":true,"href":"https:\/\/nordicmart.andreevmaster.com\/sv\/wp-json\/wp\/v2\/product_brand?post=17811"},{"taxonomy":"product_cat","embeddable":true,"href":"https:\/\/nordicmart.andreevmaster.com\/sv\/wp-json\/wp\/v2\/product_cat?post=17811"},{"taxonomy":"product_tag","embeddable":true,"href":"https:\/\/nordicmart.andreevmaster.com\/sv\/wp-json\/wp\/v2\/product_tag?post=17811"}],"curies":[{"name":"wp","href":"https:\/\/api.w.org\/{rel}","templated":true}]}}