{"id":17810,"date":"2026-02-27T00:36:44","date_gmt":"2026-02-27T00:36:44","guid":{"rendered":"https:\/\/nordicmart.andreevmaster.com\/product\/viga-toys-sensorisk-tavla-for-att-lara-sig-alfabetet\/"},"modified":"2026-02-27T08:25:59","modified_gmt":"2026-02-27T08:25:59","slug":"viga-toys-sensorisk-tavla-for-att-lara-sig-alfabetet","status":"publish","type":"product","link":"https:\/\/nordicmart.andreevmaster.com\/sv\/produkt\/viga-toys-sensorisk-tavla-for-att-lara-sig-alfabetet\/","title":{"rendered":"Viga Toys Sensorisk tavla f\u00f6r att l\u00e4ra sig alfabetet"},"content":{"rendered":"<p>Alfabetet Sensory Board f\u00f6r barn \u00f6ver 3 \u00e5r fr\u00e5n Viga Toys. Sensory Board Learning the Alphabet introducerar barn till bokst\u00e4vernas v\u00e4rld. Det v\u00e4cker deras nyfikenhet och uppmuntrar dem att l\u00e4ra sig l\u00e4sa. En labyrint med hela alfabetet, vars glada bokst\u00e4ver hj\u00e4lper till att l\u00e4ra sig stava, dela upp i stavelser och l\u00e4sa. Produkten \u00e4r tillverkad av lackerat tr\u00e4 och m\u00e5lad med giftfria f\u00e4rger.<\/p>\n","protected":false},"excerpt":{"rendered":"<p>Alfabetet Sensory Board f\u00f6r barn \u00f6ver 3 \u00e5r fr\u00e5n Viga Toys. Sensory Board Learning the Alphabet introducerar barn till bokst\u00e4vernas v\u00e4rld. Det v\u00e4cker deras nyfikenhet och uppmuntrar dem att l\u00e4ra sig l\u00e4sa. En labyrint med hela alfabetet, vars glada bokst\u00e4ver hj\u00e4lper till att l\u00e4ra sig stava, dela upp i stavelser och l\u00e4sa. Produkten \u00e4r tillverkad [&hellip;]<\/p>\n","protected":false},"featured_media":0,"comment_status":"open","ping_status":"closed","template":"","meta":[],"product_brand":[],"product_cat":[33],"product_tag":[],"class_list":{"0":"post-17810","1":"product","2":"type-product","3":"status-publish","5":"product_cat-okategoriserad","7":"first","8":"instock","9":"shipping-taxable","10":"purchasable","11":"product-type-simple"},"_links":{"self":[{"href":"https:\/\/nordicmart.andreevmaster.com\/sv\/wp-json\/wp\/v2\/product\/17810","targetHints":{"allow":["GET"]}}],"collection":[{"href":"https:\/\/nordicmart.andreevmaster.com\/sv\/wp-json\/wp\/v2\/product"}],"about":[{"href":"https:\/\/nordicmart.andreevmaster.com\/sv\/wp-json\/wp\/v2\/types\/product"}],"replies":[{"embeddable":true,"href":"https:\/\/nordicmart.andreevmaster.com\/sv\/wp-json\/wp\/v2\/comments?post=17810"}],"wp:attachment":[{"href":"https:\/\/nordicmart.andreevmaster.com\/sv\/wp-json\/wp\/v2\/media?parent=17810"}],"wp:term":[{"taxonomy":"product_brand","embeddable":true,"href":"https:\/\/nordicmart.andreevmaster.com\/sv\/wp-json\/wp\/v2\/product_brand?post=17810"},{"taxonomy":"product_cat","embeddable":true,"href":"https:\/\/nordicmart.andreevmaster.com\/sv\/wp-json\/wp\/v2\/product_cat?post=17810"},{"taxonomy":"product_tag","embeddable":true,"href":"https:\/\/nordicmart.andreevmaster.com\/sv\/wp-json\/wp\/v2\/product_tag?post=17810"}],"curies":[{"name":"wp","href":"https:\/\/api.w.org\/{rel}","templated":true}]}}