{"id":17809,"date":"2026-02-27T00:36:44","date_gmt":"2026-02-27T00:36:44","guid":{"rendered":"https:\/\/nordicmart.andreevmaster.com\/product\/viga-traleksak-for-sensorisk-utveckling-flygplan-fsc-montessori-certifierad\/"},"modified":"2026-02-27T08:25:59","modified_gmt":"2026-02-27T08:25:59","slug":"viga-traleksak-for-sensorisk-utveckling-flygplan-fsc-montessori-certifierad","status":"publish","type":"product","link":"https:\/\/nordicmart.andreevmaster.com\/sv\/produkt\/viga-traleksak-for-sensorisk-utveckling-flygplan-fsc-montessori-certifierad\/","title":{"rendered":"VIGA Tr\u00e4leksak f\u00f6r sensorisk utveckling Flygplan FSC Montessori-certifierad"},"content":{"rendered":"<p>Viga XL Airplane \u00e4r en multifunktionell v\u00e4ggleksak i tr\u00e4. Den best\u00e5r av 5 delar som tillsammans bildar ett flygplan. Varje del erbjuder barn olika typer av aktiviteter. Det finns en labyrint, en v\u00e4vram (motor loop), en minirutschkana, en klocka med r\u00f6rliga visare och f\u00e4rgglada, r\u00f6rliga kugghjul. Leksaken \u00e4r utformad f\u00f6r att stimulera sinnena och st\u00f6dja utvecklingen av barns motoriska f\u00e4rdigheter. Det \u00e4r en utm\u00e4rkt \u00f6vning f\u00f6r sm\u00e5 fingrar. Leksaken l\u00e4r ocks\u00e5 ut logiskt t\u00e4nkande och t\u00e5lamod. Tack vare sin stora storlek \u00e4r flygplanet perfekt f\u00f6r daghem, f\u00f6rskolor, skolor och offentliga platser. Att montera leksaken p\u00e5 v\u00e4ggen sparar golvyta. Produkten \u00e4r tillverkad av lackerat tr\u00e4 och m\u00e5lad med giftfria f\u00e4rger.<\/p>\n","protected":false},"excerpt":{"rendered":"<p>Viga XL Airplane \u00e4r en multifunktionell v\u00e4ggleksak i tr\u00e4. Den best\u00e5r av 5 delar som tillsammans bildar ett flygplan. Varje del erbjuder barn olika typer av aktiviteter. Det finns en labyrint, en v\u00e4vram (motor loop), en minirutschkana, en klocka med r\u00f6rliga visare och f\u00e4rgglada, r\u00f6rliga kugghjul. Leksaken \u00e4r utformad f\u00f6r att stimulera sinnena och st\u00f6dja [&hellip;]<\/p>\n","protected":false},"featured_media":0,"comment_status":"open","ping_status":"closed","template":"","meta":[],"product_brand":[],"product_cat":[33],"product_tag":[],"class_list":{"0":"post-17809","1":"product","2":"type-product","3":"status-publish","5":"product_cat-okategoriserad","7":"first","8":"instock","9":"shipping-taxable","10":"purchasable","11":"product-type-simple"},"_links":{"self":[{"href":"https:\/\/nordicmart.andreevmaster.com\/sv\/wp-json\/wp\/v2\/product\/17809","targetHints":{"allow":["GET"]}}],"collection":[{"href":"https:\/\/nordicmart.andreevmaster.com\/sv\/wp-json\/wp\/v2\/product"}],"about":[{"href":"https:\/\/nordicmart.andreevmaster.com\/sv\/wp-json\/wp\/v2\/types\/product"}],"replies":[{"embeddable":true,"href":"https:\/\/nordicmart.andreevmaster.com\/sv\/wp-json\/wp\/v2\/comments?post=17809"}],"wp:attachment":[{"href":"https:\/\/nordicmart.andreevmaster.com\/sv\/wp-json\/wp\/v2\/media?parent=17809"}],"wp:term":[{"taxonomy":"product_brand","embeddable":true,"href":"https:\/\/nordicmart.andreevmaster.com\/sv\/wp-json\/wp\/v2\/product_brand?post=17809"},{"taxonomy":"product_cat","embeddable":true,"href":"https:\/\/nordicmart.andreevmaster.com\/sv\/wp-json\/wp\/v2\/product_cat?post=17809"},{"taxonomy":"product_tag","embeddable":true,"href":"https:\/\/nordicmart.andreevmaster.com\/sv\/wp-json\/wp\/v2\/product_tag?post=17809"}],"curies":[{"name":"wp","href":"https:\/\/api.w.org\/{rel}","templated":true}]}}