{"id":17806,"date":"2026-02-27T00:36:44","date_gmt":"2026-02-27T00:36:44","guid":{"rendered":"https:\/\/nordicmart.andreevmaster.com\/product\/woopie-royal-eliana-spansk-docka-interaktiva-babydockor\/"},"modified":"2026-02-27T08:25:58","modified_gmt":"2026-02-27T08:25:58","slug":"woopie-royal-eliana-spansk-docka-interaktiva-babydockor","status":"publish","type":"product","link":"https:\/\/nordicmart.andreevmaster.com\/sv\/produkt\/woopie-royal-eliana-spansk-docka-interaktiva-babydockor\/","title":{"rendered":"WOOPIE ROYAL Eliana spansk docka Interaktiva babydockor"},"content":{"rendered":"<p>Den interaktiva dockan fr\u00e5n WOOPIE:s ROYAL-serie \u00e4r precis som en riktig bebis! Att leka med dockan hj\u00e4lper barn att utveckla empati och ansvarsk\u00e4nsla! Dockan \u00e4r mjuk att ta p\u00e5 och dess vackra \u00f6gon lockar barnets uppm\u00e4rksamhet. En klar f\u00f6rdel med dockan \u00e4r dess vackra, l\u00e5nga, gl\u00e4nsande h\u00e5r, som \u00e4r perfekt att kamma. Tack vare h\u00e5rets utm\u00e4rkta kvalitet kan ditt barn utnyttja sin kreativitet n\u00e4r det g\u00e4ller att styla olika frisyrer. Dockans h\u00e4nder \u00e4r raffinerade och ger en realistisk k\u00e4nsla med sina fina naglar och l\u00e4tt rosiga kinder, vilket framh\u00e4ver dockans sk\u00f6nhet. Det finns m\u00e5nga element i setet \u2013 det roliga tar aldrig slut, din lilla kommer att vara lycklig och du kan k\u00e4nna dig trygg i vetskapen om att hen tillbringar sin tid med meningsfull lek. V\u00e5ra dockor \u00e4r tillverkade med stor precision och uppm\u00e4rksamhet p\u00e5 detaljer f\u00f6r att de ska se ut som riktiga bebisar. Dockan b\u00e4r en rosa och svart kl\u00e4nning med s\u00f6ta rosetter. Kl\u00e4nningen \u00e4r skuren i midjan och dekorerad med ett f\u00e4rgglatt tryck. Outfiten kompletteras av rosa skor och ett matchande h\u00e5rband. <\/p>\n<p>Egenskaper: <\/p>\n<p>* &#8211; Leksak f\u00f6r barn fr\u00e5n 3 \u00e5r<br \/>\n* &#8211; Interaktiv docka som reagerar p\u00e5 stimuli<br \/>\n* &#8211; Avtagbara kl\u00e4der som \u00e4r l\u00e4tta att tv\u00e4tta i tv\u00e4ttmaskinen<br \/>\n* &#8211; Mjuk, plyschig docka med mage<br \/>\n* &#8211; R\u00f6rliga armar, ben och huvud \u2013 mjuk silikon<br \/>\n* &#8211; Uppm\u00e4rksamhet p\u00e5 varje detalj \u2013 dockans insida \u00e4r gjord av mjuk plysch<br \/>\n* &#8211; Kan sitta sj\u00e4lvst\u00e4ndigt<br \/>\n* -S\u00f6ta, l\u00e5nga \u00f6gonfransar<br \/>\n* -Ljudsystemet kr\u00e4ver 3 AA-batterier (ing\u00e5r ej)<\/p>\n<p>Funktioner:<\/p>\n<p>* -Skrattar n\u00e4r den kastas<br \/>\n* -Ger glada ljud n\u00e4r den kramas<br \/>\n* -Ger gr\u00e5tande ljud<br \/>\n* -N\u00e4r den ligger platt snarkar den och ger sovande ljud<br \/>\n* -N\u00e4r dockan k\u00e4nner av ett slag b\u00f6rjar den gr\u00e5ta<br \/>\n* -N\u00e4r den l\u00e4ggs p\u00e5 magen b\u00f6rjar den g\u00f6ra ljud av missn\u00f6je<\/p>\n<p>Satsen inneh\u00e5ller:<\/p>\n<p>* -1 flaska till dockan<br \/>\n* -1 napp<br \/>\n* -1 mjuk leksak (slumpm\u00e4ssigt val)<br \/>\n* -1 bl\u00f6ja<\/p>\n","protected":false},"excerpt":{"rendered":"<p>Den interaktiva dockan fr\u00e5n WOOPIE:s ROYAL-serie \u00e4r precis som en riktig bebis! Att leka med dockan hj\u00e4lper barn att utveckla empati och ansvarsk\u00e4nsla! Dockan \u00e4r mjuk att ta p\u00e5 och dess vackra \u00f6gon lockar barnets uppm\u00e4rksamhet. En klar f\u00f6rdel med dockan \u00e4r dess vackra, l\u00e5nga, gl\u00e4nsande h\u00e5r, som \u00e4r perfekt att kamma. Tack vare h\u00e5rets [&hellip;]<\/p>\n","protected":false},"featured_media":0,"comment_status":"open","ping_status":"closed","template":"","meta":[],"product_brand":[],"product_cat":[33],"product_tag":[],"class_list":{"0":"post-17806","1":"product","2":"type-product","3":"status-publish","5":"product_cat-okategoriserad","7":"first","8":"instock","9":"shipping-taxable","10":"purchasable","11":"product-type-simple"},"_links":{"self":[{"href":"https:\/\/nordicmart.andreevmaster.com\/sv\/wp-json\/wp\/v2\/product\/17806","targetHints":{"allow":["GET"]}}],"collection":[{"href":"https:\/\/nordicmart.andreevmaster.com\/sv\/wp-json\/wp\/v2\/product"}],"about":[{"href":"https:\/\/nordicmart.andreevmaster.com\/sv\/wp-json\/wp\/v2\/types\/product"}],"replies":[{"embeddable":true,"href":"https:\/\/nordicmart.andreevmaster.com\/sv\/wp-json\/wp\/v2\/comments?post=17806"}],"wp:attachment":[{"href":"https:\/\/nordicmart.andreevmaster.com\/sv\/wp-json\/wp\/v2\/media?parent=17806"}],"wp:term":[{"taxonomy":"product_brand","embeddable":true,"href":"https:\/\/nordicmart.andreevmaster.com\/sv\/wp-json\/wp\/v2\/product_brand?post=17806"},{"taxonomy":"product_cat","embeddable":true,"href":"https:\/\/nordicmart.andreevmaster.com\/sv\/wp-json\/wp\/v2\/product_cat?post=17806"},{"taxonomy":"product_tag","embeddable":true,"href":"https:\/\/nordicmart.andreevmaster.com\/sv\/wp-json\/wp\/v2\/product_tag?post=17806"}],"curies":[{"name":"wp","href":"https:\/\/api.w.org\/{rel}","templated":true}]}}