{"id":17805,"date":"2026-02-27T00:36:43","date_gmt":"2026-02-27T00:36:43","guid":{"rendered":"https:\/\/nordicmart.andreevmaster.com\/product\/viga-hippopotamus-sensory-manipulative-board-fsc-certifierad-montessori\/"},"modified":"2026-02-27T08:25:58","modified_gmt":"2026-02-27T08:25:58","slug":"viga-hippopotamus-sensory-manipulative-board-fsc-certifierad-montessori","status":"publish","type":"product","link":"https:\/\/nordicmart.andreevmaster.com\/sv\/produkt\/viga-hippopotamus-sensory-manipulative-board-fsc-certifierad-montessori\/","title":{"rendered":"VIGA Hippopotamus Sensory Manipulative Board FSC-certifierad Montessori"},"content":{"rendered":"<p>Denna stora tr\u00e4skiva erbjuder flera olika aktiviteter:<\/p>\n<p>* Abakus \u2013 hj\u00e4lper barn att l\u00e4ra sig r\u00e4kna till 10, l\u00e4gga ihop och dra ifr\u00e5n<br \/>\n* Magnetisk labyrint med tv\u00e5 magiska pinnar f\u00f6r att flytta bollar \u2013 hj\u00e4lper till att memorera siffror,<br \/>\n* Formsorterare \u2013 hj\u00e4lper ditt barn att l\u00e4ra sig f\u00e4rger och geometriska former.<\/p>\n<p>Hela leksaken \u00e4r tillverkad av lackerat tr\u00e4, m\u00e5lad med barns\u00e4ker f\u00e4rg i livfulla f\u00e4rger som kommer att tillfredsst\u00e4lla alla anv\u00e4ndare och ge dem massor av skoj. Leksaken \u00e4r utformad f\u00f6r att st\u00f6dja barnets motoriska utveckling. Ett rekommenderat multifunktionellt leksak f\u00f6r f\u00f6rskolor eller offentliga platser.<\/p>\n<p>Viga Toys \u00e4r ett varum\u00e4rke som registrerades 2003 men som redan finns i \u00f6ver 60 l\u00e4nder runt om i v\u00e4rlden. Deras innovativa id\u00e9er har f\u00e5tt erk\u00e4nnande i bland annat Europa, USA, Australien och Japan. F\u00f6retagets grundare uppm\u00e4rksammade forskningsresultat som pekade p\u00e5 ett samband mellan lek och l\u00e4rande under de f\u00f6rsta \u00e5ren av barns utveckling. F\u00f6r att hj\u00e4lpa f\u00f6r\u00e4ldrar och utbildningsinstitutioner att uppfostra barn och r\u00e4dda dem fr\u00e5n den virtuella v\u00e4rlden, som kan f\u00f6rvr\u00e4nga verkligheten kraftigt, erbjuder tillverkaren ett innovativt sortiment av produkter tillverkade av naturmaterial som erh\u00e5llits genom milj\u00f6v\u00e4nliga produktionsprocesser. S\u00e4kerheten och kvaliteten p\u00e5 tr\u00e4produkter \u00e4r en prioritet f\u00f6r Vigi, och tillverkaren har s\u00e4kerst\u00e4llt att f\u00e4rgerna som anv\u00e4nds f\u00f6r att m\u00e5la leksakerna uppfyller s\u00e4kerhetsstandarderna EN71 och ASTM.<\/p>\n","protected":false},"excerpt":{"rendered":"<p>Denna stora tr\u00e4skiva erbjuder flera olika aktiviteter: * Abakus \u2013 hj\u00e4lper barn att l\u00e4ra sig r\u00e4kna till 10, l\u00e4gga ihop och dra ifr\u00e5n * Magnetisk labyrint med tv\u00e5 magiska pinnar f\u00f6r att flytta bollar \u2013 hj\u00e4lper till att memorera siffror, * Formsorterare \u2013 hj\u00e4lper ditt barn att l\u00e4ra sig f\u00e4rger och geometriska former. Hela leksaken [&hellip;]<\/p>\n","protected":false},"featured_media":0,"comment_status":"open","ping_status":"closed","template":"","meta":[],"product_brand":[],"product_cat":[33],"product_tag":[],"class_list":{"0":"post-17805","1":"product","2":"type-product","3":"status-publish","5":"product_cat-okategoriserad","7":"first","8":"instock","9":"shipping-taxable","10":"purchasable","11":"product-type-simple"},"_links":{"self":[{"href":"https:\/\/nordicmart.andreevmaster.com\/sv\/wp-json\/wp\/v2\/product\/17805","targetHints":{"allow":["GET"]}}],"collection":[{"href":"https:\/\/nordicmart.andreevmaster.com\/sv\/wp-json\/wp\/v2\/product"}],"about":[{"href":"https:\/\/nordicmart.andreevmaster.com\/sv\/wp-json\/wp\/v2\/types\/product"}],"replies":[{"embeddable":true,"href":"https:\/\/nordicmart.andreevmaster.com\/sv\/wp-json\/wp\/v2\/comments?post=17805"}],"wp:attachment":[{"href":"https:\/\/nordicmart.andreevmaster.com\/sv\/wp-json\/wp\/v2\/media?parent=17805"}],"wp:term":[{"taxonomy":"product_brand","embeddable":true,"href":"https:\/\/nordicmart.andreevmaster.com\/sv\/wp-json\/wp\/v2\/product_brand?post=17805"},{"taxonomy":"product_cat","embeddable":true,"href":"https:\/\/nordicmart.andreevmaster.com\/sv\/wp-json\/wp\/v2\/product_cat?post=17805"},{"taxonomy":"product_tag","embeddable":true,"href":"https:\/\/nordicmart.andreevmaster.com\/sv\/wp-json\/wp\/v2\/product_tag?post=17805"}],"curies":[{"name":"wp","href":"https:\/\/api.w.org\/{rel}","templated":true}]}}