{"id":17804,"date":"2026-02-27T00:36:43","date_gmt":"2026-02-27T00:36:43","guid":{"rendered":"https:\/\/nordicmart.andreevmaster.com\/product\/viga-sensorisk-manipulerbar-tavla-krokodil-fsc-montessori-certifikat\/"},"modified":"2026-02-27T08:25:58","modified_gmt":"2026-02-27T08:25:58","slug":"viga-sensorisk-manipulerbar-tavla-krokodil-fsc-montessori-certifikat","status":"publish","type":"product","link":"https:\/\/nordicmart.andreevmaster.com\/sv\/produkt\/viga-sensorisk-manipulerbar-tavla-krokodil-fsc-montessori-certifikat\/","title":{"rendered":"VIGA Sensorisk manipulerbar tavla Krokodil FSC Montessori-certifikat"},"content":{"rendered":"<p>Viga Krokodil Sensorisk manipulerbar pedagogisk tavla \u00e4r perfekt f\u00f6r anv\u00e4ndning hemma, p\u00e5 dagis eller i lekrummet.Det f\u00f6rsta elementet \u00e4r krokodilens huvud. H\u00e4r hittar ditt barn labyrinter genom vilka det kan styra elementen och \u00f6va p\u00e5 motoriken i h\u00e4nder och fingrar. Dessutom finns det kugghjul som s\u00e4tter krokodilens \u00f6gon i r\u00f6relse! Hjulen kan flyttas fritt f\u00f6r att hitta nya placeringsm\u00f6jligheter. Den andra tavlan inneh\u00e5ller en cirkul\u00e4r labyrint. Inuti labyrinten finns en metallkula. Barnets uppgift \u00e4r att vrida p\u00e5 hjulet f\u00f6r att f\u00e5 kulan till r\u00e4tt plats. Barnet kommer inte bara att ha mycket roligt, utan ocks\u00e5 tr\u00e4na sin koncentration, uppm\u00e4rksamhet och sitt analytiska och logiska t\u00e4nkande. Den tredje br\u00e4dan inneh\u00e5ller en musikpanel med f\u00e4rgglada cymbaler, som \u00e4r perfekta som f\u00f6rsta instrument f\u00f6r ett litet barn, och en r\u00e4fflad br\u00e4da som ocks\u00e5 ger ljud n\u00e4r man gnider p\u00e5 den med en tr\u00e4pinne. Den tredje br\u00e4dan har ocks\u00e5 en s\u00e4ker spegel. N\u00e4sta br\u00e4da har en sensationell magnetisk labyrint med tv\u00e5 pinnar f\u00f6r att flytta kulorna. Tack vare att v\u00e5r krokodil har tv\u00e5 magnetiska pinnar kan ditt barn tr\u00e4na fingerf\u00e4rdigheten i b\u00e5da h\u00e4nderna samtidigt eller leka med en kompis. Dessutom finns det siffror vid varje punkt, s\u00e5 att barnet b\u00f6rjar memorera och l\u00e4ra sig siffror och deras ordning. Hela den fj\u00e4rde br\u00e4dan tr\u00e4nar minne, koncentration, visuell perception, sj\u00e4lvst\u00e4ndighet och tidsplanering. Det sista elementet \u00e4r svansen, som har tre olika 3D-labyrinter. F\u00f6rm\u00e5gan att manipulera block och p\u00e4rlor och styra dem genom f\u00e4rgglada metallstavar kommer att intressera alla sm\u00e5barn, som ocks\u00e5 kan \u00f6va sina handr\u00f6relser h\u00e4r. Br\u00e4det engagerar en hel grupp barn i lek, som l\u00e4r sig att fungera i grupp och kommunicera med sina kamrater. Br\u00e4det hj\u00e4lper till att \u00f6va:<\/p>\n<p>* &#8211; koncentration,<br \/>\n* &#8211; sj\u00e4lvst\u00e4ndighet,<br \/>\n* &#8211; tidsplanering,<br \/>\n* &#8211; minne,<br \/>\n* &#8211; logiskt t\u00e4nkande,<br \/>\n* &#8211; motorik i h\u00e4nder och fingrar.<\/p>\n<p>Flera barn kan anv\u00e4nda tavlan samtidigt, vilket g\u00f6r att de kan l\u00e4ra sig att fungera i en grupp och kommunicera med sina kamrater. Hela tavlan \u00e4r tillverkad av lackerat tr\u00e4, m\u00e5lad med barns\u00e4ker f\u00e4rg i livfulla f\u00e4rger som kommer att tillfredsst\u00e4lla alla anv\u00e4ndare och ge mycket gl\u00e4dje. F\u00f6rpackningens m\u00e5tt: 187 x 61 x 16,5 cm. Viga \u00e4r ett varum\u00e4rke som registrerades 2003 men som redan finns i \u00f6ver 60 l\u00e4nder runt om i v\u00e4rlden. Deras innovativa id\u00e9er har f\u00e5tt erk\u00e4nnande i bland annat Europa, USA, Australien och Japan. F\u00f6retagets grundare uppm\u00e4rksammade forskningsresultat som pekade p\u00e5 ett samband mellan lek och l\u00e4rande under de f\u00f6rsta \u00e5ren av barns utveckling. F\u00f6r att hj\u00e4lpa f\u00f6r\u00e4ldrar och utbildningsinstitutioner att uppfostra barn och r\u00e4dda dem fr\u00e5n den virtuella v\u00e4rlden, som kan f\u00f6rvr\u00e4nga verkligheten kraftigt, erbjuder tillverkaren ett innovativt sortiment av produkter tillverkade av naturmaterial som erh\u00e5llits genom milj\u00f6v\u00e4nliga produktionsprocesser. S\u00e4kerheten och kvaliteten p\u00e5 tr\u00e4produkter \u00e4r en prioritet f\u00f6r Vigi, och tillverkaren har s\u00e4kerst\u00e4llt att f\u00e4rgerna som anv\u00e4nds f\u00f6r att m\u00e5la leksakerna uppfyller s\u00e4kerhetsstandarderna EN71 och ASTM.<\/p>\n","protected":false},"excerpt":{"rendered":"<p>Viga Krokodil Sensorisk manipulerbar pedagogisk tavla \u00e4r perfekt f\u00f6r anv\u00e4ndning hemma, p\u00e5 dagis eller i lekrummet.Det f\u00f6rsta elementet \u00e4r krokodilens huvud. H\u00e4r hittar ditt barn labyrinter genom vilka det kan styra elementen och \u00f6va p\u00e5 motoriken i h\u00e4nder och fingrar. Dessutom finns det kugghjul som s\u00e4tter krokodilens \u00f6gon i r\u00f6relse! Hjulen kan flyttas fritt f\u00f6r [&hellip;]<\/p>\n","protected":false},"featured_media":0,"comment_status":"open","ping_status":"closed","template":"","meta":[],"product_brand":[],"product_cat":[33],"product_tag":[],"class_list":{"0":"post-17804","1":"product","2":"type-product","3":"status-publish","5":"product_cat-okategoriserad","7":"first","8":"instock","9":"shipping-taxable","10":"purchasable","11":"product-type-simple"},"_links":{"self":[{"href":"https:\/\/nordicmart.andreevmaster.com\/sv\/wp-json\/wp\/v2\/product\/17804","targetHints":{"allow":["GET"]}}],"collection":[{"href":"https:\/\/nordicmart.andreevmaster.com\/sv\/wp-json\/wp\/v2\/product"}],"about":[{"href":"https:\/\/nordicmart.andreevmaster.com\/sv\/wp-json\/wp\/v2\/types\/product"}],"replies":[{"embeddable":true,"href":"https:\/\/nordicmart.andreevmaster.com\/sv\/wp-json\/wp\/v2\/comments?post=17804"}],"wp:attachment":[{"href":"https:\/\/nordicmart.andreevmaster.com\/sv\/wp-json\/wp\/v2\/media?parent=17804"}],"wp:term":[{"taxonomy":"product_brand","embeddable":true,"href":"https:\/\/nordicmart.andreevmaster.com\/sv\/wp-json\/wp\/v2\/product_brand?post=17804"},{"taxonomy":"product_cat","embeddable":true,"href":"https:\/\/nordicmart.andreevmaster.com\/sv\/wp-json\/wp\/v2\/product_cat?post=17804"},{"taxonomy":"product_tag","embeddable":true,"href":"https:\/\/nordicmart.andreevmaster.com\/sv\/wp-json\/wp\/v2\/product_tag?post=17804"}],"curies":[{"name":"wp","href":"https:\/\/api.w.org\/{rel}","templated":true}]}}