{"id":17803,"date":"2026-02-27T00:36:43","date_gmt":"2026-02-27T00:36:43","guid":{"rendered":"https:\/\/nordicmart.andreevmaster.com\/product\/step2-little-explorer-table-water-table-sandbox-2\/"},"modified":"2026-02-27T08:25:58","modified_gmt":"2026-02-27T08:25:58","slug":"step2-little-explorer-table-water-table-sandbox-2","status":"publish","type":"product","link":"https:\/\/nordicmart.andreevmaster.com\/sv\/produkt\/step2-little-explorer-table-water-table-sandbox-2\/","title":{"rendered":"STEP2 Little Explorer Table Water Table Sandbox"},"content":{"rendered":"<p>Little Explorer bordssandl\u00e5da fr\u00e5n STEP2 Detta barnbord \u00e4r tillr\u00e4ckligt stort f\u00f6r att alla ska kunna leka tillsammans, vilket fr\u00e4mjar sociala f\u00e4rdigheter och l\u00e4r dem att dela med sig. Att h\u00e4lla vatten i bordet \u00f6kar n\u00f6jet och skapar en interaktiv milj\u00f6 f\u00f6r l\u00e4rande och lek.<br \/>\nFunktioner:<br \/>\n* &#8211; leksak avsedd f\u00f6r barn fr\u00e5n 2 \u00e5r,<br \/>\n* &#8211; bordet \u00e4r tillr\u00e4ckligt stort f\u00f6r att flera barn ska kunna leka tillsammans<br \/>\n* &#8211; genom att h\u00e4lla vatten i bordet blir leken roligare och det skapas en interaktiv milj\u00f6 f\u00f6r l\u00e4rande och lek<br \/>\n* &#8211; bordet \u00e4r utrustat med olika element, fr\u00e5n spakar till katapulter och blocksystem, som garanterar m\u00e5ngsidigt lekande<br \/>\n* &#8211; medan de leker har sm\u00e5barn m\u00f6jlighet att l\u00e4ra sig tidiga begrepp inom fysik, s\u00e5som r\u00f6relse, kraft, orsak och verkan och mycket mer<br \/>\n* &#8211; bordet hj\u00e4lper barn att utveckla viktiga f\u00e4rdigheter s\u00e5som sociala och motoriska f\u00e4rdigheter<\/p>\n","protected":false},"excerpt":{"rendered":"<p>Little Explorer bordssandl\u00e5da fr\u00e5n STEP2 Detta barnbord \u00e4r tillr\u00e4ckligt stort f\u00f6r att alla ska kunna leka tillsammans, vilket fr\u00e4mjar sociala f\u00e4rdigheter och l\u00e4r dem att dela med sig. Att h\u00e4lla vatten i bordet \u00f6kar n\u00f6jet och skapar en interaktiv milj\u00f6 f\u00f6r l\u00e4rande och lek. Funktioner: * &#8211; leksak avsedd f\u00f6r barn fr\u00e5n 2 \u00e5r, * [&hellip;]<\/p>\n","protected":false},"featured_media":0,"comment_status":"open","ping_status":"closed","template":"","meta":[],"product_brand":[],"product_cat":[33],"product_tag":[],"class_list":{"0":"post-17803","1":"product","2":"type-product","3":"status-publish","5":"product_cat-okategoriserad","7":"first","8":"instock","9":"shipping-taxable","10":"purchasable","11":"product-type-simple"},"_links":{"self":[{"href":"https:\/\/nordicmart.andreevmaster.com\/sv\/wp-json\/wp\/v2\/product\/17803","targetHints":{"allow":["GET"]}}],"collection":[{"href":"https:\/\/nordicmart.andreevmaster.com\/sv\/wp-json\/wp\/v2\/product"}],"about":[{"href":"https:\/\/nordicmart.andreevmaster.com\/sv\/wp-json\/wp\/v2\/types\/product"}],"replies":[{"embeddable":true,"href":"https:\/\/nordicmart.andreevmaster.com\/sv\/wp-json\/wp\/v2\/comments?post=17803"}],"wp:attachment":[{"href":"https:\/\/nordicmart.andreevmaster.com\/sv\/wp-json\/wp\/v2\/media?parent=17803"}],"wp:term":[{"taxonomy":"product_brand","embeddable":true,"href":"https:\/\/nordicmart.andreevmaster.com\/sv\/wp-json\/wp\/v2\/product_brand?post=17803"},{"taxonomy":"product_cat","embeddable":true,"href":"https:\/\/nordicmart.andreevmaster.com\/sv\/wp-json\/wp\/v2\/product_cat?post=17803"},{"taxonomy":"product_tag","embeddable":true,"href":"https:\/\/nordicmart.andreevmaster.com\/sv\/wp-json\/wp\/v2\/product_tag?post=17803"}],"curies":[{"name":"wp","href":"https:\/\/api.w.org\/{rel}","templated":true}]}}