{"id":17802,"date":"2026-02-27T00:36:42","date_gmt":"2026-02-27T00:36:42","guid":{"rendered":"https:\/\/nordicmart.andreevmaster.com\/product\/woopie-baby-aktivt-bord-pedagogiskt-bord\/"},"modified":"2026-02-27T08:25:57","modified_gmt":"2026-02-27T08:25:57","slug":"woopie-baby-aktivt-bord-pedagogiskt-bord","status":"publish","type":"product","link":"https:\/\/nordicmart.andreevmaster.com\/sv\/produkt\/woopie-baby-aktivt-bord-pedagogiskt-bord\/","title":{"rendered":"WOOPIE BABY Aktivt bord Pedagogiskt bord"},"content":{"rendered":"<p>Det pedagogiska bordet Active Table fr\u00e5n WOOPIE \u00e4r ett roligt och pedagogiskt bord f\u00f6r sm\u00e5barn som ger dem timmar av kreativt lekande. Barnen kan leka med f\u00e4rgglada bollar och se dem rulla nerf\u00f6r banan. De kan ocks\u00e5 trycka p\u00e5 olika knappar som aktiverar ljud och ljus och uppt\u00e4cka nya former, f\u00e4rger och djur. Bordet har ocks\u00e5 sensoriska leksaker som en skallra, spegel och bitring som stimulerar barnets sinnen. Active Table \u00e4r den perfekta presenten f\u00f6r barn som gillar att l\u00e4ra sig genom lek. <\/p>\n<p>Egenskaper: <\/p>\n<p>* &#8211; leksak f\u00f6r barn fr\u00e5n 18 m\u00e5nader,<br \/>\n* &#8211; leksaken inneh\u00e5ller ett tukanformat piano som kan tas bort och anv\u00e4ndas som en separat leksak,<br \/>\n* &#8211; bolltorn, s\u00e5 att barnet kan se bollarna falla fr\u00e5n ovan,* &#8211; avtagbar bollkorg,<br \/>\n* &#8211; tack vare att benen enkelt kan tas bort kan bordet ocks\u00e5 anv\u00e4ndas som en pedagogisk tavla,<br \/>\n* &#8211; solid och stabil konstruktion,<br \/>\n* &#8211; kr\u00e4ver batterier: 2 x AA (batterier ing\u00e5r ej).<\/p>\n<p>Leksaken utvecklar:<\/p>\n<p>* &#8211; utvecklar psykomotoriska f\u00e4rdigheter,<br \/>\n* &#8211; hj\u00e4lper barnet att utveckla sinnena p\u00e5 r\u00e4tt s\u00e4tt,<br \/>\n* &#8211; stimulerar nyfikenheten,<br \/>\n* &#8211; hj\u00e4lper till att utveckla hand-\u00f6ga-koordinationen.<\/p>\n","protected":false},"excerpt":{"rendered":"<p>Det pedagogiska bordet Active Table fr\u00e5n WOOPIE \u00e4r ett roligt och pedagogiskt bord f\u00f6r sm\u00e5barn som ger dem timmar av kreativt lekande. Barnen kan leka med f\u00e4rgglada bollar och se dem rulla nerf\u00f6r banan. De kan ocks\u00e5 trycka p\u00e5 olika knappar som aktiverar ljud och ljus och uppt\u00e4cka nya former, f\u00e4rger och djur. Bordet har [&hellip;]<\/p>\n","protected":false},"featured_media":0,"comment_status":"open","ping_status":"closed","template":"","meta":[],"product_brand":[],"product_cat":[33],"product_tag":[],"class_list":{"0":"post-17802","1":"product","2":"type-product","3":"status-publish","5":"product_cat-okategoriserad","7":"first","8":"instock","9":"shipping-taxable","10":"purchasable","11":"product-type-simple"},"_links":{"self":[{"href":"https:\/\/nordicmart.andreevmaster.com\/sv\/wp-json\/wp\/v2\/product\/17802","targetHints":{"allow":["GET"]}}],"collection":[{"href":"https:\/\/nordicmart.andreevmaster.com\/sv\/wp-json\/wp\/v2\/product"}],"about":[{"href":"https:\/\/nordicmart.andreevmaster.com\/sv\/wp-json\/wp\/v2\/types\/product"}],"replies":[{"embeddable":true,"href":"https:\/\/nordicmart.andreevmaster.com\/sv\/wp-json\/wp\/v2\/comments?post=17802"}],"wp:attachment":[{"href":"https:\/\/nordicmart.andreevmaster.com\/sv\/wp-json\/wp\/v2\/media?parent=17802"}],"wp:term":[{"taxonomy":"product_brand","embeddable":true,"href":"https:\/\/nordicmart.andreevmaster.com\/sv\/wp-json\/wp\/v2\/product_brand?post=17802"},{"taxonomy":"product_cat","embeddable":true,"href":"https:\/\/nordicmart.andreevmaster.com\/sv\/wp-json\/wp\/v2\/product_cat?post=17802"},{"taxonomy":"product_tag","embeddable":true,"href":"https:\/\/nordicmart.andreevmaster.com\/sv\/wp-json\/wp\/v2\/product_tag?post=17802"}],"curies":[{"name":"wp","href":"https:\/\/api.w.org\/{rel}","templated":true}]}}