{"id":17801,"date":"2026-02-27T00:36:42","date_gmt":"2026-02-27T00:36:42","guid":{"rendered":"https:\/\/nordicmart.andreevmaster.com\/product\/woopie-baby-5-i-1-multifunktionell-gastol-rosa-1\/"},"modified":"2026-02-27T08:25:57","modified_gmt":"2026-02-27T08:25:57","slug":"woopie-baby-5-i-1-multifunktionell-gastol-rosa-1","status":"publish","type":"product","link":"https:\/\/nordicmart.andreevmaster.com\/sv\/produkt\/woopie-baby-5-i-1-multifunktionell-gastol-rosa-1\/","title":{"rendered":"WOOPIE BABY 5-i-1 multifunktionell g\u00e5stol rosa 1+"},"content":{"rendered":"<p>Den multifunktionella g\u00e5stolen 5-i-1 fr\u00e5n WOOPIE \u00e4r en leksak som v\u00e4xer med ditt barn, ger dem gl\u00e4dje och h\u00e5ller dem sysselsatta under l\u00e5ng tid medan de v\u00e4xer upp. Leksaken uppmuntrar barnet att ta sina f\u00f6rsta steg och erbjuder m\u00e5nga andra m\u00f6jligheter till lek och l\u00e4rande. Egenskaper:<\/p>\n<p>* &#8211; leksak f\u00f6r barn fr\u00e5n 1 \u00e5r<br \/>\n* &#8211; setet inneh\u00e5ller en g\u00e5stol med pedagogisk panel, 3 bollar, ett s\u00e4te, ett handtag f\u00f6r f\u00f6r\u00e4ldrar och en gungbr\u00e4da<br \/>\n* &#8211; leksakens funktioner kan \u00e4ndras beroende p\u00e5 barnets \u00e5lder och behov<br \/>\n* &#8211; leksaken kr\u00e4ver batterier \u2013 ing\u00e5r inte i setet<\/p>\n<p>Setet inneh\u00e5ller:<\/p>\n<p>* &#8211; g\u00e5stol med handtag och hastighetskontroll i bakhjulen<br \/>\n* &#8211; pedagogisk panel med piano, basketboll, kugghjul, r\u00e4knep\u00e4rlor och andra attraktioner<br \/>\n* &#8211; 3 bollar att kasta och studsa med<br \/>\n* &#8211; Sits som kan f\u00e4stas p\u00e5 g\u00e5stolen och f\u00f6rvandla den till en \u00e5kleksak<br \/>\n* &#8211; Handtag f\u00f6r f\u00f6r\u00e4ldrar att skjuta \u00e5kleksaken med<br \/>\n* &#8211; Gungbr\u00e4da som kan f\u00e4stas p\u00e5 g\u00e5stolen och f\u00f6rvandla den till en gunga<br \/>\n* &#8211; Instruktioner (p\u00e5 polska)<br \/>\n* &#8211; Leksaken kr\u00e4ver batterier &#8211; 3x AA 1,5 V (ing\u00e5r ej)<\/p>\n<p>Leksaken utvecklar:<\/p>\n<p>* &#8211; sj\u00e4lvst\u00e4ndig g\u00e5ng<br \/>\n* &#8211; motorisk koordination<br \/>\n* &#8211; r\u00e4kne- och l\u00e4skunskaper<br \/>\n* &#8211; h\u00f6rsel och syn<br \/>\n* &#8211; kreativitet och lek<br \/>\n* &#8211; imitation och samarbete<\/p>\n","protected":false},"excerpt":{"rendered":"<p>Den multifunktionella g\u00e5stolen 5-i-1 fr\u00e5n WOOPIE \u00e4r en leksak som v\u00e4xer med ditt barn, ger dem gl\u00e4dje och h\u00e5ller dem sysselsatta under l\u00e5ng tid medan de v\u00e4xer upp. Leksaken uppmuntrar barnet att ta sina f\u00f6rsta steg och erbjuder m\u00e5nga andra m\u00f6jligheter till lek och l\u00e4rande. Egenskaper: * &#8211; leksak f\u00f6r barn fr\u00e5n 1 \u00e5r * [&hellip;]<\/p>\n","protected":false},"featured_media":0,"comment_status":"open","ping_status":"closed","template":"","meta":[],"product_brand":[],"product_cat":[33],"product_tag":[],"class_list":{"0":"post-17801","1":"product","2":"type-product","3":"status-publish","5":"product_cat-okategoriserad","7":"first","8":"instock","9":"shipping-taxable","10":"purchasable","11":"product-type-simple"},"_links":{"self":[{"href":"https:\/\/nordicmart.andreevmaster.com\/sv\/wp-json\/wp\/v2\/product\/17801","targetHints":{"allow":["GET"]}}],"collection":[{"href":"https:\/\/nordicmart.andreevmaster.com\/sv\/wp-json\/wp\/v2\/product"}],"about":[{"href":"https:\/\/nordicmart.andreevmaster.com\/sv\/wp-json\/wp\/v2\/types\/product"}],"replies":[{"embeddable":true,"href":"https:\/\/nordicmart.andreevmaster.com\/sv\/wp-json\/wp\/v2\/comments?post=17801"}],"wp:attachment":[{"href":"https:\/\/nordicmart.andreevmaster.com\/sv\/wp-json\/wp\/v2\/media?parent=17801"}],"wp:term":[{"taxonomy":"product_brand","embeddable":true,"href":"https:\/\/nordicmart.andreevmaster.com\/sv\/wp-json\/wp\/v2\/product_brand?post=17801"},{"taxonomy":"product_cat","embeddable":true,"href":"https:\/\/nordicmart.andreevmaster.com\/sv\/wp-json\/wp\/v2\/product_cat?post=17801"},{"taxonomy":"product_tag","embeddable":true,"href":"https:\/\/nordicmart.andreevmaster.com\/sv\/wp-json\/wp\/v2\/product_tag?post=17801"}],"curies":[{"name":"wp","href":"https:\/\/api.w.org\/{rel}","templated":true}]}}